{"id":1188,"date":"2026-01-02T16:31:25","date_gmt":"2026-01-02T16:31:25","guid":{"rendered":"https:\/\/asiatikavienna.com\/?page_id=1188"},"modified":"2026-03-03T16:02:32","modified_gmt":"2026-03-03T16:02:32","slug":"teekannen","status":"publish","type":"page","link":"https:\/\/asiatikavienna.com\/en\/teekannen\/","title":{"rendered":"Teekannen"},"content":{"rendered":"<div data-elementor-type=\"wp-page\" data-elementor-id=\"1188\" class=\"elementor elementor-1188\" data-elementor-post-type=\"page\">\n\t\t\t\t<div class=\"elementor-element elementor-element-4a31e7e e-flex e-con-boxed e-con e-parent\" data-id=\"4a31e7e\" data-element_type=\"container\" data-e-type=\"container\">\n\t\t\t\t\t<div class=\"e-con-inner\">\n\t\t<div class=\"elementor-element elementor-element-0cc0b46 e-con-full e-flex e-con e-child\" data-id=\"0cc0b46\" data-element_type=\"container\" data-e-type=\"container\">\n\t\t<div class=\"elementor-element elementor-element-2d29746 e-con-full e-flex e-con e-child\" data-id=\"2d29746\" data-element_type=\"container\" data-e-type=\"container\">\n\t\t\t\t<div class=\"elementor-element elementor-element-7f67c2b elementor-widget elementor-widget-heading\" data-id=\"7f67c2b\" data-element_type=\"widget\" data-e-type=\"widget\" data-widget_type=\"heading.default\">\n\t\t\t\t<div class=\"elementor-widget-container\">\n\t\t\t\t\t<h4 class=\"elementor-heading-title elementor-size-default\">CHINA<\/h4>\t\t\t\t<\/div>\n\t\t\t\t<\/div>\n\t\t\t\t<\/div>\n\t\t\t\t<\/div>\n\t\t\t\t\t<\/div>\n\t\t\t\t<\/div>\n\t\t<div class=\"elementor-element elementor-element-14d24f4 e-flex e-con-boxed e-con e-parent\" data-id=\"14d24f4\" data-element_type=\"container\" data-e-type=\"container\">\n\t\t\t\t\t<div class=\"e-con-inner\">\n\t\t<div class=\"elementor-element elementor-element-b82ba38 e-con-full e-flex e-con e-child\" data-id=\"b82ba38\" data-element_type=\"container\" data-e-type=\"container\">\n\t\t\t\t<div class=\"elementor-element elementor-element-70661e8 elementor-widget elementor-widget-image\" data-id=\"70661e8\" data-element_type=\"widget\" data-e-type=\"widget\" data-widget_type=\"image.default\">\n\t\t\t\t<div class=\"elementor-widget-container\">\n\t\t\t\t\t\t\t\t\t\t\t\t<figure class=\"wp-caption\">\n\t\t\t\t\t\t\t\t\t\t<img fetchpriority=\"high\" decoding=\"async\" width=\"535\" height=\"401\" src=\"https:\/\/asiatikavienna.com\/wp-content\/uploads\/2026\/01\/image-51.jpeg\" class=\"attachment-large size-large wp-image-1403\" alt=\"\" srcset=\"https:\/\/asiatikavienna.com\/wp-content\/uploads\/2026\/01\/image-51.jpeg 535w, https:\/\/asiatikavienna.com\/wp-content\/uploads\/2026\/01\/image-51-300x225.jpeg 300w\" sizes=\"(max-width: 535px) 100vw, 535px\" \/>\t\t\t\t\t\t\t\t\t\t\t<figcaption class=\"widget-image-caption wp-caption-text\">Kanne-001<\/figcaption>\n\t\t\t\t\t\t\t\t\t\t<\/figure>\n\t\t\t\t\t\t\t\t\t<\/div>\n\t\t\t\t<\/div>\n\t\t\t\t<\/div>\n\t\t<div class=\"elementor-element elementor-element-a54291a e-con-full e-flex e-con e-child\" data-id=\"a54291a\" data-element_type=\"container\" data-e-type=\"container\">\n\t\t<div class=\"elementor-element elementor-element-f105427 e-con-full e-flex e-con e-child\" data-id=\"f105427\" data-element_type=\"container\" data-e-type=\"container\">\n\t\t\t\t<div class=\"elementor-element elementor-element-a5efb54 elementor-widget elementor-widget-heading\" data-id=\"a5efb54\" data-element_type=\"widget\" data-e-type=\"widget\" data-widget_type=\"heading.default\">\n\t\t\t\t<div class=\"elementor-widget-container\">\n\t\t\t\t\t<h3 class=\"elementor-heading-title elementor-size-default\">Provincial Water Vessel\n<\/h3>\t\t\t\t<\/div>\n\t\t\t\t<\/div>\n\t\t\t\t<\/div>\n\t\t<div class=\"elementor-element elementor-element-876dd52 e-con-full e-flex e-con e-child\" data-id=\"876dd52\" data-element_type=\"container\" data-e-type=\"container\">\n\t\t\t\t<div class=\"elementor-element elementor-element-fae7df2 elementor-widget elementor-widget-text-editor\" data-id=\"fae7df2\" data-element_type=\"widget\" data-e-type=\"widget\" data-widget_type=\"text-editor.default\">\n\t\t\t\t<div class=\"elementor-widget-container\">\n\t\t\t\t\t\t\t\t\t<div dir=\"ltr\">China, Qing-Dynastie.<\/div><div dir=\"ltr\">\u00a0<\/div><div dir=\"ltr\">Terracotta with a monochrome dark green glaze<\/div><div dir=\"ltr\">In the form of a hexagonal wooden tub with carrying handles and a short spout,<\/div><div dir=\"ltr\">filling neck with lid,<\/div><div dir=\"ltr\">\u00a0<\/div><div dir=\"ltr\">H: 20,5 cm, B: 19 cm, T: ca. 20 cm<\/div><div dir=\"ltr\">\u00a0<\/div><p><strong>Preis: <\/strong>140\u20ac<\/p>\t\t\t\t\t\t\t\t<\/div>\n\t\t\t\t<\/div>\n\t\t\t\t<div class=\"elementor-element elementor-element-9883238 elementor-widget elementor-widget-button\" data-id=\"9883238\" data-element_type=\"widget\" data-e-type=\"widget\" data-widget_type=\"button.default\">\n\t\t\t\t<div class=\"elementor-widget-container\">\n\t\t\t\t\t\t\t\t\t<div class=\"elementor-button-wrapper\">\n\t\t\t\t\t<a class=\"elementor-button elementor-button-link elementor-size-sm\" href=\"https:\/\/asiatikavienna.com\/en\/kontakt\/?produkt=Kanne-001\">\n\t\t\t\t\t\t<span class=\"elementor-button-content-wrapper\">\n\t\t\t\t\t\t\t\t\t<span class=\"elementor-button-text\">Contact<\/span>\n\t\t\t\t\t<\/span>\n\t\t\t\t\t<\/a>\n\t\t\t\t<\/div>\n\t\t\t\t\t\t\t\t<\/div>\n\t\t\t\t<\/div>\n\t\t\t\t<\/div>\n\t\t\t\t<\/div>\n\t\t\t\t\t<\/div>\n\t\t\t\t<\/div>\n\t\t<div class=\"elementor-element elementor-element-704fed19 e-flex e-con-boxed e-con e-parent\" data-id=\"704fed19\" data-element_type=\"container\" data-e-type=\"container\">\n\t\t\t\t\t<div class=\"e-con-inner\">\n\t\t<div class=\"elementor-element elementor-element-dae3242 e-con-full e-flex e-con e-child\" data-id=\"dae3242\" data-element_type=\"container\" data-e-type=\"container\">\n\t\t<div class=\"elementor-element elementor-element-41540938 e-con-full e-flex e-con e-child\" data-id=\"41540938\" data-element_type=\"container\" data-e-type=\"container\">\n\t\t\t\t<div class=\"elementor-element elementor-element-6e697de9 elementor-widget elementor-widget-heading\" data-id=\"6e697de9\" data-element_type=\"widget\" data-e-type=\"widget\" data-widget_type=\"heading.default\">\n\t\t\t\t<div class=\"elementor-widget-container\">\n\t\t\t\t\t<h4 class=\"elementor-heading-title elementor-size-default\">TIBET<\/h4>\t\t\t\t<\/div>\n\t\t\t\t<\/div>\n\t\t\t\t<\/div>\n\t\t\t\t<\/div>\n\t\t\t\t\t<\/div>\n\t\t\t\t<\/div>\n\t\t<div class=\"elementor-element elementor-element-fe2466d e-flex e-con-boxed e-con e-parent\" data-id=\"fe2466d\" data-element_type=\"container\" data-e-type=\"container\">\n\t\t\t\t\t<div class=\"e-con-inner\">\n\t\t<div class=\"elementor-element elementor-element-efddcab e-con-full e-flex e-con e-child\" data-id=\"efddcab\" data-element_type=\"container\" data-e-type=\"container\">\n\t\t\t\t<div class=\"elementor-element elementor-element-25073d5 elementor-widget elementor-widget-image\" data-id=\"25073d5\" data-element_type=\"widget\" data-e-type=\"widget\" data-widget_type=\"image.default\">\n\t\t\t\t<div class=\"elementor-widget-container\">\n\t\t\t\t\t\t\t\t\t\t\t\t<figure class=\"wp-caption\">\n\t\t\t\t\t\t\t\t\t\t<img decoding=\"async\" width=\"535\" height=\"401\" src=\"https:\/\/asiatikavienna.com\/wp-content\/uploads\/2026\/01\/image.jpeg\" class=\"attachment-large size-large wp-image-1214\" alt=\"\" srcset=\"https:\/\/asiatikavienna.com\/wp-content\/uploads\/2026\/01\/image.jpeg 535w, https:\/\/asiatikavienna.com\/wp-content\/uploads\/2026\/01\/image-300x225.jpeg 300w\" sizes=\"(max-width: 535px) 100vw, 535px\" \/>\t\t\t\t\t\t\t\t\t\t\t<figcaption class=\"widget-image-caption wp-caption-text\">Kanne-002<\/figcaption>\n\t\t\t\t\t\t\t\t\t\t<\/figure>\n\t\t\t\t\t\t\t\t\t<\/div>\n\t\t\t\t<\/div>\n\t\t\t\t<\/div>\n\t\t<div class=\"elementor-element elementor-element-26e74f9 e-con-full e-flex e-con e-child\" data-id=\"26e74f9\" data-element_type=\"container\" data-e-type=\"container\">\n\t\t<div class=\"elementor-element elementor-element-02bffa0 e-con-full e-flex e-con e-child\" data-id=\"02bffa0\" data-element_type=\"container\" data-e-type=\"container\">\n\t\t\t\t<div class=\"elementor-element elementor-element-9f87767 elementor-widget elementor-widget-heading\" data-id=\"9f87767\" data-element_type=\"widget\" data-e-type=\"widget\" data-widget_type=\"heading.default\">\n\t\t\t\t<div class=\"elementor-widget-container\">\n\t\t\t\t\t<h3 class=\"elementor-heading-title elementor-size-default\">Teekanne<\/h3>\t\t\t\t<\/div>\n\t\t\t\t<\/div>\n\t\t\t\t<\/div>\n\t\t<div class=\"elementor-element elementor-element-66a1126 e-con-full e-flex e-con e-child\" data-id=\"66a1126\" data-element_type=\"container\" data-e-type=\"container\">\n\t\t\t\t<div class=\"elementor-element elementor-element-10356ed elementor-widget elementor-widget-text-editor\" data-id=\"10356ed\" data-element_type=\"widget\" data-e-type=\"widget\" data-widget_type=\"text-editor.default\">\n\t\t\t\t<div class=\"elementor-widget-container\">\n\t\t\t\t\t\t\t\t\t<div dir=\"ltr\">Tibet, 19.Jh..<\/div><div dir=\"ltr\">\u00a0<\/div><div dir=\"ltr\">Copper, rounded form, the body decorated on both sides<\/div><div dir=\"ltr\">with applied garuda figures on both sides, the shoulder and base area with relief decoration<\/div><div dir=\"ltr\">floral motifs in relief; the handle formed as a fully sculpted mythical creature; the spout<\/div><div dir=\"ltr\">formed as the head of a horned mythical creature; fitted lid with a finial in the form of<\/div><div dir=\"ltr\">the form of a flower bud, connected to the handle with a small chain<\/div><div dir=\"ltr\">\u00a0<\/div><div dir=\"ltr\">H: 18 cm, B: 22 cm<\/div><div dir=\"ltr\">\u00a0<\/div><p><strong>Preis: <\/strong>220 \u20ac<\/p>\t\t\t\t\t\t\t\t<\/div>\n\t\t\t\t<\/div>\n\t\t\t\t<div class=\"elementor-element elementor-element-94c2d8a elementor-widget elementor-widget-button\" data-id=\"94c2d8a\" data-element_type=\"widget\" data-e-type=\"widget\" data-widget_type=\"button.default\">\n\t\t\t\t<div class=\"elementor-widget-container\">\n\t\t\t\t\t\t\t\t\t<div class=\"elementor-button-wrapper\">\n\t\t\t\t\t<a class=\"elementor-button elementor-button-link elementor-size-sm\" href=\"https:\/\/asiatikavienna.com\/en\/kontakt\/?produkt=Kanne-002\">\n\t\t\t\t\t\t<span class=\"elementor-button-content-wrapper\">\n\t\t\t\t\t\t\t\t\t<span class=\"elementor-button-text\">Contact<\/span>\n\t\t\t\t\t<\/span>\n\t\t\t\t\t<\/a>\n\t\t\t\t<\/div>\n\t\t\t\t\t\t\t\t<\/div>\n\t\t\t\t<\/div>\n\t\t\t\t<\/div>\n\t\t\t\t<\/div>\n\t\t\t\t\t<\/div>\n\t\t\t\t<\/div>\n\t\t\t\t<\/div>","protected":false},"excerpt":{"rendered":"<p>CHINA Kanne-001 Provinzielles Wassergef\u00e4\u00df China, Qing-Dynastie.\u00a0Terrakotta mit monochromer dunkelgr\u00fcner Glasur inForm eines 6-eckigen Holzk\u00fcbels mit Tragegriffen und kurzem Ausgu\u00df,F\u00fcllstutzen mit Deckel,\u00a0H: 20,5 cm, B: 19 cm, T: ca. 20 cm\u00a0 Preis: 140\u20ac Contact TIBET Kanne-002 Teekanne Tibet, 19.Jh..\u00a0Kupfer, runde Form, die Wandung mit beidseitigaufgesetzten Garudas, Schulter und Sockelbereich mit reliefiertenFloralmotiven, Griff als vollplastisches Fabeltier ausgebildet, [&hellip;]<\/p>\n","protected":false},"author":1,"featured_media":0,"parent":0,"menu_order":0,"comment_status":"closed","ping_status":"closed","template":"","meta":{"footnotes":""},"class_list":["post-1188","page","type-page","status-publish","hentry"],"blocksy_meta":[],"aioseo_notices":[],"jetpack_sharing_enabled":true,"_links":{"self":[{"href":"https:\/\/asiatikavienna.com\/en\/wp-json\/wp\/v2\/pages\/1188","targetHints":{"allow":["GET"]}}],"collection":[{"href":"https:\/\/asiatikavienna.com\/en\/wp-json\/wp\/v2\/pages"}],"about":[{"href":"https:\/\/asiatikavienna.com\/en\/wp-json\/wp\/v2\/types\/page"}],"author":[{"embeddable":true,"href":"https:\/\/asiatikavienna.com\/en\/wp-json\/wp\/v2\/users\/1"}],"replies":[{"embeddable":true,"href":"https:\/\/asiatikavienna.com\/en\/wp-json\/wp\/v2\/comments?post=1188"}],"version-history":[{"count":37,"href":"https:\/\/asiatikavienna.com\/en\/wp-json\/wp\/v2\/pages\/1188\/revisions"}],"predecessor-version":[{"id":6450,"href":"https:\/\/asiatikavienna.com\/en\/wp-json\/wp\/v2\/pages\/1188\/revisions\/6450"}],"wp:attachment":[{"href":"https:\/\/asiatikavienna.com\/en\/wp-json\/wp\/v2\/media?parent=1188"}],"curies":[{"name":"wp","href":"https:\/\/api.w.org\/{rel}","templated":true}]}}