{"id":1202,"date":"2026-01-02T16:21:58","date_gmt":"2026-01-02T16:21:58","guid":{"rendered":"https:\/\/asiatikavienna.com\/?page_id=1202"},"modified":"2026-03-03T16:01:31","modified_gmt":"2026-03-03T16:01:31","slug":"lampen","status":"publish","type":"page","link":"https:\/\/asiatikavienna.com\/en\/lampen\/","title":{"rendered":"Lamps"},"content":{"rendered":"<div data-elementor-type=\"wp-page\" data-elementor-id=\"1202\" class=\"elementor elementor-1202\" data-elementor-post-type=\"page\">\n\t\t\t\t<div class=\"elementor-element elementor-element-704fed19 e-flex e-con-boxed e-con e-parent\" data-id=\"704fed19\" data-element_type=\"container\" data-e-type=\"container\">\n\t\t\t\t\t<div class=\"e-con-inner\">\n\t\t<div class=\"elementor-element elementor-element-dae3242 e-con-full e-flex e-con e-child\" data-id=\"dae3242\" data-element_type=\"container\" data-e-type=\"container\">\n\t\t<div class=\"elementor-element elementor-element-41540938 e-con-full e-flex e-con e-child\" data-id=\"41540938\" data-element_type=\"container\" data-e-type=\"container\">\n\t\t\t\t<div class=\"elementor-element elementor-element-6e697de9 elementor-widget elementor-widget-heading\" data-id=\"6e697de9\" data-element_type=\"widget\" data-e-type=\"widget\" data-widget_type=\"heading.default\">\n\t\t\t\t<div class=\"elementor-widget-container\">\n\t\t\t\t\t<h4 class=\"elementor-heading-title elementor-size-default\">CHINA<\/h4>\t\t\t\t<\/div>\n\t\t\t\t<\/div>\n\t\t\t\t<\/div>\n\t\t\t\t<\/div>\n\t\t\t\t\t<\/div>\n\t\t\t\t<\/div>\n\t\t<div class=\"elementor-element elementor-element-8191ad2 e-flex e-con-boxed e-con e-parent\" data-id=\"8191ad2\" data-element_type=\"container\" data-e-type=\"container\">\n\t\t\t\t\t<div class=\"e-con-inner\">\n\t\t<div class=\"elementor-element elementor-element-bb5aa90 e-con-full e-flex e-con e-child\" data-id=\"bb5aa90\" data-element_type=\"container\" data-e-type=\"container\">\n\t\t\t\t<div class=\"elementor-element elementor-element-c68acce elementor-widget elementor-widget-image\" data-id=\"c68acce\" data-element_type=\"widget\" data-e-type=\"widget\" data-widget_type=\"image.default\">\n\t\t\t\t<div class=\"elementor-widget-container\">\n\t\t\t\t\t\t\t\t\t\t\t\t<figure class=\"wp-caption\">\n\t\t\t\t\t\t\t\t\t\t<img fetchpriority=\"high\" decoding=\"async\" width=\"535\" height=\"713\" src=\"https:\/\/asiatikavienna.com\/wp-content\/uploads\/2026\/01\/image-2.jpg\" class=\"attachment-large size-large wp-image-1107\" alt=\"\" srcset=\"https:\/\/asiatikavienna.com\/wp-content\/uploads\/2026\/01\/image-2.jpg 535w, https:\/\/asiatikavienna.com\/wp-content\/uploads\/2026\/01\/image-2-225x300.jpg 225w\" sizes=\"(max-width: 535px) 100vw, 535px\" \/>\t\t\t\t\t\t\t\t\t\t\t<figcaption class=\"widget-image-caption wp-caption-text\">Lampe-001<\/figcaption>\n\t\t\t\t\t\t\t\t\t\t<\/figure>\n\t\t\t\t\t\t\t\t\t<\/div>\n\t\t\t\t<\/div>\n\t\t\t\t<\/div>\n\t\t<div class=\"elementor-element elementor-element-7045e8d e-con-full e-flex e-con e-child\" data-id=\"7045e8d\" data-element_type=\"container\" data-e-type=\"container\">\n\t\t<div class=\"elementor-element elementor-element-9dfaf42 e-con-full e-flex e-con e-child\" data-id=\"9dfaf42\" data-element_type=\"container\" data-e-type=\"container\">\n\t\t\t\t<div class=\"elementor-element elementor-element-f0205c7 elementor-widget elementor-widget-heading\" data-id=\"f0205c7\" data-element_type=\"widget\" data-e-type=\"widget\" data-widget_type=\"heading.default\">\n\t\t\t\t<div class=\"elementor-widget-container\">\n\t\t\t\t\t<h3 class=\"elementor-heading-title elementor-size-default\">Qing Lampe<\/h3>\t\t\t\t<\/div>\n\t\t\t\t<\/div>\n\t\t\t\t<\/div>\n\t\t<div class=\"elementor-element elementor-element-64b1d25 e-con-full e-flex e-con e-child\" data-id=\"64b1d25\" data-element_type=\"container\" data-e-type=\"container\">\n\t\t\t\t<div class=\"elementor-element elementor-element-99de9c4 elementor-widget elementor-widget-text-editor\" data-id=\"99de9c4\" data-element_type=\"widget\" data-e-type=\"widget\" data-widget_type=\"text-editor.default\">\n\t\t\t\t<div class=\"elementor-widget-container\">\n\t\t\t\t\t\t\t\t\t<p>China, Qing-Dynastie.<\/p><p>Porcelain with underglaze decoration of peonies, baluster form, fitted with a waisted silk shade in a beautiful off-white tone.<\/p><p>Height: 55 cm; total height including shade: 101 cm<\/p><p><strong>Preis <\/strong>950\u20ac<\/p>\t\t\t\t\t\t\t\t<\/div>\n\t\t\t\t<\/div>\n\t\t\t\t<div class=\"elementor-element elementor-element-96c06bc elementor-widget elementor-widget-button\" data-id=\"96c06bc\" data-element_type=\"widget\" data-e-type=\"widget\" data-widget_type=\"button.default\">\n\t\t\t\t<div class=\"elementor-widget-container\">\n\t\t\t\t\t\t\t\t\t<div class=\"elementor-button-wrapper\">\n\t\t\t\t\t<a class=\"elementor-button elementor-button-link elementor-size-sm\" href=\"https:\/\/asiatikavienna.com\/en\/kontakt\/?produkt=Lampe-001\">\n\t\t\t\t\t\t<span class=\"elementor-button-content-wrapper\">\n\t\t\t\t\t\t\t\t\t<span class=\"elementor-button-text\">Contact<\/span>\n\t\t\t\t\t<\/span>\n\t\t\t\t\t<\/a>\n\t\t\t\t<\/div>\n\t\t\t\t\t\t\t\t<\/div>\n\t\t\t\t<\/div>\n\t\t\t\t<\/div>\n\t\t\t\t<\/div>\n\t\t\t\t\t<\/div>\n\t\t\t\t<\/div>\n\t\t<div class=\"elementor-element elementor-element-6faaa63 e-flex e-con-boxed e-con e-parent\" data-id=\"6faaa63\" data-element_type=\"container\" data-e-type=\"container\">\n\t\t\t\t\t<div class=\"e-con-inner\">\n\t\t<div class=\"elementor-element elementor-element-3f3bdef e-con-full e-flex e-con e-child\" data-id=\"3f3bdef\" data-element_type=\"container\" data-e-type=\"container\">\n\t\t\t\t<div class=\"elementor-element elementor-element-b44cae6 elementor-widget elementor-widget-image\" data-id=\"b44cae6\" data-element_type=\"widget\" data-e-type=\"widget\" data-widget_type=\"image.default\">\n\t\t\t\t<div class=\"elementor-widget-container\">\n\t\t\t\t\t\t\t\t\t\t\t\t<figure class=\"wp-caption\">\n\t\t\t\t\t\t\t\t\t\t<img decoding=\"async\" width=\"535\" height=\"764\" src=\"https:\/\/asiatikavienna.com\/wp-content\/uploads\/2026\/01\/image-44.jpeg\" class=\"attachment-large size-large wp-image-1374\" alt=\"\" srcset=\"https:\/\/asiatikavienna.com\/wp-content\/uploads\/2026\/01\/image-44.jpeg 535w, https:\/\/asiatikavienna.com\/wp-content\/uploads\/2026\/01\/image-44-210x300.jpeg 210w\" sizes=\"(max-width: 535px) 100vw, 535px\" \/>\t\t\t\t\t\t\t\t\t\t\t<figcaption class=\"widget-image-caption wp-caption-text\">Lampe-002<\/figcaption>\n\t\t\t\t\t\t\t\t\t\t<\/figure>\n\t\t\t\t\t\t\t\t\t<\/div>\n\t\t\t\t<\/div>\n\t\t\t\t<\/div>\n\t\t<div class=\"elementor-element elementor-element-f732789 e-con-full e-flex e-con e-child\" data-id=\"f732789\" data-element_type=\"container\" data-e-type=\"container\">\n\t\t<div class=\"elementor-element elementor-element-f5f0754 e-con-full e-flex e-con e-child\" data-id=\"f5f0754\" data-element_type=\"container\" data-e-type=\"container\">\n\t\t\t\t<div class=\"elementor-element elementor-element-88c94e8 elementor-widget elementor-widget-heading\" data-id=\"88c94e8\" data-element_type=\"widget\" data-e-type=\"widget\" data-widget_type=\"heading.default\">\n\t\t\t\t<div class=\"elementor-widget-container\">\n\t\t\t\t\t<h3 class=\"elementor-heading-title elementor-size-default\">Gro\u00dfe Standlaternen\n<\/h3>\t\t\t\t<\/div>\n\t\t\t\t<\/div>\n\t\t\t\t<\/div>\n\t\t<div class=\"elementor-element elementor-element-ae86b3d e-con-full e-flex e-con e-child\" data-id=\"ae86b3d\" data-element_type=\"container\" data-e-type=\"container\">\n\t\t\t\t<div class=\"elementor-element elementor-element-8004601 elementor-widget elementor-widget-text-editor\" data-id=\"8004601\" data-element_type=\"widget\" data-e-type=\"widget\" data-widget_type=\"text-editor.default\">\n\t\t\t\t<div class=\"elementor-widget-container\">\n\t\t\t\t\t\t\t\t\t<p>Republik China, um 1920-1930.<\/p><p>Dark hardwood column in a sturdy rectangular form; front with a drawer and openwork floral motifs surrounding a central round Shou longevity symbol; back panel with matching elaborate ornaments, all backed with light-colored silk; prepared for electrification, should be professionally checked before use.<\/p><p>H: 140,5 cm, B: 46 cm\u00a0<\/p><p data-start=\"77\" data-end=\"122\"><strong>Preis: <\/strong>700\u20ac<\/p>\t\t\t\t\t\t\t\t<\/div>\n\t\t\t\t<\/div>\n\t\t\t\t<div class=\"elementor-element elementor-element-e31a997 elementor-widget elementor-widget-button\" data-id=\"e31a997\" data-element_type=\"widget\" data-e-type=\"widget\" data-widget_type=\"button.default\">\n\t\t\t\t<div class=\"elementor-widget-container\">\n\t\t\t\t\t\t\t\t\t<div class=\"elementor-button-wrapper\">\n\t\t\t\t\t<a class=\"elementor-button elementor-button-link elementor-size-sm\" href=\"https:\/\/asiatikavienna.com\/en\/kontakt\/?produkt=Lampe-002\">\n\t\t\t\t\t\t<span class=\"elementor-button-content-wrapper\">\n\t\t\t\t\t\t\t\t\t<span class=\"elementor-button-text\">Contact<\/span>\n\t\t\t\t\t<\/span>\n\t\t\t\t\t<\/a>\n\t\t\t\t<\/div>\n\t\t\t\t\t\t\t\t<\/div>\n\t\t\t\t<\/div>\n\t\t\t\t<\/div>\n\t\t\t\t<\/div>\n\t\t\t\t\t<\/div>\n\t\t\t\t<\/div>\n\t\t<div class=\"elementor-element elementor-element-4a31e7e e-flex e-con-boxed e-con e-parent\" data-id=\"4a31e7e\" data-element_type=\"container\" data-e-type=\"container\">\n\t\t\t\t\t<div class=\"e-con-inner\">\n\t\t<div class=\"elementor-element elementor-element-0cc0b46 e-con-full e-flex e-con e-child\" data-id=\"0cc0b46\" data-element_type=\"container\" data-e-type=\"container\">\n\t\t<div class=\"elementor-element elementor-element-2d29746 e-con-full e-flex e-con e-child\" data-id=\"2d29746\" data-element_type=\"container\" data-e-type=\"container\">\n\t\t\t\t<div class=\"elementor-element elementor-element-7f67c2b elementor-widget elementor-widget-heading\" data-id=\"7f67c2b\" data-element_type=\"widget\" data-e-type=\"widget\" data-widget_type=\"heading.default\">\n\t\t\t\t<div class=\"elementor-widget-container\">\n\t\t\t\t\t<h4 class=\"elementor-heading-title elementor-size-default\">JAPAN<\/h4>\t\t\t\t<\/div>\n\t\t\t\t<\/div>\n\t\t\t\t<\/div>\n\t\t\t\t<\/div>\n\t\t\t\t\t<\/div>\n\t\t\t\t<\/div>\n\t\t<div class=\"elementor-element elementor-element-f43d123 e-flex e-con-boxed e-con e-parent\" data-id=\"f43d123\" data-element_type=\"container\" data-e-type=\"container\">\n\t\t\t\t\t<div class=\"e-con-inner\">\n\t\t<div class=\"elementor-element elementor-element-5d12862 e-con-full e-flex e-con e-child\" data-id=\"5d12862\" data-element_type=\"container\" data-e-type=\"container\">\n\t\t\t\t<div class=\"elementor-element elementor-element-8a449e4 elementor-widget elementor-widget-image\" data-id=\"8a449e4\" data-element_type=\"widget\" data-e-type=\"widget\" data-widget_type=\"image.default\">\n\t\t\t\t<div class=\"elementor-widget-container\">\n\t\t\t\t\t\t\t\t\t\t\t\t<figure class=\"wp-caption\">\n\t\t\t\t\t\t\t\t\t\t<img decoding=\"async\" width=\"1024\" height=\"768\" src=\"https:\/\/asiatikavienna.com\/wp-content\/uploads\/2026\/01\/15-01-1024x768.jpg\" class=\"attachment-large size-large wp-image-1208\" alt=\"\" srcset=\"https:\/\/asiatikavienna.com\/wp-content\/uploads\/2026\/01\/15-01-1024x768.jpg 1024w, https:\/\/asiatikavienna.com\/wp-content\/uploads\/2026\/01\/15-01-300x225.jpg 300w, https:\/\/asiatikavienna.com\/wp-content\/uploads\/2026\/01\/15-01-768x576.jpg 768w, https:\/\/asiatikavienna.com\/wp-content\/uploads\/2026\/01\/15-01-1536x1152.jpg 1536w, https:\/\/asiatikavienna.com\/wp-content\/uploads\/2026\/01\/15-01-2048x1536.jpg 2048w, https:\/\/asiatikavienna.com\/wp-content\/uploads\/2026\/01\/15-01-1320x990.jpg 1320w\" sizes=\"(max-width: 1024px) 100vw, 1024px\" \/>\t\t\t\t\t\t\t\t\t\t\t<figcaption class=\"widget-image-caption wp-caption-text\">Lampe-003<\/figcaption>\n\t\t\t\t\t\t\t\t\t\t<\/figure>\n\t\t\t\t\t\t\t\t\t<\/div>\n\t\t\t\t<\/div>\n\t\t\t\t<\/div>\n\t\t<div class=\"elementor-element elementor-element-ebf2606 e-con-full e-flex e-con e-child\" data-id=\"ebf2606\" data-element_type=\"container\" data-e-type=\"container\">\n\t\t<div class=\"elementor-element elementor-element-90d7d25 e-con-full e-flex e-con e-child\" data-id=\"90d7d25\" data-element_type=\"container\" data-e-type=\"container\">\n\t\t\t\t<div class=\"elementor-element elementor-element-f12c1da elementor-widget elementor-widget-heading\" data-id=\"f12c1da\" data-element_type=\"widget\" data-e-type=\"widget\" data-widget_type=\"heading.default\">\n\t\t\t\t<div class=\"elementor-widget-container\">\n\t\t\t\t\t<h3 class=\"elementor-heading-title elementor-size-default\">Standlaternen<\/h3>\t\t\t\t<\/div>\n\t\t\t\t<\/div>\n\t\t\t\t<\/div>\n\t\t<div class=\"elementor-element elementor-element-bb4721b e-con-full e-flex e-con e-child\" data-id=\"bb4721b\" data-element_type=\"container\" data-e-type=\"container\">\n\t\t\t\t<div class=\"elementor-element elementor-element-b1513a3 elementor-widget elementor-widget-text-editor\" data-id=\"b1513a3\" data-element_type=\"widget\" data-e-type=\"widget\" data-widget_type=\"text-editor.default\">\n\t\t\t\t<div class=\"elementor-widget-container\">\n\t\t\t\t\t\t\t\t\t<p data-start=\"77\" data-end=\"122\">Taish\u014d-Periode, um 1920<\/p><p data-start=\"77\" data-end=\"122\">Square hardwood frame with dark lacquer finish; all sides covered with strong, skin-textured paper; above this, three continuous rows of square wooden elements on each side; raised on four short turned feet; removable lid; later electrified and should be professionally inspected before use.<\/p><p data-start=\"124\" data-end=\"506\">H: 37 cm, B: 20 cm, T: 20 cm\/St.<\/p><p data-start=\"62\" data-end=\"96\"><strong>Preis <\/strong>650\u20ac<\/p>\t\t\t\t\t\t\t\t<\/div>\n\t\t\t\t<\/div>\n\t\t\t\t<div class=\"elementor-element elementor-element-d8fbce3 elementor-widget elementor-widget-button\" data-id=\"d8fbce3\" data-element_type=\"widget\" data-e-type=\"widget\" data-widget_type=\"button.default\">\n\t\t\t\t<div class=\"elementor-widget-container\">\n\t\t\t\t\t\t\t\t\t<div class=\"elementor-button-wrapper\">\n\t\t\t\t\t<a class=\"elementor-button elementor-button-link elementor-size-sm\" href=\"https:\/\/asiatikavienna.com\/en\/kontakt\/?produkt=Lampe-003\">\n\t\t\t\t\t\t<span class=\"elementor-button-content-wrapper\">\n\t\t\t\t\t\t\t\t\t<span class=\"elementor-button-text\">Contact<\/span>\n\t\t\t\t\t<\/span>\n\t\t\t\t\t<\/a>\n\t\t\t\t<\/div>\n\t\t\t\t\t\t\t\t<\/div>\n\t\t\t\t<\/div>\n\t\t\t\t<\/div>\n\t\t\t\t<\/div>\n\t\t\t\t\t<\/div>\n\t\t\t\t<\/div>\n\t\t\t\t<\/div>","protected":false},"excerpt":{"rendered":"<p>CHINA Lampe-001 Qing Lampe China, Qing-Dynastie. Porzellan mit Unterglasurmalerei, P\u00e4onien, Balusterform, dazu ein taillierter Schirm aus Seide in sch\u00f6nem gebrochenem wei\u00dfen Farbton. H: 55 cm, GH. inkl. Schirm 101 cm Preis 950\u20ac Contact Lampe-002 Gro\u00dfe Standlaternen Republik China, um 1920-1930. Dunkle Hartholzs\u00e4ule in stabiler, rechteckiger Form, Front mit Lade und durchbrochen gearbeiteten Floralmotiven um ein [&hellip;]<\/p>\n","protected":false},"author":1,"featured_media":0,"parent":0,"menu_order":0,"comment_status":"closed","ping_status":"closed","template":"","meta":{"footnotes":""},"class_list":["post-1202","page","type-page","status-publish","hentry"],"blocksy_meta":[],"aioseo_notices":[],"jetpack_sharing_enabled":true,"_links":{"self":[{"href":"https:\/\/asiatikavienna.com\/en\/wp-json\/wp\/v2\/pages\/1202","targetHints":{"allow":["GET"]}}],"collection":[{"href":"https:\/\/asiatikavienna.com\/en\/wp-json\/wp\/v2\/pages"}],"about":[{"href":"https:\/\/asiatikavienna.com\/en\/wp-json\/wp\/v2\/types\/page"}],"author":[{"embeddable":true,"href":"https:\/\/asiatikavienna.com\/en\/wp-json\/wp\/v2\/users\/1"}],"replies":[{"embeddable":true,"href":"https:\/\/asiatikavienna.com\/en\/wp-json\/wp\/v2\/comments?post=1202"}],"version-history":[{"count":58,"href":"https:\/\/asiatikavienna.com\/en\/wp-json\/wp\/v2\/pages\/1202\/revisions"}],"predecessor-version":[{"id":6444,"href":"https:\/\/asiatikavienna.com\/en\/wp-json\/wp\/v2\/pages\/1202\/revisions\/6444"}],"wp:attachment":[{"href":"https:\/\/asiatikavienna.com\/en\/wp-json\/wp\/v2\/media?parent=1202"}],"curies":[{"name":"wp","href":"https:\/\/api.w.org\/{rel}","templated":true}]}}