{"id":1222,"date":"2026-01-02T16:40:14","date_gmt":"2026-01-02T16:40:14","guid":{"rendered":"https:\/\/asiatikavienna.com\/?page_id=1222"},"modified":"2026-02-15T17:46:13","modified_gmt":"2026-02-15T17:46:13","slug":"kult-gefaesse","status":"publish","type":"page","link":"https:\/\/asiatikavienna.com\/en\/kult-gefaesse\/","title":{"rendered":"Ritual Vessels"},"content":{"rendered":"<div data-elementor-type=\"wp-page\" data-elementor-id=\"1222\" class=\"elementor elementor-1222\" data-elementor-post-type=\"page\">\n\t\t\t\t<div class=\"elementor-element elementor-element-4a31e7e e-flex e-con-boxed e-con e-parent\" data-id=\"4a31e7e\" data-element_type=\"container\" data-e-type=\"container\">\n\t\t\t\t\t<div class=\"e-con-inner\">\n\t\t<div class=\"elementor-element elementor-element-0cc0b46 e-con-full e-flex e-con e-child\" data-id=\"0cc0b46\" data-element_type=\"container\" data-e-type=\"container\">\n\t\t<div class=\"elementor-element elementor-element-2d29746 e-con-full e-flex e-con e-child\" data-id=\"2d29746\" data-element_type=\"container\" data-e-type=\"container\">\n\t\t\t\t<div class=\"elementor-element elementor-element-7f67c2b elementor-widget elementor-widget-heading\" data-id=\"7f67c2b\" data-element_type=\"widget\" data-e-type=\"widget\" data-widget_type=\"heading.default\">\n\t\t\t\t<div class=\"elementor-widget-container\">\n\t\t\t\t\t<h4 class=\"elementor-heading-title elementor-size-default\">CHINA\n<\/h4>\t\t\t\t<\/div>\n\t\t\t\t<\/div>\n\t\t\t\t<\/div>\n\t\t\t\t<\/div>\n\t\t\t\t\t<\/div>\n\t\t\t\t<\/div>\n\t\t<div class=\"elementor-element elementor-element-bad74d8 e-flex e-con-boxed e-con e-parent\" data-id=\"bad74d8\" data-element_type=\"container\" data-e-type=\"container\">\n\t\t\t\t\t<div class=\"e-con-inner\">\n\t\t<div class=\"elementor-element elementor-element-087705a e-con-full e-flex e-con e-child\" data-id=\"087705a\" data-element_type=\"container\" data-e-type=\"container\">\n\t\t\t\t<div class=\"elementor-element elementor-element-5aa86de elementor-widget elementor-widget-image\" data-id=\"5aa86de\" data-element_type=\"widget\" data-e-type=\"widget\" data-widget_type=\"image.default\">\n\t\t\t\t<div class=\"elementor-widget-container\">\n\t\t\t\t\t\t\t\t\t\t\t\t<figure class=\"wp-caption\">\n\t\t\t\t\t\t\t\t\t\t<img fetchpriority=\"high\" decoding=\"async\" width=\"535\" height=\"764\" src=\"https:\/\/asiatikavienna.com\/wp-content\/uploads\/2026\/01\/image-3.jpeg\" class=\"attachment-large size-large wp-image-1225\" alt=\"\" srcset=\"https:\/\/asiatikavienna.com\/wp-content\/uploads\/2026\/01\/image-3.jpeg 535w, https:\/\/asiatikavienna.com\/wp-content\/uploads\/2026\/01\/image-3-210x300.jpeg 210w\" sizes=\"(max-width: 535px) 100vw, 535px\" \/>\t\t\t\t\t\t\t\t\t\t\t<figcaption class=\"widget-image-caption wp-caption-text\">Ritualvessel-001<\/figcaption>\n\t\t\t\t\t\t\t\t\t\t<\/figure>\n\t\t\t\t\t\t\t\t\t<\/div>\n\t\t\t\t<\/div>\n\t\t\t\t<\/div>\n\t\t<div class=\"elementor-element elementor-element-673899a e-con-full e-flex e-con e-child\" data-id=\"673899a\" data-element_type=\"container\" data-e-type=\"container\">\n\t\t<div class=\"elementor-element elementor-element-6c946d8 e-con-full e-flex e-con e-child\" data-id=\"6c946d8\" data-element_type=\"container\" data-e-type=\"container\">\n\t\t\t\t<div class=\"elementor-element elementor-element-d8b3599 elementor-widget elementor-widget-heading\" data-id=\"d8b3599\" data-element_type=\"widget\" data-e-type=\"widget\" data-widget_type=\"heading.default\">\n\t\t\t\t<div class=\"elementor-widget-container\">\n\t\t\t\t\t<h2 class=\"elementor-heading-title elementor-size-default\">Ceremonial Covered Vessel\n<\/h2>\t\t\t\t<\/div>\n\t\t\t\t<\/div>\n\t\t\t\t<\/div>\n\t\t<div class=\"elementor-element elementor-element-25cdc88 e-con-full e-flex e-con e-child\" data-id=\"25cdc88\" data-element_type=\"container\" data-e-type=\"container\">\n\t\t\t\t<div class=\"elementor-element elementor-element-e5da9b6 elementor-widget elementor-widget-text-editor\" data-id=\"e5da9b6\" data-element_type=\"widget\" data-e-type=\"widget\" data-widget_type=\"text-editor.default\">\n\t\t\t\t<div class=\"elementor-widget-container\">\n\t\t\t\t\t\t\t\t\t<p>China, Qing-Dynastie.<\/p><p>Bronze, partly gilt and with age-related green patina; rounded, bulbous form; the body encircled in two registers with stylized archaic dragons in shallow relief. On the sides two movable rings attached to demon-mask mounts. The round neck engraved with deeply incised characters, widening to a large opening fitted with a matching lid; the surface decorated with a dragon meander and three applied carrying loops; set on a high foot ring.<\/p><p>H: 53 cm<\/p><p><strong>Preis <\/strong>5500 \u20ac<\/p>\t\t\t\t\t\t\t\t<\/div>\n\t\t\t\t<\/div>\n\t\t\t\t<div class=\"elementor-element elementor-element-fea0d17 elementor-widget elementor-widget-button\" data-id=\"fea0d17\" data-element_type=\"widget\" data-e-type=\"widget\" data-widget_type=\"button.default\">\n\t\t\t\t<div class=\"elementor-widget-container\">\n\t\t\t\t\t\t\t\t\t<div class=\"elementor-button-wrapper\">\n\t\t\t\t\t<a class=\"elementor-button elementor-button-link elementor-size-sm\" href=\"http:\/\/asiatikavienna.com\/en\/kontakt\/?produkt=Kultgef\u00e4ss-001\">\n\t\t\t\t\t\t<span class=\"elementor-button-content-wrapper\">\n\t\t\t\t\t\t\t\t\t<span class=\"elementor-button-text\">Contact<\/span>\n\t\t\t\t\t<\/span>\n\t\t\t\t\t<\/a>\n\t\t\t\t<\/div>\n\t\t\t\t\t\t\t\t<\/div>\n\t\t\t\t<\/div>\n\t\t\t\t<\/div>\n\t\t\t\t<\/div>\n\t\t\t\t\t<\/div>\n\t\t\t\t<\/div>\n\t\t<div class=\"elementor-element elementor-element-704fed19 e-flex e-con-boxed e-con e-parent\" data-id=\"704fed19\" data-element_type=\"container\" data-e-type=\"container\">\n\t\t\t\t\t<div class=\"e-con-inner\">\n\t\t<div class=\"elementor-element elementor-element-dae3242 e-con-full e-flex e-con e-child\" data-id=\"dae3242\" data-element_type=\"container\" data-e-type=\"container\">\n\t\t<div class=\"elementor-element elementor-element-41540938 e-con-full e-flex e-con e-child\" data-id=\"41540938\" data-element_type=\"container\" data-e-type=\"container\">\n\t\t\t\t<div class=\"elementor-element elementor-element-6e697de9 elementor-widget elementor-widget-heading\" data-id=\"6e697de9\" data-element_type=\"widget\" data-e-type=\"widget\" data-widget_type=\"heading.default\">\n\t\t\t\t<div class=\"elementor-widget-container\">\n\t\t\t\t\t<h4 class=\"elementor-heading-title elementor-size-default\">TIBET<\/h4>\t\t\t\t<\/div>\n\t\t\t\t<\/div>\n\t\t\t\t<\/div>\n\t\t\t\t<\/div>\n\t\t\t\t\t<\/div>\n\t\t\t\t<\/div>\n\t\t<div class=\"elementor-element elementor-element-a9c51c4 e-flex e-con-boxed e-con e-parent\" data-id=\"a9c51c4\" data-element_type=\"container\" data-e-type=\"container\">\n\t\t\t\t\t<div class=\"e-con-inner\">\n\t\t<div class=\"elementor-element elementor-element-7991391 e-con-full e-flex e-con e-child\" data-id=\"7991391\" data-element_type=\"container\" data-e-type=\"container\">\n\t\t\t\t<div class=\"elementor-element elementor-element-0d64076 elementor-widget elementor-widget-image\" data-id=\"0d64076\" data-element_type=\"widget\" data-e-type=\"widget\" data-widget_type=\"image.default\">\n\t\t\t\t<div class=\"elementor-widget-container\">\n\t\t\t\t\t\t\t\t\t\t\t\t<figure class=\"wp-caption\">\n\t\t\t\t\t\t\t\t\t\t<img decoding=\"async\" width=\"791\" height=\"1024\" src=\"https:\/\/asiatikavienna.com\/wp-content\/uploads\/2026\/02\/30-16-791x1024.jpg\" class=\"attachment-large size-large wp-image-5742\" alt=\"\" srcset=\"https:\/\/asiatikavienna.com\/wp-content\/uploads\/2026\/02\/30-16-791x1024.jpg 791w, https:\/\/asiatikavienna.com\/wp-content\/uploads\/2026\/02\/30-16-232x300.jpg 232w, https:\/\/asiatikavienna.com\/wp-content\/uploads\/2026\/02\/30-16-768x994.jpg 768w, https:\/\/asiatikavienna.com\/wp-content\/uploads\/2026\/02\/30-16-1187x1536.jpg 1187w, https:\/\/asiatikavienna.com\/wp-content\/uploads\/2026\/02\/30-16-1583x2048.jpg 1583w, https:\/\/asiatikavienna.com\/wp-content\/uploads\/2026\/02\/30-16-9x12.jpg 9w, https:\/\/asiatikavienna.com\/wp-content\/uploads\/2026\/02\/30-16-1320x1708.jpg 1320w, https:\/\/asiatikavienna.com\/wp-content\/uploads\/2026\/02\/30-16-scaled.jpg 1979w\" sizes=\"(max-width: 791px) 100vw, 791px\" \/>\t\t\t\t\t\t\t\t\t\t\t<figcaption class=\"widget-image-caption wp-caption-text\">Ritualvessel-002<\/figcaption>\n\t\t\t\t\t\t\t\t\t\t<\/figure>\n\t\t\t\t\t\t\t\t\t<\/div>\n\t\t\t\t<\/div>\n\t\t\t\t<\/div>\n\t\t<div class=\"elementor-element elementor-element-0fd634f e-con-full e-flex e-con e-child\" data-id=\"0fd634f\" data-element_type=\"container\" data-e-type=\"container\">\n\t\t<div class=\"elementor-element elementor-element-bc361a8 e-con-full e-flex e-con e-child\" data-id=\"bc361a8\" data-element_type=\"container\" data-e-type=\"container\">\n\t\t\t\t<div class=\"elementor-element elementor-element-5127c8b elementor-widget elementor-widget-heading\" data-id=\"5127c8b\" data-element_type=\"widget\" data-e-type=\"widget\" data-widget_type=\"heading.default\">\n\t\t\t\t<div class=\"elementor-widget-container\">\n\t\t\t\t\t<h2 class=\"elementor-heading-title elementor-size-default\">Menrak Tantric Offering Vessel<\/h2>\t\t\t\t<\/div>\n\t\t\t\t<\/div>\n\t\t\t\t<\/div>\n\t\t<div class=\"elementor-element elementor-element-2a32cb0 e-con-full e-flex e-con e-child\" data-id=\"2a32cb0\" data-element_type=\"container\" data-e-type=\"container\">\n\t\t\t\t<div class=\"elementor-element elementor-element-73cfcf3 elementor-widget elementor-widget-text-editor\" data-id=\"73cfcf3\" data-element_type=\"widget\" data-e-type=\"widget\" data-widget_type=\"text-editor.default\">\n\t\t\t\t<div class=\"elementor-widget-container\">\n\t\t\t\t\t\t\t\t\t<p>Tibet, 19. JH.<\/p><p>Bronze with dark patina and partial gilding; rare tantric offering vessel in the form of a human skull, with deeply set eyes decorated with garlands. The lid is crowned with mantras. Set on a base whose feet are formed by mythical creatures and decorated with encircling garlands.<\/p><p>H: 26 cm<\/p><p><strong>Preis: <\/strong>2200 \u20ac<\/p>\t\t\t\t\t\t\t\t<\/div>\n\t\t\t\t<\/div>\n\t\t\t\t<div class=\"elementor-element elementor-element-8aa44e7 elementor-widget elementor-widget-button\" data-id=\"8aa44e7\" data-element_type=\"widget\" data-e-type=\"widget\" data-widget_type=\"button.default\">\n\t\t\t\t<div class=\"elementor-widget-container\">\n\t\t\t\t\t\t\t\t\t<div class=\"elementor-button-wrapper\">\n\t\t\t\t\t<a class=\"elementor-button elementor-button-link elementor-size-sm\" href=\"http:\/\/asiatikavienna.com\/en\/kontakt\/?produkt=Kultgef\u00e4ss-002\">\n\t\t\t\t\t\t<span class=\"elementor-button-content-wrapper\">\n\t\t\t\t\t\t\t\t\t<span class=\"elementor-button-text\">Contact<\/span>\n\t\t\t\t\t<\/span>\n\t\t\t\t\t<\/a>\n\t\t\t\t<\/div>\n\t\t\t\t\t\t\t\t<\/div>\n\t\t\t\t<\/div>\n\t\t\t\t<\/div>\n\t\t\t\t<\/div>\n\t\t\t\t\t<\/div>\n\t\t\t\t<\/div>\n\t\t<div class=\"elementor-element elementor-element-417a943 e-flex e-con-boxed e-con e-parent\" data-id=\"417a943\" data-element_type=\"container\" data-e-type=\"container\">\n\t\t\t\t\t<div class=\"e-con-inner\">\n\t\t<div class=\"elementor-element elementor-element-72028b7 e-con-full e-flex e-con e-child\" data-id=\"72028b7\" data-element_type=\"container\" data-e-type=\"container\">\n\t\t\t\t<div class=\"elementor-element elementor-element-e237e5a elementor-widget elementor-widget-image\" data-id=\"e237e5a\" data-element_type=\"widget\" data-e-type=\"widget\" data-widget_type=\"image.default\">\n\t\t\t\t<div class=\"elementor-widget-container\">\n\t\t\t\t\t\t\t\t\t\t\t\t<figure class=\"wp-caption\">\n\t\t\t\t\t\t\t\t\t\t<img decoding=\"async\" width=\"614\" height=\"1024\" src=\"https:\/\/asiatikavienna.com\/wp-content\/uploads\/2026\/01\/31-225-614x1024.jpg\" class=\"attachment-large size-large wp-image-2444\" alt=\"\" srcset=\"https:\/\/asiatikavienna.com\/wp-content\/uploads\/2026\/01\/31-225-614x1024.jpg 614w, https:\/\/asiatikavienna.com\/wp-content\/uploads\/2026\/01\/31-225-180x300.jpg 180w, https:\/\/asiatikavienna.com\/wp-content\/uploads\/2026\/01\/31-225-768x1280.jpg 768w, https:\/\/asiatikavienna.com\/wp-content\/uploads\/2026\/01\/31-225-921x1536.jpg 921w, https:\/\/asiatikavienna.com\/wp-content\/uploads\/2026\/01\/31-225-1229x2048.jpg 1229w, https:\/\/asiatikavienna.com\/wp-content\/uploads\/2026\/01\/31-225-1320x2200.jpg 1320w, https:\/\/asiatikavienna.com\/wp-content\/uploads\/2026\/01\/31-225.jpg 1417w\" sizes=\"(max-width: 614px) 100vw, 614px\" \/>\t\t\t\t\t\t\t\t\t\t\t<figcaption class=\"widget-image-caption wp-caption-text\">Ritualvessel-003<\/figcaption>\n\t\t\t\t\t\t\t\t\t\t<\/figure>\n\t\t\t\t\t\t\t\t\t<\/div>\n\t\t\t\t<\/div>\n\t\t\t\t<\/div>\n\t\t<div class=\"elementor-element elementor-element-dcb7509 e-con-full e-flex e-con e-child\" data-id=\"dcb7509\" data-element_type=\"container\" data-e-type=\"container\">\n\t\t<div class=\"elementor-element elementor-element-1c6d864 e-con-full e-flex e-con e-child\" data-id=\"1c6d864\" data-element_type=\"container\" data-e-type=\"container\">\n\t\t\t\t<div class=\"elementor-element elementor-element-1f9671b elementor-widget elementor-widget-heading\" data-id=\"1f9671b\" data-element_type=\"widget\" data-e-type=\"widget\" data-widget_type=\"heading.default\">\n\t\t\t\t<div class=\"elementor-widget-container\">\n\t\t\t\t\t<h2 class=\"elementor-heading-title elementor-size-default\">Thangka Container\n<\/h2>\t\t\t\t<\/div>\n\t\t\t\t<\/div>\n\t\t\t\t<\/div>\n\t\t<div class=\"elementor-element elementor-element-b38ad36 e-con-full e-flex e-con e-child\" data-id=\"b38ad36\" data-element_type=\"container\" data-e-type=\"container\">\n\t\t\t\t<div class=\"elementor-element elementor-element-4cdeb3c elementor-widget elementor-widget-text-editor\" data-id=\"4cdeb3c\" data-element_type=\"widget\" data-e-type=\"widget\" data-widget_type=\"text-editor.default\">\n\t\t\t\t<div class=\"elementor-widget-container\">\n\t\t\t\t\t\t\t\t\t<p data-start=\"97\" data-end=\"478\">Tibet, 19. Jh..<\/p><p data-start=\"97\" data-end=\"478\">Rare Tibetan thangka container in copper, decorated with the Eight Buddhist Auspicious Symbols; the divided panels showing mantras, sound or word symbols, and the Kalachakra emblem. Three-part construction, opening and sliding into one another, connected by small chains. Set with individual mounted decorative stones. Age-related signs of use, slightly dented. Height: 63 cm; diameter: 6.5 cm.<\/p><p><strong>Preis <\/strong>450 \u20ac<\/p>\t\t\t\t\t\t\t\t<\/div>\n\t\t\t\t<\/div>\n\t\t\t\t<div class=\"elementor-element elementor-element-6ad3ed2 elementor-widget elementor-widget-button\" data-id=\"6ad3ed2\" data-element_type=\"widget\" data-e-type=\"widget\" data-widget_type=\"button.default\">\n\t\t\t\t<div class=\"elementor-widget-container\">\n\t\t\t\t\t\t\t\t\t<div class=\"elementor-button-wrapper\">\n\t\t\t\t\t<a class=\"elementor-button elementor-button-link elementor-size-sm\" href=\"http:\/\/asiatikavienna.com\/en\/kontakt\/?produkt=Kultgef\u00e4ss-003\">\n\t\t\t\t\t\t<span class=\"elementor-button-content-wrapper\">\n\t\t\t\t\t\t\t\t\t<span class=\"elementor-button-text\">Contact<\/span>\n\t\t\t\t\t<\/span>\n\t\t\t\t\t<\/a>\n\t\t\t\t<\/div>\n\t\t\t\t\t\t\t\t<\/div>\n\t\t\t\t<\/div>\n\t\t\t\t<\/div>\n\t\t\t\t<\/div>\n\t\t\t\t\t<\/div>\n\t\t\t\t<\/div>\n\t\t\t\t<\/div>","protected":false},"excerpt":{"rendered":"<p>CHINA Kultgef\u00e4ss-001 Zeremonielles Deckelgef\u00e4\u00df China, Qing-Dynastie. Bronze, tlw. vergoldet und mit altersbed. gr\u00fcner Patina versehen, runde bauchige Form, Wandung umlaufend in 2 Reihen mit stilisierten, archaischen Drachen in flachem Relief, seitlich 2 bewegliche Ringe an D\u00e4monenmasken, runder Hals bedeckt mit tief gravierten Schriftzeichen, der sich zu einer gro\u00dfen \u00d6ffnung weitet, die mit einem eingepassten Deckel [&hellip;]<\/p>\n","protected":false},"author":1,"featured_media":0,"parent":0,"menu_order":0,"comment_status":"closed","ping_status":"closed","template":"","meta":{"footnotes":""},"class_list":["post-1222","page","type-page","status-publish","hentry"],"blocksy_meta":[],"aioseo_notices":[],"jetpack_sharing_enabled":true,"_links":{"self":[{"href":"https:\/\/asiatikavienna.com\/en\/wp-json\/wp\/v2\/pages\/1222","targetHints":{"allow":["GET"]}}],"collection":[{"href":"https:\/\/asiatikavienna.com\/en\/wp-json\/wp\/v2\/pages"}],"about":[{"href":"https:\/\/asiatikavienna.com\/en\/wp-json\/wp\/v2\/types\/page"}],"author":[{"embeddable":true,"href":"https:\/\/asiatikavienna.com\/en\/wp-json\/wp\/v2\/users\/1"}],"replies":[{"embeddable":true,"href":"https:\/\/asiatikavienna.com\/en\/wp-json\/wp\/v2\/comments?post=1222"}],"version-history":[{"count":49,"href":"https:\/\/asiatikavienna.com\/en\/wp-json\/wp\/v2\/pages\/1222\/revisions"}],"predecessor-version":[{"id":5748,"href":"https:\/\/asiatikavienna.com\/en\/wp-json\/wp\/v2\/pages\/1222\/revisions\/5748"}],"wp:attachment":[{"href":"https:\/\/asiatikavienna.com\/en\/wp-json\/wp\/v2\/media?parent=1222"}],"curies":[{"name":"wp","href":"https:\/\/api.w.org\/{rel}","templated":true}]}}