{"id":1229,"date":"2026-01-02T17:05:03","date_gmt":"2026-01-02T17:05:03","guid":{"rendered":"https:\/\/asiatikavienna.com\/?page_id=1229"},"modified":"2026-02-27T21:57:28","modified_gmt":"2026-02-27T21:57:28","slug":"kult-waffen","status":"publish","type":"page","link":"https:\/\/asiatikavienna.com\/en\/kult-waffen\/","title":{"rendered":"Ritual Weapons"},"content":{"rendered":"<div data-elementor-type=\"wp-page\" data-elementor-id=\"1229\" class=\"elementor elementor-1229\" data-elementor-post-type=\"page\">\n\t\t\t\t<div class=\"elementor-element elementor-element-4a31e7e e-flex e-con-boxed e-con e-parent\" data-id=\"4a31e7e\" data-element_type=\"container\" data-e-type=\"container\">\n\t\t\t\t\t<div class=\"e-con-inner\">\n\t\t<div class=\"elementor-element elementor-element-0cc0b46 e-con-full e-flex e-con e-child\" data-id=\"0cc0b46\" data-element_type=\"container\" data-e-type=\"container\">\n\t\t<div class=\"elementor-element elementor-element-2d29746 e-con-full e-flex e-con e-child\" data-id=\"2d29746\" data-element_type=\"container\" data-e-type=\"container\">\n\t\t\t\t<div class=\"elementor-element elementor-element-7f67c2b elementor-widget elementor-widget-heading\" data-id=\"7f67c2b\" data-element_type=\"widget\" data-e-type=\"widget\" data-widget_type=\"heading.default\">\n\t\t\t\t<div class=\"elementor-widget-container\">\n\t\t\t\t\t<h4 class=\"elementor-heading-title elementor-size-default\">TIBET<\/h4>\t\t\t\t<\/div>\n\t\t\t\t<\/div>\n\t\t\t\t<\/div>\n\t\t\t\t<\/div>\n\t\t\t\t\t<\/div>\n\t\t\t\t<\/div>\n\t\t<div class=\"elementor-element elementor-element-7c67769 e-flex e-con-boxed e-con e-parent\" data-id=\"7c67769\" data-element_type=\"container\" data-e-type=\"container\">\n\t\t\t\t\t<div class=\"e-con-inner\">\n\t\t<div class=\"elementor-element elementor-element-87afea4 e-con-full e-flex e-con e-child\" data-id=\"87afea4\" data-element_type=\"container\" data-e-type=\"container\">\n\t\t\t\t<div class=\"elementor-element elementor-element-c52f40a elementor-arrows-position-inside elementor-pagination-position-outside elementor-widget elementor-widget-image-carousel\" data-id=\"c52f40a\" data-element_type=\"widget\" data-e-type=\"widget\" data-settings=\"{&quot;slides_to_show&quot;:&quot;1&quot;,&quot;navigation&quot;:&quot;both&quot;,&quot;autoplay&quot;:&quot;yes&quot;,&quot;pause_on_hover&quot;:&quot;yes&quot;,&quot;pause_on_interaction&quot;:&quot;yes&quot;,&quot;autoplay_speed&quot;:5000,&quot;infinite&quot;:&quot;yes&quot;,&quot;effect&quot;:&quot;slide&quot;,&quot;speed&quot;:500}\" data-widget_type=\"image-carousel.default\">\n\t\t\t\t<div class=\"elementor-widget-container\">\n\t\t\t\t\t\t\t<div class=\"elementor-image-carousel-wrapper swiper\" role=\"region\" aria-roledescription=\"carousel\" aria-label=\"Bild Karussell\" dir=\"ltr\">\n\t\t\t<div class=\"elementor-image-carousel swiper-wrapper\" aria-live=\"off\">\n\t\t\t\t\t\t\t\t<div class=\"swiper-slide\" role=\"group\" aria-roledescription=\"slide\" aria-label=\"1 von 2\"><figure class=\"swiper-slide-inner\"><img decoding=\"async\" class=\"swiper-slide-image\" src=\"https:\/\/asiatikavienna.com\/wp-content\/uploads\/2026\/01\/Kultwerkzeugaussen-001-1.jpg\" alt=\"Kultwaffen-001\" \/><figcaption class=\"elementor-image-carousel-caption\">Ritualweapons-001<\/figcaption><\/figure><\/div><div class=\"swiper-slide\" role=\"group\" aria-roledescription=\"slide\" aria-label=\"2 von 2\"><figure class=\"swiper-slide-inner\"><img decoding=\"async\" class=\"swiper-slide-image\" src=\"https:\/\/asiatikavienna.com\/wp-content\/uploads\/2026\/01\/Kultwerkzeug-001-1.jpg\" alt=\"Kultwaffen-001\" \/><figcaption class=\"elementor-image-carousel-caption\">Ritualweapons-001<\/figcaption><\/figure><\/div>\t\t\t<\/div>\n\t\t\t\t\t\t\t\t\t\t\t\t<div class=\"elementor-swiper-button elementor-swiper-button-prev\" role=\"button\" tabindex=\"0\">\n\t\t\t\t\t\t<svg aria-hidden=\"true\" class=\"e-font-icon-svg e-eicon-chevron-left\" viewbox=\"0 0 1000 1000\" xmlns=\"http:\/\/www.w3.org\/2000\/svg\"><path d=\"M646 125C629 125 613 133 604 142L308 442C296 454 292 471 292 487 292 504 296 521 308 533L604 854C617 867 629 875 646 875 663 875 679 871 692 858 704 846 713 829 713 812 713 796 708 779 692 767L438 487 692 225C700 217 708 204 708 187 708 171 704 154 692 142 675 129 663 125 646 125Z\"><\/path><\/svg>\t\t\t\t\t<\/div>\n\t\t\t\t\t<div class=\"elementor-swiper-button elementor-swiper-button-next\" role=\"button\" tabindex=\"0\">\n\t\t\t\t\t\t<svg aria-hidden=\"true\" class=\"e-font-icon-svg e-eicon-chevron-right\" viewbox=\"0 0 1000 1000\" xmlns=\"http:\/\/www.w3.org\/2000\/svg\"><path d=\"M696 533C708 521 713 504 713 487 713 471 708 454 696 446L400 146C388 133 375 125 354 125 338 125 325 129 313 142 300 154 292 171 292 187 292 204 296 221 308 233L563 492 304 771C292 783 288 800 288 817 288 833 296 850 308 863 321 871 338 875 354 875 371 875 388 867 400 854L696 533Z\"><\/path><\/svg>\t\t\t\t\t<\/div>\n\t\t\t\t\n\t\t\t\t\t\t\t\t\t<div class=\"swiper-pagination\"><\/div>\n\t\t\t\t\t\t\t\t\t<\/div>\n\t\t\t\t\t\t<\/div>\n\t\t\t\t<\/div>\n\t\t\t\t<\/div>\n\t\t<div class=\"elementor-element elementor-element-f7eb0db e-con-full e-flex e-con e-child\" data-id=\"f7eb0db\" data-element_type=\"container\" data-e-type=\"container\">\n\t\t<div class=\"elementor-element elementor-element-68c4f7f e-con-full e-flex e-con e-child\" data-id=\"68c4f7f\" data-element_type=\"container\" data-e-type=\"container\">\n\t\t\t\t<div class=\"elementor-element elementor-element-4183fad elementor-widget elementor-widget-heading\" data-id=\"4183fad\" data-element_type=\"widget\" data-e-type=\"widget\" data-widget_type=\"heading.default\">\n\t\t\t\t<div class=\"elementor-widget-container\">\n\t\t\t\t\t<h2 class=\"elementor-heading-title elementor-size-default\">Altarger\u00e4tschaften zur Verteidigung des buddhistischen Glaubens\n<\/h2>\t\t\t\t<\/div>\n\t\t\t\t<\/div>\n\t\t\t\t<\/div>\n\t\t<div class=\"elementor-element elementor-element-982e617 e-con-full e-flex e-con e-child\" data-id=\"982e617\" data-element_type=\"container\" data-e-type=\"container\">\n\t\t\t\t<div class=\"elementor-element elementor-element-7e8eed4 elementor-widget elementor-widget-text-editor\" data-id=\"7e8eed4\" data-element_type=\"widget\" data-e-type=\"widget\" data-widget_type=\"text-editor.default\">\n\t\t\t\t<div class=\"elementor-widget-container\">\n\t\t\t\t\t\t\t\t\t<p data-start=\"162\" data-end=\"1116\">19. Jh.,<\/p><p data-start=\"162\" data-end=\"1116\">Kompletter Satz von 8 geschmiedeten Eiseninstrumenten mit tlw. Vergoldung, darunter u. A. Parusha, das Kampfbiel, das die Absage an alle weltlichen Dinge symbolisiert, Khadga, das flammende Schwert, das als Zerst\u00f6rer aller Unwissenheit gilt und dadurch die Erleuchtung symbolisiert, Trishula, der Dreizahn, der als Waffe und Symbol von Shiva gilt, Danda, als Symbol f\u00fcr Herrschaft, Shara, der Pfeil als Symbol f\u00fcr Wachsamkeit und Bewusstsein, alle Instrumente aufgeteilt in 2 Formtabletts aus Holz, in einer Box verbunden mit Messingscharnieren, dichte, polychrome Bemalung, um eine gef\u00fcllte Sch\u00e4delschale die k\u00fcnstlerische Darstellung von Wildtieren in Landschaft unter einer Girlande mit aufgebrochenen Opfertieren, Tibetgazelle, Elefant, Tiger, Schneeleopard, eingerahmt durch eine schwarze Leiste mit hellen Totensch\u00e4deln, Messingriegelverschluss, Kantenschutz aus Schmiedeeisen, volks- und religionskundliche Rarit\u00e4t in Sammlerqualit\u00e4t.<\/p><p data-start=\"1118\" data-end=\"1154\">H: 17,5 cm, B: 57,3 cm, T: 31,5 cm<\/p><p><strong>Preis <\/strong>8500 \u20ac<\/p>\t\t\t\t\t\t\t\t<\/div>\n\t\t\t\t<\/div>\n\t\t\t\t<div class=\"elementor-element elementor-element-75d14ce elementor-widget elementor-widget-button\" data-id=\"75d14ce\" data-element_type=\"widget\" data-e-type=\"widget\" data-widget_type=\"button.default\">\n\t\t\t\t<div class=\"elementor-widget-container\">\n\t\t\t\t\t\t\t\t\t<div class=\"elementor-button-wrapper\">\n\t\t\t\t\t<a class=\"elementor-button elementor-button-link elementor-size-sm\" href=\"http:\/\/asiatikavienna.com\/en\/kontakt\/?produkt=Kultwaffen-001\">\n\t\t\t\t\t\t<span class=\"elementor-button-content-wrapper\">\n\t\t\t\t\t\t\t\t\t<span class=\"elementor-button-text\">Contact<\/span>\n\t\t\t\t\t<\/span>\n\t\t\t\t\t<\/a>\n\t\t\t\t<\/div>\n\t\t\t\t\t\t\t\t<\/div>\n\t\t\t\t<\/div>\n\t\t\t\t<\/div>\n\t\t\t\t<\/div>\n\t\t\t\t\t<\/div>\n\t\t\t\t<\/div>\n\t\t<div class=\"elementor-element elementor-element-bab1479 e-flex e-con-boxed e-con e-parent\" data-id=\"bab1479\" data-element_type=\"container\" data-e-type=\"container\">\n\t\t\t\t\t<div class=\"e-con-inner\">\n\t\t<div class=\"elementor-element elementor-element-935641a e-con-full e-flex e-con e-child\" data-id=\"935641a\" data-element_type=\"container\" data-e-type=\"container\">\n\t\t\t\t<div class=\"elementor-element elementor-element-b145ac9 elementor-widget elementor-widget-image\" data-id=\"b145ac9\" data-element_type=\"widget\" data-e-type=\"widget\" data-widget_type=\"image.default\">\n\t\t\t\t<div class=\"elementor-widget-container\">\n\t\t\t\t\t\t\t\t\t\t\t\t<figure class=\"wp-caption\">\n\t\t\t\t\t\t\t\t\t\t<img fetchpriority=\"high\" decoding=\"async\" width=\"535\" height=\"892\" src=\"https:\/\/asiatikavienna.com\/wp-content\/uploads\/2026\/01\/image-5.jpeg\" class=\"attachment-large size-large wp-image-1232\" alt=\"\" srcset=\"https:\/\/asiatikavienna.com\/wp-content\/uploads\/2026\/01\/image-5.jpeg 535w, https:\/\/asiatikavienna.com\/wp-content\/uploads\/2026\/01\/image-5-180x300.jpeg 180w\" sizes=\"(max-width: 535px) 100vw, 535px\" \/>\t\t\t\t\t\t\t\t\t\t\t<figcaption class=\"widget-image-caption wp-caption-text\">Ritualweapons-002<\/figcaption>\n\t\t\t\t\t\t\t\t\t\t<\/figure>\n\t\t\t\t\t\t\t\t\t<\/div>\n\t\t\t\t<\/div>\n\t\t\t\t<\/div>\n\t\t<div class=\"elementor-element elementor-element-86b10ab e-con-full e-flex e-con e-child\" data-id=\"86b10ab\" data-element_type=\"container\" data-e-type=\"container\">\n\t\t<div class=\"elementor-element elementor-element-ae3ea03 e-con-full e-flex e-con e-child\" data-id=\"ae3ea03\" data-element_type=\"container\" data-e-type=\"container\">\n\t\t\t\t<div class=\"elementor-element elementor-element-420db6c elementor-widget elementor-widget-heading\" data-id=\"420db6c\" data-element_type=\"widget\" data-e-type=\"widget\" data-widget_type=\"heading.default\">\n\t\t\t\t<div class=\"elementor-widget-container\">\n\t\t\t\t\t<h2 class=\"elementor-heading-title elementor-size-default\">Rare Rock Crystal Phurba\n<\/h2>\t\t\t\t<\/div>\n\t\t\t\t<\/div>\n\t\t\t\t<\/div>\n\t\t<div class=\"elementor-element elementor-element-a772b82 e-con-full e-flex e-con e-child\" data-id=\"a772b82\" data-element_type=\"container\" data-e-type=\"container\">\n\t\t\t\t<div class=\"elementor-element elementor-element-11965f6 elementor-widget elementor-widget-text-editor\" data-id=\"11965f6\" data-element_type=\"widget\" data-e-type=\"widget\" data-widget_type=\"text-editor.default\">\n\t\t\t\t<div class=\"elementor-widget-container\">\n\t\t\t\t\t\t\t\t\t<p>Tibet, 19.Jh..<\/p><p>Large Tibetan ritual dagger (phurba) carved fully in the round from a single massive piece of rock crystal. These large and heavy examples were not used for the subjugation of demons or the performance of magical rites, but served as objects of veneration on the altars of important Tibetan dharmapalas or protective deities. In this elaborately worked example, the handle is formed by the three heads of the dharmapala Hayagriva, protector of the sacred scriptures, crowned by a half five-pronged vajra. Triangular, ornamented rock crystal blade. A museum-quality collector\u2019s piece in perfect condition.<\/p><p>Length: 43 cm; weight: approx. 2 kg<\/p><p><strong>Preis <\/strong>3800 \u20ac<\/p>\t\t\t\t\t\t\t\t<\/div>\n\t\t\t\t<\/div>\n\t\t\t\t<div class=\"elementor-element elementor-element-c17da0c elementor-widget elementor-widget-button\" data-id=\"c17da0c\" data-element_type=\"widget\" data-e-type=\"widget\" data-widget_type=\"button.default\">\n\t\t\t\t<div class=\"elementor-widget-container\">\n\t\t\t\t\t\t\t\t\t<div class=\"elementor-button-wrapper\">\n\t\t\t\t\t<a class=\"elementor-button elementor-button-link elementor-size-sm\" href=\"http:\/\/asiatikavienna.com\/en\/kontakt\/?produkt=Kultwaffen-002\">\n\t\t\t\t\t\t<span class=\"elementor-button-content-wrapper\">\n\t\t\t\t\t\t\t\t\t<span class=\"elementor-button-text\">Contact<\/span>\n\t\t\t\t\t<\/span>\n\t\t\t\t\t<\/a>\n\t\t\t\t<\/div>\n\t\t\t\t\t\t\t\t<\/div>\n\t\t\t\t<\/div>\n\t\t\t\t<\/div>\n\t\t\t\t<\/div>\n\t\t\t\t\t<\/div>\n\t\t\t\t<\/div>\n\t\t<div class=\"elementor-element elementor-element-7747d2fd e-flex e-con-boxed e-con e-parent\" data-id=\"7747d2fd\" data-element_type=\"container\" data-e-type=\"container\">\n\t\t\t\t\t<div class=\"e-con-inner\">\n\t\t<div class=\"elementor-element elementor-element-7778832f e-con-full e-flex e-con e-child\" data-id=\"7778832f\" data-element_type=\"container\" data-e-type=\"container\">\n\t\t\t\t<div class=\"elementor-element elementor-element-9c7b385 elementor-widget elementor-widget-image\" data-id=\"9c7b385\" data-element_type=\"widget\" data-e-type=\"widget\" data-widget_type=\"image.default\">\n\t\t\t\t<div class=\"elementor-widget-container\">\n\t\t\t\t\t\t\t\t\t\t\t\t<figure class=\"wp-caption\">\n\t\t\t\t\t\t\t\t\t\t<img decoding=\"async\" width=\"535\" height=\"823\" src=\"https:\/\/asiatikavienna.com\/wp-content\/uploads\/2026\/01\/image-6.jpeg\" class=\"attachment-large size-large wp-image-1233\" alt=\"\" srcset=\"https:\/\/asiatikavienna.com\/wp-content\/uploads\/2026\/01\/image-6.jpeg 535w, https:\/\/asiatikavienna.com\/wp-content\/uploads\/2026\/01\/image-6-195x300.jpeg 195w\" sizes=\"(max-width: 535px) 100vw, 535px\" \/>\t\t\t\t\t\t\t\t\t\t\t<figcaption class=\"widget-image-caption wp-caption-text\">Ritualweapons-003<\/figcaption>\n\t\t\t\t\t\t\t\t\t\t<\/figure>\n\t\t\t\t\t\t\t\t\t<\/div>\n\t\t\t\t<\/div>\n\t\t\t\t<\/div>\n\t\t<div class=\"elementor-element elementor-element-19e9661d e-con-full e-flex e-con e-child\" data-id=\"19e9661d\" data-element_type=\"container\" data-e-type=\"container\">\n\t\t<div class=\"elementor-element elementor-element-4917567d e-con-full e-flex e-con e-child\" data-id=\"4917567d\" data-element_type=\"container\" data-e-type=\"container\">\n\t\t\t\t<div class=\"elementor-element elementor-element-59f26196 elementor-widget elementor-widget-heading\" data-id=\"59f26196\" data-element_type=\"widget\" data-e-type=\"widget\" data-widget_type=\"heading.default\">\n\t\t\t\t<div class=\"elementor-widget-container\">\n\t\t\t\t\t<h2 class=\"elementor-heading-title elementor-size-default\">Parusha<\/h2>\t\t\t\t<\/div>\n\t\t\t\t<\/div>\n\t\t\t\t<\/div>\n\t\t<div class=\"elementor-element elementor-element-1530d01b e-con-full e-flex e-con e-child\" data-id=\"1530d01b\" data-element_type=\"container\" data-e-type=\"container\">\n\t\t\t\t<div class=\"elementor-element elementor-element-448a3447 elementor-widget elementor-widget-text-editor\" data-id=\"448a3447\" data-element_type=\"widget\" data-e-type=\"widget\" data-widget_type=\"text-editor.default\">\n\t\t\t\t<div class=\"elementor-widget-container\">\n\t\t\t\t\t\t\t\t\t<p>Tibet, 19. Jh..<\/p><p>Gilt bronze with an attractive patina; rare ceremonial and ritual object. The stylized battle axe symbolizes the renunciation of all worldly things. The round, partly faceted bronze shaft is capped at both ends by a half vajra.<\/p><p>L: 31,5 cm, B: 17 cm<\/p><p><strong>Preis <\/strong>1200 \u20ac<\/p>\t\t\t\t\t\t\t\t<\/div>\n\t\t\t\t<\/div>\n\t\t\t\t<div class=\"elementor-element elementor-element-7f82ae29 elementor-widget elementor-widget-button\" data-id=\"7f82ae29\" data-element_type=\"widget\" data-e-type=\"widget\" data-widget_type=\"button.default\">\n\t\t\t\t<div class=\"elementor-widget-container\">\n\t\t\t\t\t\t\t\t\t<div class=\"elementor-button-wrapper\">\n\t\t\t\t\t<a class=\"elementor-button elementor-button-link elementor-size-sm\" href=\"http:\/\/asiatikavienna.com\/en\/kontakt\/?produkt=Kultwaffen-003\">\n\t\t\t\t\t\t<span class=\"elementor-button-content-wrapper\">\n\t\t\t\t\t\t\t\t\t<span class=\"elementor-button-text\">Contact<\/span>\n\t\t\t\t\t<\/span>\n\t\t\t\t\t<\/a>\n\t\t\t\t<\/div>\n\t\t\t\t\t\t\t\t<\/div>\n\t\t\t\t<\/div>\n\t\t\t\t<\/div>\n\t\t\t\t<\/div>\n\t\t\t\t\t<\/div>\n\t\t\t\t<\/div>\n\t\t<div class=\"elementor-element elementor-element-0ca8b73 e-flex e-con-boxed e-con e-parent\" data-id=\"0ca8b73\" data-element_type=\"container\" data-e-type=\"container\">\n\t\t\t\t\t<div class=\"e-con-inner\">\n\t\t<div class=\"elementor-element elementor-element-1816ad8 e-con-full e-flex e-con e-child\" data-id=\"1816ad8\" data-element_type=\"container\" data-e-type=\"container\">\n\t\t\t\t<div class=\"elementor-element elementor-element-6272aaf elementor-widget elementor-widget-image\" data-id=\"6272aaf\" data-element_type=\"widget\" data-e-type=\"widget\" data-widget_type=\"image.default\">\n\t\t\t\t<div class=\"elementor-widget-container\">\n\t\t\t\t\t\t\t\t\t\t\t\t<figure class=\"wp-caption\">\n\t\t\t\t\t\t\t\t\t\t<img decoding=\"async\" width=\"1024\" height=\"717\" src=\"https:\/\/asiatikavienna.com\/wp-content\/uploads\/2026\/01\/Kultwerkzeug-006-1.jpg\" class=\"attachment-large size-large wp-image-4602\" alt=\"\" srcset=\"https:\/\/asiatikavienna.com\/wp-content\/uploads\/2026\/01\/Kultwerkzeug-006-1.jpg 1024w, https:\/\/asiatikavienna.com\/wp-content\/uploads\/2026\/01\/Kultwerkzeug-006-1-300x210.jpg 300w, https:\/\/asiatikavienna.com\/wp-content\/uploads\/2026\/01\/Kultwerkzeug-006-1-768x538.jpg 768w\" sizes=\"(max-width: 1024px) 100vw, 1024px\" \/>\t\t\t\t\t\t\t\t\t\t\t<figcaption class=\"widget-image-caption wp-caption-text\">Ritualweapons-004<\/figcaption>\n\t\t\t\t\t\t\t\t\t\t<\/figure>\n\t\t\t\t\t\t\t\t\t<\/div>\n\t\t\t\t<\/div>\n\t\t\t\t<\/div>\n\t\t<div class=\"elementor-element elementor-element-945b7ee e-con-full e-flex e-con e-child\" data-id=\"945b7ee\" data-element_type=\"container\" data-e-type=\"container\">\n\t\t<div class=\"elementor-element elementor-element-e8bc778 e-con-full e-flex e-con e-child\" data-id=\"e8bc778\" data-element_type=\"container\" data-e-type=\"container\">\n\t\t\t\t<div class=\"elementor-element elementor-element-88f7055 elementor-widget elementor-widget-heading\" data-id=\"88f7055\" data-element_type=\"widget\" data-e-type=\"widget\" data-widget_type=\"heading.default\">\n\t\t\t\t<div class=\"elementor-widget-container\">\n\t\t\t\t\t<h2 class=\"elementor-heading-title elementor-size-default\">Ankusha<\/h2>\t\t\t\t<\/div>\n\t\t\t\t<\/div>\n\t\t\t\t<\/div>\n\t\t<div class=\"elementor-element elementor-element-d4afe75 e-con-full e-flex e-con e-child\" data-id=\"d4afe75\" data-element_type=\"container\" data-e-type=\"container\">\n\t\t\t\t<div class=\"elementor-element elementor-element-4b07fdf elementor-widget elementor-widget-text-editor\" data-id=\"4b07fdf\" data-element_type=\"widget\" data-e-type=\"widget\" data-widget_type=\"text-editor.default\">\n\t\t\t\t<div class=\"elementor-widget-container\">\n\t\t\t\t\t\t\t\t\t<p data-start=\"153\" data-end=\"536\">Tibet, 19. Jh..\u00a0<\/p><p data-start=\"153\" data-end=\"536\">Goldfarbene Bronze mit Patina, tlw. Vergoldung, seltenes Zeremonial- und Kultobjekt, urspr\u00fcnglich ein Stachelstock, um Elefanten zu lenken, ein Haken, mit dem man die Zweifler symbolisch zur Lehre Buddhas ziehen kann, der Haken entspringt einem Makara-Maul, der runde Bronzestab ist oben und unten jeweils von einem halben Vajra begrenzt.<\/p><p data-start=\"153\" data-end=\"536\">L.: 31 cm, B.: 20 cm<\/p><p><strong>Preis <\/strong>1200 \u20ac<\/p>\t\t\t\t\t\t\t\t<\/div>\n\t\t\t\t<\/div>\n\t\t\t\t<div class=\"elementor-element elementor-element-87f52bd elementor-widget elementor-widget-button\" data-id=\"87f52bd\" data-element_type=\"widget\" data-e-type=\"widget\" data-widget_type=\"button.default\">\n\t\t\t\t<div class=\"elementor-widget-container\">\n\t\t\t\t\t\t\t\t\t<div class=\"elementor-button-wrapper\">\n\t\t\t\t\t<a class=\"elementor-button elementor-button-link elementor-size-sm\" href=\"http:\/\/asiatikavienna.com\/en\/kontakt\/?produkt=Kultwaffen-004\">\n\t\t\t\t\t\t<span class=\"elementor-button-content-wrapper\">\n\t\t\t\t\t\t\t\t\t<span class=\"elementor-button-text\">Contact<\/span>\n\t\t\t\t\t<\/span>\n\t\t\t\t\t<\/a>\n\t\t\t\t<\/div>\n\t\t\t\t\t\t\t\t<\/div>\n\t\t\t\t<\/div>\n\t\t\t\t<\/div>\n\t\t\t\t<\/div>\n\t\t\t\t\t<\/div>\n\t\t\t\t<\/div>\n\t\t\t\t<\/div>","protected":false},"excerpt":{"rendered":"<p>TIBET Kultwaffen-001 Kultwaffen-001 Altarger\u00e4tschaften zur Verteidigung des buddhistischen Glaubens 19. Jh., Kompletter Satz von 8 geschmiedeten Eiseninstrumenten mit tlw. Vergoldung, darunter u. A. Parusha, das Kampfbiel, das die Absage an alle weltlichen Dinge symbolisiert, Khadga, das flammende Schwert, das als Zerst\u00f6rer aller Unwissenheit gilt und dadurch die Erleuchtung symbolisiert, Trishula, der Dreizahn, der als Waffe [&hellip;]<\/p>\n","protected":false},"author":1,"featured_media":0,"parent":0,"menu_order":0,"comment_status":"closed","ping_status":"closed","template":"","meta":{"footnotes":""},"class_list":["post-1229","page","type-page","status-publish","hentry"],"blocksy_meta":[],"aioseo_notices":[],"jetpack_sharing_enabled":true,"_links":{"self":[{"href":"https:\/\/asiatikavienna.com\/en\/wp-json\/wp\/v2\/pages\/1229","targetHints":{"allow":["GET"]}}],"collection":[{"href":"https:\/\/asiatikavienna.com\/en\/wp-json\/wp\/v2\/pages"}],"about":[{"href":"https:\/\/asiatikavienna.com\/en\/wp-json\/wp\/v2\/types\/page"}],"author":[{"embeddable":true,"href":"https:\/\/asiatikavienna.com\/en\/wp-json\/wp\/v2\/users\/1"}],"replies":[{"embeddable":true,"href":"https:\/\/asiatikavienna.com\/en\/wp-json\/wp\/v2\/comments?post=1229"}],"version-history":[{"count":49,"href":"https:\/\/asiatikavienna.com\/en\/wp-json\/wp\/v2\/pages\/1229\/revisions"}],"predecessor-version":[{"id":6100,"href":"https:\/\/asiatikavienna.com\/en\/wp-json\/wp\/v2\/pages\/1229\/revisions\/6100"}],"wp:attachment":[{"href":"https:\/\/asiatikavienna.com\/en\/wp-json\/wp\/v2\/media?parent=1229"}],"curies":[{"name":"wp","href":"https:\/\/api.w.org\/{rel}","templated":true}]}}