{"id":1267,"date":"2026-01-02T18:39:42","date_gmt":"2026-01-02T18:39:42","guid":{"rendered":"https:\/\/asiatikavienna.com\/?page_id=1267"},"modified":"2026-01-29T20:29:14","modified_gmt":"2026-01-29T20:29:14","slug":"marmor-skulpturen","status":"publish","type":"page","link":"https:\/\/asiatikavienna.com\/en\/marmor-skulpturen\/","title":{"rendered":"Marble Sculptures"},"content":{"rendered":"<div data-elementor-type=\"wp-page\" data-elementor-id=\"1267\" class=\"elementor elementor-1267\" data-elementor-post-type=\"page\">\n\t\t\t\t<div class=\"elementor-element elementor-element-e95ce7f e-flex e-con-boxed e-con e-parent\" data-id=\"e95ce7f\" data-element_type=\"container\" data-e-type=\"container\">\n\t\t\t\t\t<div class=\"e-con-inner\">\n\t\t<div class=\"elementor-element elementor-element-87f3fd4 e-con-full e-flex e-con e-child\" data-id=\"87f3fd4\" data-element_type=\"container\" data-e-type=\"container\">\n\t\t<div class=\"elementor-element elementor-element-70fd749 e-con-full e-flex e-con e-child\" data-id=\"70fd749\" data-element_type=\"container\" data-e-type=\"container\">\n\t\t\t\t<div class=\"elementor-element elementor-element-45d03dc elementor-widget elementor-widget-heading\" data-id=\"45d03dc\" data-element_type=\"widget\" data-e-type=\"widget\" data-widget_type=\"heading.default\">\n\t\t\t\t<div class=\"elementor-widget-container\">\n\t\t\t\t\t<h4 class=\"elementor-heading-title elementor-size-default\">CHINA\n<\/h4>\t\t\t\t<\/div>\n\t\t\t\t<\/div>\n\t\t\t\t<\/div>\n\t\t\t\t<\/div>\n\t\t\t\t\t<\/div>\n\t\t\t\t<\/div>\n\t\t<div class=\"elementor-element elementor-element-dc45df1 e-flex e-con-boxed e-con e-parent\" data-id=\"dc45df1\" data-element_type=\"container\" data-e-type=\"container\">\n\t\t\t\t\t<div class=\"e-con-inner\">\n\t\t<div class=\"elementor-element elementor-element-7d6b589 e-con-full e-flex e-con e-child\" data-id=\"7d6b589\" data-element_type=\"container\" data-e-type=\"container\">\n\t\t\t\t<div class=\"elementor-element elementor-element-e4b5f36 elementor-widget elementor-widget-image\" data-id=\"e4b5f36\" data-element_type=\"widget\" data-e-type=\"widget\" data-widget_type=\"image.default\">\n\t\t\t\t<div class=\"elementor-widget-container\">\n\t\t\t\t\t\t\t\t\t\t\t\t<figure class=\"wp-caption\">\n\t\t\t\t\t\t\t\t\t\t<img fetchpriority=\"high\" decoding=\"async\" width=\"535\" height=\"840\" src=\"https:\/\/asiatikavienna.com\/wp-content\/uploads\/2026\/01\/image-24.jpeg\" class=\"attachment-large size-large wp-image-1284\" alt=\"\" srcset=\"https:\/\/asiatikavienna.com\/wp-content\/uploads\/2026\/01\/image-24.jpeg 535w, https:\/\/asiatikavienna.com\/wp-content\/uploads\/2026\/01\/image-24-191x300.jpeg 191w\" sizes=\"(max-width: 535px) 100vw, 535px\" \/>\t\t\t\t\t\t\t\t\t\t\t<figcaption class=\"widget-image-caption wp-caption-text\">Marblesculpture-001<\/figcaption>\n\t\t\t\t\t\t\t\t\t\t<\/figure>\n\t\t\t\t\t\t\t\t\t<\/div>\n\t\t\t\t<\/div>\n\t\t\t\t<\/div>\n\t\t<div class=\"elementor-element elementor-element-59d027e e-con-full e-flex e-con e-child\" data-id=\"59d027e\" data-element_type=\"container\" data-e-type=\"container\">\n\t\t<div class=\"elementor-element elementor-element-e34380a e-con-full e-flex e-con e-child\" data-id=\"e34380a\" data-element_type=\"container\" data-e-type=\"container\">\n\t\t\t\t<div class=\"elementor-element elementor-element-20e2437 elementor-widget elementor-widget-heading\" data-id=\"20e2437\" data-element_type=\"widget\" data-e-type=\"widget\" data-widget_type=\"heading.default\">\n\t\t\t\t<div class=\"elementor-widget-container\">\n\t\t\t\t\t<h2 class=\"elementor-heading-title elementor-size-default\">Attractive Temple Guardians\n<\/h2>\t\t\t\t<\/div>\n\t\t\t\t<\/div>\n\t\t\t\t<div class=\"elementor-element elementor-element-8c28ed8 elementor-widget elementor-widget-text-editor\" data-id=\"8c28ed8\" data-element_type=\"widget\" data-e-type=\"widget\" data-widget_type=\"text-editor.default\">\n\t\t\t\t<div class=\"elementor-widget-container\">\n\t\t\t\t\t\t\t\t\t<p>China, wohl Ming-Dynastie.<\/p><p>Dark marble frieze; half-relief carved in the round, depicting a pair of temple guardians in traditional attire and headdresses, armed with a halberd and a sword. Stern, forbidding facial expressions; at their feet, defeated opponents in bent, submissive poses. Decorative large relief with age-related cracks and damage.<\/p><p>H: ca. 135 cm, B: 63cm, T: ca. 15 cm<\/p><p><strong>Preis: <\/strong>3100\u20ac\u00a0<\/p>\t\t\t\t\t\t\t\t<\/div>\n\t\t\t\t<\/div>\n\t\t\t\t<\/div>\n\t\t<div class=\"elementor-element elementor-element-12d332a e-con-full e-flex e-con e-child\" data-id=\"12d332a\" data-element_type=\"container\" data-e-type=\"container\">\n\t\t\t\t<div class=\"elementor-element elementor-element-4794608 elementor-widget elementor-widget-button\" data-id=\"4794608\" data-element_type=\"widget\" data-e-type=\"widget\" data-widget_type=\"button.default\">\n\t\t\t\t<div class=\"elementor-widget-container\">\n\t\t\t\t\t\t\t\t\t<div class=\"elementor-button-wrapper\">\n\t\t\t\t\t<a class=\"elementor-button elementor-button-link elementor-size-sm\" href=\"http:\/\/asiatikavienna.com\/en\/kontakt\/?produkt=Marmorskulpturen-001\">\n\t\t\t\t\t\t<span class=\"elementor-button-content-wrapper\">\n\t\t\t\t\t\t\t\t\t<span class=\"elementor-button-text\">Contact<\/span>\n\t\t\t\t\t<\/span>\n\t\t\t\t\t<\/a>\n\t\t\t\t<\/div>\n\t\t\t\t\t\t\t\t<\/div>\n\t\t\t\t<\/div>\n\t\t\t\t<\/div>\n\t\t\t\t<\/div>\n\t\t\t\t\t<\/div>\n\t\t\t\t<\/div>\n\t\t<div class=\"elementor-element elementor-element-704fed19 e-flex e-con-boxed e-con e-parent\" data-id=\"704fed19\" data-element_type=\"container\" data-e-type=\"container\">\n\t\t\t\t\t<div class=\"e-con-inner\">\n\t\t<div class=\"elementor-element elementor-element-61de7083 e-con-full e-flex e-con e-child\" data-id=\"61de7083\" data-element_type=\"container\" data-e-type=\"container\">\n\t\t\t\t<div class=\"elementor-element elementor-element-3627ca17 elementor-widget elementor-widget-image\" data-id=\"3627ca17\" data-element_type=\"widget\" data-e-type=\"widget\" data-widget_type=\"image.default\">\n\t\t\t\t<div class=\"elementor-widget-container\">\n\t\t\t\t\t\t\t\t\t\t\t\t<figure class=\"wp-caption\">\n\t\t\t\t\t\t\t\t\t\t<img decoding=\"async\" width=\"535\" height=\"784\" src=\"https:\/\/asiatikavienna.com\/wp-content\/uploads\/2026\/01\/image-17.jpeg\" class=\"attachment-large size-large wp-image-1269\" alt=\"\" srcset=\"https:\/\/asiatikavienna.com\/wp-content\/uploads\/2026\/01\/image-17.jpeg 535w, https:\/\/asiatikavienna.com\/wp-content\/uploads\/2026\/01\/image-17-205x300.jpeg 205w\" sizes=\"(max-width: 535px) 100vw, 535px\" \/>\t\t\t\t\t\t\t\t\t\t\t<figcaption class=\"widget-image-caption wp-caption-text\">Marblesculpture-002<\/figcaption>\n\t\t\t\t\t\t\t\t\t\t<\/figure>\n\t\t\t\t\t\t\t\t\t<\/div>\n\t\t\t\t<\/div>\n\t\t\t\t<\/div>\n\t\t<div class=\"elementor-element elementor-element-dae3242 e-con-full e-flex e-con e-child\" data-id=\"dae3242\" data-element_type=\"container\" data-e-type=\"container\">\n\t\t<div class=\"elementor-element elementor-element-41540938 e-con-full e-flex e-con e-child\" data-id=\"41540938\" data-element_type=\"container\" data-e-type=\"container\">\n\t\t\t\t<div class=\"elementor-element elementor-element-6e697de9 elementor-widget elementor-widget-heading\" data-id=\"6e697de9\" data-element_type=\"widget\" data-e-type=\"widget\" data-widget_type=\"heading.default\">\n\t\t\t\t<div class=\"elementor-widget-container\">\n\t\t\t\t\t<h2 class=\"elementor-heading-title elementor-size-default\">Seated Guanyin\n<\/h2>\t\t\t\t<\/div>\n\t\t\t\t<\/div>\n\t\t\t\t<\/div>\n\t\t<div class=\"elementor-element elementor-element-7d724f64 e-con-full e-flex e-con e-child\" data-id=\"7d724f64\" data-element_type=\"container\" data-e-type=\"container\">\n\t\t\t\t<div class=\"elementor-element elementor-element-68e4c8d2 elementor-widget elementor-widget-text-editor\" data-id=\"68e4c8d2\" data-element_type=\"widget\" data-e-type=\"widget\" data-widget_type=\"text-editor.default\">\n\t\t\t\t<div class=\"elementor-widget-container\">\n\t\t\t\t\t\t\t\t\t<div dir=\"ltr\"><div dir=\"ltr\"><div dir=\"ltr\">China, Qing-Dynastie.<\/div><div dir=\"ltr\">\u00a0<\/div><div dir=\"ltr\">White-gray marble; six-armed depiction of<\/div><div dir=\"ltr\">the mother goddess seated in lotus posture, hands in symbolic gestures (mudras),<\/div><div dir=\"ltr\">the left hand holding an alms bowl, with attributes in four hands positioned in front<\/div><div dir=\"ltr\">within a flaming nimbus featuring a central Dharma wheel, whose eight<\/div><div dir=\"ltr\">spokes embody the Noble Eightfold Path, representing perfection and salvation through<\/div><div dir=\"ltr\">the Buddha\u2019s teaching; meditative face beneath an ornate crown<\/div><div dir=\"ltr\">adorned with elaborate Bodhisattva jewelry; seated on a high, stepped throne with<\/div><div dir=\"ltr\">a central small Buddha, flanked by two mythical creatures acting as guardians<\/div><div dir=\"ltr\">\u00a0<\/div><div dir=\"ltr\">H: 71cm, B: 27 cm, T: 22 cm<\/div><div dir=\"ltr\">\u00a0<\/div><p><strong>Preis: <\/strong>1550 \u20ac<\/p><\/div><\/div>\t\t\t\t\t\t\t\t<\/div>\n\t\t\t\t<\/div>\n\t\t\t\t<div class=\"elementor-element elementor-element-5cddbc0 elementor-widget elementor-widget-button\" data-id=\"5cddbc0\" data-element_type=\"widget\" data-e-type=\"widget\" data-widget_type=\"button.default\">\n\t\t\t\t<div class=\"elementor-widget-container\">\n\t\t\t\t\t\t\t\t\t<div class=\"elementor-button-wrapper\">\n\t\t\t\t\t<a class=\"elementor-button elementor-button-link elementor-size-sm\" href=\"http:\/\/asiatikavienna.com\/en\/kontakt\/?produkt=Marmorskulpturen-002\">\n\t\t\t\t\t\t<span class=\"elementor-button-content-wrapper\">\n\t\t\t\t\t\t\t\t\t<span class=\"elementor-button-text\">Contact<\/span>\n\t\t\t\t\t<\/span>\n\t\t\t\t\t<\/a>\n\t\t\t\t<\/div>\n\t\t\t\t\t\t\t\t<\/div>\n\t\t\t\t<\/div>\n\t\t\t\t<\/div>\n\t\t\t\t<\/div>\n\t\t\t\t\t<\/div>\n\t\t\t\t<\/div>\n\t\t<div class=\"elementor-element elementor-element-4a31e7e e-flex e-con-boxed e-con e-parent\" data-id=\"4a31e7e\" data-element_type=\"container\" data-e-type=\"container\">\n\t\t\t\t\t<div class=\"e-con-inner\">\n\t\t<div class=\"elementor-element elementor-element-2af567b e-con-full e-flex e-con e-child\" data-id=\"2af567b\" data-element_type=\"container\" data-e-type=\"container\">\n\t\t\t\t<div class=\"elementor-element elementor-element-10399ae elementor-widget elementor-widget-image\" data-id=\"10399ae\" data-element_type=\"widget\" data-e-type=\"widget\" data-widget_type=\"image.default\">\n\t\t\t\t<div class=\"elementor-widget-container\">\n\t\t\t\t\t\t\t\t\t\t\t\t<figure class=\"wp-caption\">\n\t\t\t\t\t\t\t\t\t\t<img decoding=\"async\" width=\"535\" height=\"784\" src=\"https:\/\/asiatikavienna.com\/wp-content\/uploads\/2026\/01\/image-18.jpeg\" class=\"attachment-large size-large wp-image-1270\" alt=\"\" srcset=\"https:\/\/asiatikavienna.com\/wp-content\/uploads\/2026\/01\/image-18.jpeg 535w, https:\/\/asiatikavienna.com\/wp-content\/uploads\/2026\/01\/image-18-205x300.jpeg 205w\" sizes=\"(max-width: 535px) 100vw, 535px\" \/>\t\t\t\t\t\t\t\t\t\t\t<figcaption class=\"widget-image-caption wp-caption-text\">Marblesculpture-003<\/figcaption>\n\t\t\t\t\t\t\t\t\t\t<\/figure>\n\t\t\t\t\t\t\t\t\t<\/div>\n\t\t\t\t<\/div>\n\t\t\t\t<\/div>\n\t\t<div class=\"elementor-element elementor-element-0cc0b46 e-con-full e-flex e-con e-child\" data-id=\"0cc0b46\" data-element_type=\"container\" data-e-type=\"container\">\n\t\t<div class=\"elementor-element elementor-element-2d29746 e-con-full e-flex e-con e-child\" data-id=\"2d29746\" data-element_type=\"container\" data-e-type=\"container\">\n\t\t\t\t<div class=\"elementor-element elementor-element-7f67c2b elementor-widget elementor-widget-heading\" data-id=\"7f67c2b\" data-element_type=\"widget\" data-e-type=\"widget\" data-widget_type=\"heading.default\">\n\t\t\t\t<div class=\"elementor-widget-container\">\n\t\t\t\t\t<h2 class=\"elementor-heading-title elementor-size-default\">Seated Guanyin\n<\/h2>\t\t\t\t<\/div>\n\t\t\t\t<\/div>\n\t\t\t\t<\/div>\n\t\t<div class=\"elementor-element elementor-element-21a9d8e e-con-full e-flex e-con e-child\" data-id=\"21a9d8e\" data-element_type=\"container\" data-e-type=\"container\">\n\t\t\t\t<div class=\"elementor-element elementor-element-585a160 elementor-widget elementor-widget-text-editor\" data-id=\"585a160\" data-element_type=\"widget\" data-e-type=\"widget\" data-widget_type=\"text-editor.default\">\n\t\t\t\t<div class=\"elementor-widget-container\">\n\t\t\t\t\t\t\t\t\t<div dir=\"ltr\"><div dir=\"ltr\"><p>China, Qing-Dynastie.<\/p><p>White marble; the magnificent figure of the mother goddess seated upright in lotus posture on a stepped throne, each hand holding a blossoming lotus, fingers in symbolic gestures. The head adorned with an ornate Bodhisattva crown, also wearing elaborate earrings and chest ornaments. Minor age-related imperfections, negligible for the otherwise excellent overall impression.<\/p><p>H: 75 cm, B: 39 cm, T: 25 cm<\/p><strong>Preis <\/strong>1350 \u20ac<\/div><\/div>\t\t\t\t\t\t\t\t<\/div>\n\t\t\t\t<\/div>\n\t\t\t\t<div class=\"elementor-element elementor-element-a63b15b elementor-widget elementor-widget-button\" data-id=\"a63b15b\" data-element_type=\"widget\" data-e-type=\"widget\" data-widget_type=\"button.default\">\n\t\t\t\t<div class=\"elementor-widget-container\">\n\t\t\t\t\t\t\t\t\t<div class=\"elementor-button-wrapper\">\n\t\t\t\t\t<a class=\"elementor-button elementor-button-link elementor-size-sm\" href=\"http:\/\/asiatikavienna.com\/en\/kontakt\/?produkt=Marmorskulpturen-003\">\n\t\t\t\t\t\t<span class=\"elementor-button-content-wrapper\">\n\t\t\t\t\t\t\t\t\t<span class=\"elementor-button-text\">Contact<\/span>\n\t\t\t\t\t<\/span>\n\t\t\t\t\t<\/a>\n\t\t\t\t<\/div>\n\t\t\t\t\t\t\t\t<\/div>\n\t\t\t\t<\/div>\n\t\t\t\t<\/div>\n\t\t\t\t<\/div>\n\t\t\t\t\t<\/div>\n\t\t\t\t<\/div>\n\t\t<div class=\"elementor-element elementor-element-7747d2fd e-flex e-con-boxed e-con e-parent\" data-id=\"7747d2fd\" data-element_type=\"container\" data-e-type=\"container\">\n\t\t\t\t\t<div class=\"e-con-inner\">\n\t\t<div class=\"elementor-element elementor-element-7778832f e-con-full e-flex e-con e-child\" data-id=\"7778832f\" data-element_type=\"container\" data-e-type=\"container\">\n\t\t\t\t<div class=\"elementor-element elementor-element-9c7b385 elementor-widget elementor-widget-image\" data-id=\"9c7b385\" data-element_type=\"widget\" data-e-type=\"widget\" data-widget_type=\"image.default\">\n\t\t\t\t<div class=\"elementor-widget-container\">\n\t\t\t\t\t\t\t\t\t\t\t\t<figure class=\"wp-caption\">\n\t\t\t\t\t\t\t\t\t\t<img loading=\"lazy\" decoding=\"async\" width=\"523\" height=\"959\" src=\"https:\/\/asiatikavienna.com\/wp-content\/uploads\/2026\/01\/image-19.jpeg\" class=\"attachment-large size-large wp-image-1271\" alt=\"\" srcset=\"https:\/\/asiatikavienna.com\/wp-content\/uploads\/2026\/01\/image-19.jpeg 523w, https:\/\/asiatikavienna.com\/wp-content\/uploads\/2026\/01\/image-19-164x300.jpeg 164w\" sizes=\"(max-width: 523px) 100vw, 523px\" \/>\t\t\t\t\t\t\t\t\t\t\t<figcaption class=\"widget-image-caption wp-caption-text\">Marblesculpture-004<\/figcaption>\n\t\t\t\t\t\t\t\t\t\t<\/figure>\n\t\t\t\t\t\t\t\t\t<\/div>\n\t\t\t\t<\/div>\n\t\t\t\t<\/div>\n\t\t<div class=\"elementor-element elementor-element-19e9661d e-con-full e-flex e-con e-child\" data-id=\"19e9661d\" data-element_type=\"container\" data-e-type=\"container\">\n\t\t<div class=\"elementor-element elementor-element-4917567d e-con-full e-flex e-con e-child\" data-id=\"4917567d\" data-element_type=\"container\" data-e-type=\"container\">\n\t\t\t\t<div class=\"elementor-element elementor-element-59f26196 elementor-widget elementor-widget-heading\" data-id=\"59f26196\" data-element_type=\"widget\" data-e-type=\"widget\" data-widget_type=\"heading.default\">\n\t\t\t\t<div class=\"elementor-widget-container\">\n\t\t\t\t\t<h2 class=\"elementor-heading-title elementor-size-default\">Standing Guanyin\n<\/h2>\t\t\t\t<\/div>\n\t\t\t\t<\/div>\n\t\t\t\t<\/div>\n\t\t<div class=\"elementor-element elementor-element-1530d01b e-con-full e-flex e-con e-child\" data-id=\"1530d01b\" data-element_type=\"container\" data-e-type=\"container\">\n\t\t\t\t<div class=\"elementor-element elementor-element-448a3447 elementor-widget elementor-widget-text-editor\" data-id=\"448a3447\" data-element_type=\"widget\" data-e-type=\"widget\" data-widget_type=\"text-editor.default\">\n\t\t\t\t<div class=\"elementor-widget-container\">\n\t\t\t\t\t\t\t\t\t<p>China, Qing-Dynastie,<\/p><p>White marble; the upright-standing mother goddess on a stepped lotus pedestal, meditative face beneath a tall hair crown adorned with a Bodhisattva crown, wearing a richly folded robe. Age-related imperfections, negligible for the otherwise excellent overall impression.<\/p><p>H: 156 cm, B: 32 cm, T: 25 cm<\/p><p><strong>Preis <\/strong>1700 \u20ac<\/p>\t\t\t\t\t\t\t\t<\/div>\n\t\t\t\t<\/div>\n\t\t\t\t<div class=\"elementor-element elementor-element-7f82ae29 elementor-widget elementor-widget-button\" data-id=\"7f82ae29\" data-element_type=\"widget\" data-e-type=\"widget\" data-widget_type=\"button.default\">\n\t\t\t\t<div class=\"elementor-widget-container\">\n\t\t\t\t\t\t\t\t\t<div class=\"elementor-button-wrapper\">\n\t\t\t\t\t<a class=\"elementor-button elementor-button-link elementor-size-sm\" href=\"http:\/\/asiatikavienna.com\/en\/kontakt\/?produkt=Marmorskulpturen-004\">\n\t\t\t\t\t\t<span class=\"elementor-button-content-wrapper\">\n\t\t\t\t\t\t\t\t\t<span class=\"elementor-button-text\">Contact<\/span>\n\t\t\t\t\t<\/span>\n\t\t\t\t\t<\/a>\n\t\t\t\t<\/div>\n\t\t\t\t\t\t\t\t<\/div>\n\t\t\t\t<\/div>\n\t\t\t\t<\/div>\n\t\t\t\t<\/div>\n\t\t\t\t\t<\/div>\n\t\t\t\t<\/div>\n\t\t<div class=\"elementor-element elementor-element-f93e628 e-flex e-con-boxed e-con e-parent\" data-id=\"f93e628\" data-element_type=\"container\" data-e-type=\"container\">\n\t\t\t\t\t<div class=\"e-con-inner\">\n\t\t<div class=\"elementor-element elementor-element-255b353d e-con-full e-flex e-con e-child\" data-id=\"255b353d\" data-element_type=\"container\" data-e-type=\"container\">\n\t\t\t\t<div class=\"elementor-element elementor-element-340c919 elementor-widget elementor-widget-image\" data-id=\"340c919\" data-element_type=\"widget\" data-e-type=\"widget\" data-widget_type=\"image.default\">\n\t\t\t\t<div class=\"elementor-widget-container\">\n\t\t\t\t\t\t\t\t\t\t\t\t<figure class=\"wp-caption\">\n\t\t\t\t\t\t\t\t\t\t<img loading=\"lazy\" decoding=\"async\" width=\"535\" height=\"735\" src=\"https:\/\/asiatikavienna.com\/wp-content\/uploads\/2026\/01\/image-20.jpeg\" class=\"attachment-large size-large wp-image-1272\" alt=\"\" srcset=\"https:\/\/asiatikavienna.com\/wp-content\/uploads\/2026\/01\/image-20.jpeg 535w, https:\/\/asiatikavienna.com\/wp-content\/uploads\/2026\/01\/image-20-218x300.jpeg 218w\" sizes=\"(max-width: 535px) 100vw, 535px\" \/>\t\t\t\t\t\t\t\t\t\t\t<figcaption class=\"widget-image-caption wp-caption-text\">Marblesculpture-005<\/figcaption>\n\t\t\t\t\t\t\t\t\t\t<\/figure>\n\t\t\t\t\t\t\t\t\t<\/div>\n\t\t\t\t<\/div>\n\t\t\t\t<\/div>\n\t\t<div class=\"elementor-element elementor-element-6131c1e9 e-con-full e-flex e-con e-child\" data-id=\"6131c1e9\" data-element_type=\"container\" data-e-type=\"container\">\n\t\t<div class=\"elementor-element elementor-element-61db5 e-con-full e-flex e-con e-child\" data-id=\"61db5\" data-element_type=\"container\" data-e-type=\"container\">\n\t\t\t\t<div class=\"elementor-element elementor-element-23aefdfa elementor-widget elementor-widget-heading\" data-id=\"23aefdfa\" data-element_type=\"widget\" data-e-type=\"widget\" data-widget_type=\"heading.default\">\n\t\t\t\t<div class=\"elementor-widget-container\">\n\t\t\t\t\t<h2 class=\"elementor-heading-title elementor-size-default\">Large Guanyin Head\n<\/h2>\t\t\t\t<\/div>\n\t\t\t\t<\/div>\n\t\t\t\t<\/div>\n\t\t<div class=\"elementor-element elementor-element-9279485 e-con-full e-flex e-con e-child\" data-id=\"9279485\" data-element_type=\"container\" data-e-type=\"container\">\n\t\t\t\t<div class=\"elementor-element elementor-element-3aa28c10 elementor-widget elementor-widget-text-editor\" data-id=\"3aa28c10\" data-element_type=\"widget\" data-e-type=\"widget\" data-widget_type=\"text-editor.default\">\n\t\t\t\t<div class=\"elementor-widget-container\">\n\t\t\t\t\t\t\t\t\t<p>China, Qing- Dynastie.<\/p><p>White marble; beautifully carved meditative face of the mother goddess beneath a tall Bodhisattva hairstyle with braided locks, adorned with a diadem, and long earlobes with earrings.<\/p><p>H: 55 cm<\/p><p><strong>Preis <\/strong>1100\u20ac\u00a0<\/p>\t\t\t\t\t\t\t\t<\/div>\n\t\t\t\t<\/div>\n\t\t\t\t<div class=\"elementor-element elementor-element-728c510 elementor-widget elementor-widget-button\" data-id=\"728c510\" data-element_type=\"widget\" data-e-type=\"widget\" data-widget_type=\"button.default\">\n\t\t\t\t<div class=\"elementor-widget-container\">\n\t\t\t\t\t\t\t\t\t<div class=\"elementor-button-wrapper\">\n\t\t\t\t\t<a class=\"elementor-button elementor-button-link elementor-size-sm\" href=\"http:\/\/asiatikavienna.com\/en\/kontakt\/?produkt=Marmorskulpturen-005\">\n\t\t\t\t\t\t<span class=\"elementor-button-content-wrapper\">\n\t\t\t\t\t\t\t\t\t<span class=\"elementor-button-text\">Contact<\/span>\n\t\t\t\t\t<\/span>\n\t\t\t\t\t<\/a>\n\t\t\t\t<\/div>\n\t\t\t\t\t\t\t\t<\/div>\n\t\t\t\t<\/div>\n\t\t\t\t<\/div>\n\t\t\t\t<\/div>\n\t\t\t\t\t<\/div>\n\t\t\t\t<\/div>\n\t\t<div class=\"elementor-element elementor-element-d7df2b8 e-flex e-con-boxed e-con e-parent\" data-id=\"d7df2b8\" data-element_type=\"container\" data-e-type=\"container\">\n\t\t\t\t\t<div class=\"e-con-inner\">\n\t\t<div class=\"elementor-element elementor-element-9490d34 e-con-full e-flex e-con e-child\" data-id=\"9490d34\" data-element_type=\"container\" data-e-type=\"container\">\n\t\t\t\t<div class=\"elementor-element elementor-element-6f85687 elementor-widget elementor-widget-image\" data-id=\"6f85687\" data-element_type=\"widget\" data-e-type=\"widget\" data-widget_type=\"image.default\">\n\t\t\t\t<div class=\"elementor-widget-container\">\n\t\t\t\t\t\t\t\t\t\t\t\t<figure class=\"wp-caption\">\n\t\t\t\t\t\t\t\t\t\t<img loading=\"lazy\" decoding=\"async\" width=\"535\" height=\"401\" src=\"https:\/\/asiatikavienna.com\/wp-content\/uploads\/2026\/01\/image-25.jpeg\" class=\"attachment-large size-large wp-image-1285\" alt=\"\" srcset=\"https:\/\/asiatikavienna.com\/wp-content\/uploads\/2026\/01\/image-25.jpeg 535w, https:\/\/asiatikavienna.com\/wp-content\/uploads\/2026\/01\/image-25-300x225.jpeg 300w\" sizes=\"(max-width: 535px) 100vw, 535px\" \/>\t\t\t\t\t\t\t\t\t\t\t<figcaption class=\"widget-image-caption wp-caption-text\">Marblesculpture-006<\/figcaption>\n\t\t\t\t\t\t\t\t\t\t<\/figure>\n\t\t\t\t\t\t\t\t\t<\/div>\n\t\t\t\t<\/div>\n\t\t\t\t<\/div>\n\t\t<div class=\"elementor-element elementor-element-7670e4d e-con-full e-flex e-con e-child\" data-id=\"7670e4d\" data-element_type=\"container\" data-e-type=\"container\">\n\t\t<div class=\"elementor-element elementor-element-3d5f899 e-con-full e-flex e-con e-child\" data-id=\"3d5f899\" data-element_type=\"container\" data-e-type=\"container\">\n\t\t\t\t<div class=\"elementor-element elementor-element-2a5caa4 elementor-widget elementor-widget-heading\" data-id=\"2a5caa4\" data-element_type=\"widget\" data-e-type=\"widget\" data-widget_type=\"heading.default\">\n\t\t\t\t<div class=\"elementor-widget-container\">\n\t\t\t\t\t<h2 class=\"elementor-heading-title elementor-size-default\">Pair of Large Guardian Lions\n<\/h2>\t\t\t\t<\/div>\n\t\t\t\t<\/div>\n\t\t\t\t<div class=\"elementor-element elementor-element-b7ef830 elementor-widget elementor-widget-text-editor\" data-id=\"b7ef830\" data-element_type=\"widget\" data-e-type=\"widget\" data-widget_type=\"text-editor.default\">\n\t\t\t\t<div class=\"elementor-widget-container\">\n\t\t\t\t\t\t\t\t\t<p>China, Qing-Dynastie.<\/p><p>White marble; the seated animal with a prominent head and widely open mouth, on an integrated marble base. Imposing sculptural figure, originally intended to ward off \u201cevil spirits\u201d in front of palace gates. Signed; minor chips.<\/p><p>H: 74 cm, B: 48 cm, T: 25 cm\/St.<\/p><p><strong>Preis: <\/strong>2900\u20ac<\/p>\t\t\t\t\t\t\t\t<\/div>\n\t\t\t\t<\/div>\n\t\t\t\t<\/div>\n\t\t<div class=\"elementor-element elementor-element-e50d262 e-con-full e-flex e-con e-child\" data-id=\"e50d262\" data-element_type=\"container\" data-e-type=\"container\">\n\t\t\t\t<div class=\"elementor-element elementor-element-68091d1 elementor-widget elementor-widget-button\" data-id=\"68091d1\" data-element_type=\"widget\" data-e-type=\"widget\" data-widget_type=\"button.default\">\n\t\t\t\t<div class=\"elementor-widget-container\">\n\t\t\t\t\t\t\t\t\t<div class=\"elementor-button-wrapper\">\n\t\t\t\t\t<a class=\"elementor-button elementor-button-link elementor-size-sm\" href=\"http:\/\/asiatikavienna.com\/en\/kontakt\/?produkt=Marmorskulpturen-006\">\n\t\t\t\t\t\t<span class=\"elementor-button-content-wrapper\">\n\t\t\t\t\t\t\t\t\t<span class=\"elementor-button-text\">Contact<\/span>\n\t\t\t\t\t<\/span>\n\t\t\t\t\t<\/a>\n\t\t\t\t<\/div>\n\t\t\t\t\t\t\t\t<\/div>\n\t\t\t\t<\/div>\n\t\t\t\t<\/div>\n\t\t\t\t<\/div>\n\t\t\t\t\t<\/div>\n\t\t\t\t<\/div>\n\t\t\t\t<\/div>","protected":false},"excerpt":{"rendered":"<p>CHINA Marmorskulptur-001 Attraktive Tempelw\u00e4chter China, wohl Ming-Dynastie. Dunkles Marmorfries, plastisch aus dem Material herausgearbeitetes Halbrelief von einem W\u00e4chterpaar mit traditioneller Bekleidung und Kopfbedeckung, bewaffnet mit Hellebarde bzw. Schwert, starrer, unheilverbreitender Gesichtsausdruck, zu ihren F\u00fc\u00dfen besiegte Gegner in gekr\u00fcmmter, demutsvoller Haltung, dekoratives, gro\u00dfes Relief, altersbed. Bruch- und Schadstellen. H: ca. 135 cm, B: 63cm, T: ca. [&hellip;]<\/p>\n","protected":false},"author":1,"featured_media":0,"parent":0,"menu_order":0,"comment_status":"closed","ping_status":"closed","template":"","meta":{"footnotes":""},"class_list":["post-1267","page","type-page","status-publish","hentry"],"blocksy_meta":[],"aioseo_notices":[],"jetpack_sharing_enabled":true,"_links":{"self":[{"href":"https:\/\/asiatikavienna.com\/en\/wp-json\/wp\/v2\/pages\/1267","targetHints":{"allow":["GET"]}}],"collection":[{"href":"https:\/\/asiatikavienna.com\/en\/wp-json\/wp\/v2\/pages"}],"about":[{"href":"https:\/\/asiatikavienna.com\/en\/wp-json\/wp\/v2\/types\/page"}],"author":[{"embeddable":true,"href":"https:\/\/asiatikavienna.com\/en\/wp-json\/wp\/v2\/users\/1"}],"replies":[{"embeddable":true,"href":"https:\/\/asiatikavienna.com\/en\/wp-json\/wp\/v2\/comments?post=1267"}],"version-history":[{"count":37,"href":"https:\/\/asiatikavienna.com\/en\/wp-json\/wp\/v2\/pages\/1267\/revisions"}],"predecessor-version":[{"id":4509,"href":"https:\/\/asiatikavienna.com\/en\/wp-json\/wp\/v2\/pages\/1267\/revisions\/4509"}],"wp:attachment":[{"href":"https:\/\/asiatikavienna.com\/en\/wp-json\/wp\/v2\/media?parent=1267"}],"curies":[{"name":"wp","href":"https:\/\/api.w.org\/{rel}","templated":true}]}}