{"id":1292,"date":"2026-01-02T18:57:00","date_gmt":"2026-01-02T18:57:00","guid":{"rendered":"https:\/\/asiatikavienna.com\/?page_id=1292"},"modified":"2026-04-17T11:07:53","modified_gmt":"2026-04-17T11:07:53","slug":"holz-skulpturen","status":"publish","type":"page","link":"https:\/\/asiatikavienna.com\/en\/holz-skulpturen\/","title":{"rendered":"Wooden Sculptures"},"content":{"rendered":"<div data-elementor-type=\"wp-page\" data-elementor-id=\"1292\" class=\"elementor elementor-1292\" data-elementor-post-type=\"page\">\n\t\t\t\t<div class=\"elementor-element elementor-element-704fed19 e-flex e-con-boxed e-con e-parent\" data-id=\"704fed19\" data-element_type=\"container\" data-e-type=\"container\">\n\t\t\t\t\t<div class=\"e-con-inner\">\n\t\t<div class=\"elementor-element elementor-element-dae3242 e-con-full e-flex e-con e-child\" data-id=\"dae3242\" data-element_type=\"container\" data-e-type=\"container\">\n\t\t<div class=\"elementor-element elementor-element-41540938 e-con-full e-flex e-con e-child\" data-id=\"41540938\" data-element_type=\"container\" data-e-type=\"container\">\n\t\t\t\t<div class=\"elementor-element elementor-element-6e697de9 elementor-widget elementor-widget-heading\" data-id=\"6e697de9\" data-element_type=\"widget\" data-e-type=\"widget\" data-widget_type=\"heading.default\">\n\t\t\t\t<div class=\"elementor-widget-container\">\n\t\t\t\t\t<h4 class=\"elementor-heading-title elementor-size-default\">CHINA\n<\/h4>\t\t\t\t<\/div>\n\t\t\t\t<\/div>\n\t\t\t\t<\/div>\n\t\t\t\t<\/div>\n\t\t\t\t\t<\/div>\n\t\t\t\t<\/div>\n\t\t<div class=\"elementor-element elementor-element-f2eaccb e-flex e-con-boxed e-con e-parent\" data-id=\"f2eaccb\" data-element_type=\"container\" data-e-type=\"container\">\n\t\t\t\t\t<div class=\"e-con-inner\">\n\t\t<div class=\"elementor-element elementor-element-155ad96 e-con-full e-flex e-con e-child\" data-id=\"155ad96\" data-element_type=\"container\" data-e-type=\"container\">\n\t\t\t\t<div class=\"elementor-element elementor-element-d6689b6 elementor-widget elementor-widget-image\" data-id=\"d6689b6\" data-element_type=\"widget\" data-e-type=\"widget\" data-widget_type=\"image.default\">\n\t\t\t\t<div class=\"elementor-widget-container\">\n\t\t\t\t\t\t\t\t\t\t\t\t<figure class=\"wp-caption\">\n\t\t\t\t\t\t\t\t\t\t<img fetchpriority=\"high\" decoding=\"async\" width=\"535\" height=\"764\" src=\"https:\/\/asiatikavienna.com\/wp-content\/uploads\/2026\/01\/Holz-buddha.jpg\" class=\"attachment-large size-large wp-image-2097\" alt=\"\" srcset=\"https:\/\/asiatikavienna.com\/wp-content\/uploads\/2026\/01\/Holz-buddha.jpg 535w, https:\/\/asiatikavienna.com\/wp-content\/uploads\/2026\/01\/Holz-buddha-210x300.jpg 210w\" sizes=\"(max-width: 535px) 100vw, 535px\" \/>\t\t\t\t\t\t\t\t\t\t\t<figcaption class=\"widget-image-caption wp-caption-text\">Woodensculpture-001<\/figcaption>\n\t\t\t\t\t\t\t\t\t\t<\/figure>\n\t\t\t\t\t\t\t\t\t<\/div>\n\t\t\t\t<\/div>\n\t\t\t\t<\/div>\n\t\t<div class=\"elementor-element elementor-element-c9d5ca1 e-con-full e-flex e-con e-child\" data-id=\"c9d5ca1\" data-element_type=\"container\" data-e-type=\"container\">\n\t\t<div class=\"elementor-element elementor-element-6190432 e-con-full e-flex e-con e-child\" data-id=\"6190432\" data-element_type=\"container\" data-e-type=\"container\">\n\t\t\t\t<div class=\"elementor-element elementor-element-e8ca1ae elementor-widget elementor-widget-heading\" data-id=\"e8ca1ae\" data-element_type=\"widget\" data-e-type=\"widget\" data-widget_type=\"heading.default\">\n\t\t\t\t<div class=\"elementor-widget-container\">\n\t\t\t\t\t<h2 class=\"elementor-heading-title elementor-size-default\">Large Seated Milofo\n<\/h2>\t\t\t\t<\/div>\n\t\t\t\t<\/div>\n\t\t\t\t<\/div>\n\t\t<div class=\"elementor-element elementor-element-0057937 e-con-full e-flex e-con e-child\" data-id=\"0057937\" data-element_type=\"container\" data-e-type=\"container\">\n\t\t\t\t<div class=\"elementor-element elementor-element-70b4ab4 elementor-widget elementor-widget-text-editor\" data-id=\"70b4ab4\" data-element_type=\"widget\" data-e-type=\"widget\" data-widget_type=\"text-editor.default\">\n\t\t\t\t<div class=\"elementor-widget-container\">\n\t\t\t\t\t\t\t\t\t<div dir=\"ltr\"><div dir=\"ltr\"><div dir=\"ltr\"><div dir=\"ltr\"><div dir=\"ltr\">China, Qing-Dynastie, 19.Jh..<\/div><div dir=\"ltr\">\u00a0<\/div><div dir=\"ltr\">Hardwood with black and reddish<\/div><div dir=\"ltr\">lacquer finish and traces of gilding; the sculpture of<\/div><div dir=\"ltr\">the pot-bellied Buddha, the god of fortune and the kitchen, in characteristic<\/div><div dir=\"ltr\">depiction with bare chest and abdomen; right hand<\/div><div dir=\"ltr\">gently touching his prayer bead necklace; left hand holding a corner of his<\/div><div dir=\"ltr\">beggar\u2019s sack; face beneath the bald head radiates kindness and<\/div><div dir=\"ltr\">contentment; attractive large sculpture from a provincial<\/div><div dir=\"ltr\">shrine<\/div><div dir=\"ltr\">\u00a0<\/div><div dir=\"ltr\">H: 80 cm, B: 68 cm, T: 48 cm<\/div><div dir=\"ltr\">\u00a0<\/div><div dir=\"ltr\"><strong>Preis: <\/strong>2800 \u20ac<\/div><\/div><\/div><\/div><\/div>\t\t\t\t\t\t\t\t<\/div>\n\t\t\t\t<\/div>\n\t\t\t\t<div class=\"elementor-element elementor-element-3d4057a elementor-widget elementor-widget-button\" data-id=\"3d4057a\" data-element_type=\"widget\" data-e-type=\"widget\" data-widget_type=\"button.default\">\n\t\t\t\t<div class=\"elementor-widget-container\">\n\t\t\t\t\t\t\t\t\t<div class=\"elementor-button-wrapper\">\n\t\t\t\t\t<a class=\"elementor-button elementor-button-link elementor-size-sm\" href=\"http:\/\/asiatikavienna.com\/en\/kontakt\/?produkt=Holzskulptur-001\">\n\t\t\t\t\t\t<span class=\"elementor-button-content-wrapper\">\n\t\t\t\t\t\t\t\t\t<span class=\"elementor-button-text\">Contact<\/span>\n\t\t\t\t\t<\/span>\n\t\t\t\t\t<\/a>\n\t\t\t\t<\/div>\n\t\t\t\t\t\t\t\t<\/div>\n\t\t\t\t<\/div>\n\t\t\t\t<\/div>\n\t\t\t\t<\/div>\n\t\t\t\t\t<\/div>\n\t\t\t\t<\/div>\n\t\t<div class=\"elementor-element elementor-element-54d0a44 e-flex e-con-boxed e-con e-parent\" data-id=\"54d0a44\" data-element_type=\"container\" data-e-type=\"container\">\n\t\t\t\t\t<div class=\"e-con-inner\">\n\t\t<div class=\"elementor-element elementor-element-48f57a5 e-con-full e-flex e-con e-child\" data-id=\"48f57a5\" data-element_type=\"container\" data-e-type=\"container\">\n\t\t\t\t<div class=\"elementor-element elementor-element-89fca32 elementor-widget elementor-widget-image\" data-id=\"89fca32\" data-element_type=\"widget\" data-e-type=\"widget\" data-widget_type=\"image.default\">\n\t\t\t\t<div class=\"elementor-widget-container\">\n\t\t\t\t\t\t\t\t\t\t\t\t<figure class=\"wp-caption\">\n\t\t\t\t\t\t\t\t\t\t<img decoding=\"async\" width=\"614\" height=\"1024\" src=\"https:\/\/asiatikavienna.com\/wp-content\/uploads\/2026\/01\/55-614x1024.jpg\" class=\"attachment-large size-large wp-image-3149\" alt=\"\" srcset=\"https:\/\/asiatikavienna.com\/wp-content\/uploads\/2026\/01\/55-614x1024.jpg 614w, https:\/\/asiatikavienna.com\/wp-content\/uploads\/2026\/01\/55-180x300.jpg 180w, https:\/\/asiatikavienna.com\/wp-content\/uploads\/2026\/01\/55-768x1280.jpg 768w, https:\/\/asiatikavienna.com\/wp-content\/uploads\/2026\/01\/55-921x1536.jpg 921w, https:\/\/asiatikavienna.com\/wp-content\/uploads\/2026\/01\/55-1229x2048.jpg 1229w, https:\/\/asiatikavienna.com\/wp-content\/uploads\/2026\/01\/55-1320x2200.jpg 1320w, https:\/\/asiatikavienna.com\/wp-content\/uploads\/2026\/01\/55.jpg 1417w\" sizes=\"(max-width: 614px) 100vw, 614px\" \/>\t\t\t\t\t\t\t\t\t\t\t<figcaption class=\"widget-image-caption wp-caption-text\">Woodensculpture-002<\/figcaption>\n\t\t\t\t\t\t\t\t\t\t<\/figure>\n\t\t\t\t\t\t\t\t\t<\/div>\n\t\t\t\t<\/div>\n\t\t\t\t<\/div>\n\t\t<div class=\"elementor-element elementor-element-9c983eb e-con-full e-flex e-con e-child\" data-id=\"9c983eb\" data-element_type=\"container\" data-e-type=\"container\">\n\t\t<div class=\"elementor-element elementor-element-eae665f e-con-full e-flex e-con e-child\" data-id=\"eae665f\" data-element_type=\"container\" data-e-type=\"container\">\n\t\t\t\t<div class=\"elementor-element elementor-element-f4e1090 elementor-widget elementor-widget-heading\" data-id=\"f4e1090\" data-element_type=\"widget\" data-e-type=\"widget\" data-widget_type=\"heading.default\">\n\t\t\t\t<div class=\"elementor-widget-container\">\n\t\t\t\t\t<h2 class=\"elementor-heading-title elementor-size-default\">Standing Drake\n<\/h2>\t\t\t\t<\/div>\n\t\t\t\t<\/div>\n\t\t\t\t<\/div>\n\t\t<div class=\"elementor-element elementor-element-256b287 e-con-full e-flex e-con e-child\" data-id=\"256b287\" data-element_type=\"container\" data-e-type=\"container\">\n\t\t\t\t<div class=\"elementor-element elementor-element-015c21a elementor-widget elementor-widget-text-editor\" data-id=\"015c21a\" data-element_type=\"widget\" data-e-type=\"widget\" data-widget_type=\"text-editor.default\">\n\t\t\t\t<div class=\"elementor-widget-container\">\n\t\t\t\t\t\t\t\t\t<div dir=\"ltr\"><div dir=\"ltr\"><p>South China, Taiwan, early 20th century.<\/p><p>Wood with polychrome finish emphasizing the stylized plumage; standing upright on a suggested rock. In Buddhist ritual, the duck symbolizes the subjugation of evil.<\/p><p>GH: 58,5 cm<strong><br data-start=\"339\" data-end=\"342\" \/><\/strong><\/p><p><strong>Preis: <\/strong>320 \u20ac<\/p><\/div><\/div>\t\t\t\t\t\t\t\t<\/div>\n\t\t\t\t<\/div>\n\t\t\t\t<div class=\"elementor-element elementor-element-9b80cf7 elementor-widget elementor-widget-button\" data-id=\"9b80cf7\" data-element_type=\"widget\" data-e-type=\"widget\" data-widget_type=\"button.default\">\n\t\t\t\t<div class=\"elementor-widget-container\">\n\t\t\t\t\t\t\t\t\t<div class=\"elementor-button-wrapper\">\n\t\t\t\t\t<a class=\"elementor-button elementor-button-link elementor-size-sm\" href=\"http:\/\/asiatikavienna.com\/en\/kontakt\/?produkt=Holzskulptur-002\">\n\t\t\t\t\t\t<span class=\"elementor-button-content-wrapper\">\n\t\t\t\t\t\t\t\t\t<span class=\"elementor-button-text\">Contact<\/span>\n\t\t\t\t\t<\/span>\n\t\t\t\t\t<\/a>\n\t\t\t\t<\/div>\n\t\t\t\t\t\t\t\t<\/div>\n\t\t\t\t<\/div>\n\t\t\t\t<\/div>\n\t\t\t\t<\/div>\n\t\t\t\t\t<\/div>\n\t\t\t\t<\/div>\n\t\t<div class=\"elementor-element elementor-element-1bc5cff e-flex e-con-boxed e-con e-parent\" data-id=\"1bc5cff\" data-element_type=\"container\" data-e-type=\"container\">\n\t\t\t\t\t<div class=\"e-con-inner\">\n\t\t<div class=\"elementor-element elementor-element-ef884d8 e-con-full e-flex e-con e-child\" data-id=\"ef884d8\" data-element_type=\"container\" data-e-type=\"container\">\n\t\t<div class=\"elementor-element elementor-element-fc75cd7 e-con-full e-flex e-con e-child\" data-id=\"fc75cd7\" data-element_type=\"container\" data-e-type=\"container\">\n\t\t\t\t<div class=\"elementor-element elementor-element-5c3d7f1 elementor-widget elementor-widget-heading\" data-id=\"5c3d7f1\" data-element_type=\"widget\" data-e-type=\"widget\" data-widget_type=\"heading.default\">\n\t\t\t\t<div class=\"elementor-widget-container\">\n\t\t\t\t\t<h4 class=\"elementor-heading-title elementor-size-default\">Indonesien\n<\/h4>\t\t\t\t<\/div>\n\t\t\t\t<\/div>\n\t\t\t\t<\/div>\n\t\t\t\t<\/div>\n\t\t\t\t\t<\/div>\n\t\t\t\t<\/div>\n\t\t<div class=\"elementor-element elementor-element-1530787 e-flex e-con-boxed e-con e-parent\" data-id=\"1530787\" data-element_type=\"container\" data-e-type=\"container\">\n\t\t\t\t\t<div class=\"e-con-inner\">\n\t\t<div class=\"elementor-element elementor-element-c36e7ca e-con-full e-flex e-con e-child\" data-id=\"c36e7ca\" data-element_type=\"container\" data-e-type=\"container\">\n\t\t\t\t<div class=\"elementor-element elementor-element-061d255 elementor-widget elementor-widget-image\" data-id=\"061d255\" data-element_type=\"widget\" data-e-type=\"widget\" data-widget_type=\"image.default\">\n\t\t\t\t<div class=\"elementor-widget-container\">\n\t\t\t\t\t\t\t\t\t\t\t\t<figure class=\"wp-caption\">\n\t\t\t\t\t\t\t\t\t\t<img decoding=\"async\" width=\"535\" height=\"823\" src=\"https:\/\/asiatikavienna.com\/wp-content\/uploads\/2026\/01\/image-27.jpeg\" class=\"attachment-large size-large wp-image-1295\" alt=\"\" srcset=\"https:\/\/asiatikavienna.com\/wp-content\/uploads\/2026\/01\/image-27.jpeg 535w, https:\/\/asiatikavienna.com\/wp-content\/uploads\/2026\/01\/image-27-195x300.jpeg 195w\" sizes=\"(max-width: 535px) 100vw, 535px\" \/>\t\t\t\t\t\t\t\t\t\t\t<figcaption class=\"widget-image-caption wp-caption-text\">Woodensculpture-003<\/figcaption>\n\t\t\t\t\t\t\t\t\t\t<\/figure>\n\t\t\t\t\t\t\t\t\t<\/div>\n\t\t\t\t<\/div>\n\t\t\t\t<\/div>\n\t\t<div class=\"elementor-element elementor-element-ff50bc6 e-con-full e-flex e-con e-child\" data-id=\"ff50bc6\" data-element_type=\"container\" data-e-type=\"container\">\n\t\t<div class=\"elementor-element elementor-element-27294da e-con-full e-flex e-con e-child\" data-id=\"27294da\" data-element_type=\"container\" data-e-type=\"container\">\n\t\t\t\t<div class=\"elementor-element elementor-element-3bf18b3 elementor-widget elementor-widget-heading\" data-id=\"3bf18b3\" data-element_type=\"widget\" data-e-type=\"widget\" data-widget_type=\"heading.default\">\n\t\t\t\t<div class=\"elementor-widget-container\">\n\t\t\t\t\t<h2 class=\"elementor-heading-title elementor-size-default\">Mythological Mythical Creature Group\n<\/h2>\t\t\t\t<\/div>\n\t\t\t\t<\/div>\n\t\t\t\t<\/div>\n\t\t<div class=\"elementor-element elementor-element-6dde364 e-con-full e-flex e-con e-child\" data-id=\"6dde364\" data-element_type=\"container\" data-e-type=\"container\">\n\t\t\t\t<div class=\"elementor-element elementor-element-667b238 elementor-widget elementor-widget-text-editor\" data-id=\"667b238\" data-element_type=\"widget\" data-e-type=\"widget\" data-widget_type=\"text-editor.default\">\n\t\t\t\t<div class=\"elementor-widget-container\">\n\t\t\t\t\t\t\t\t\t<div dir=\"ltr\"><div dir=\"ltr\"><div dir=\"ltr\">Bali, Indonesia, early 20th century.<\/div><div dir=\"ltr\">\u00a0<\/div><div dir=\"ltr\">Elaborately crafted teakwood sculpture,<\/div><div dir=\"ltr\">partly openwork; dragon-like mythical creatures engaged in combat with<\/div><div dir=\"ltr\">a local deity with a fearsome demon mask.<\/div><div dir=\"ltr\">\u00a0<\/div><div dir=\"ltr\">H: 50 cm, B: ca. 13 cm, T: 19 cm<\/div><div dir=\"ltr\">\u00a0<\/div><div dir=\"ltr\"><strong>Preis: <\/strong>450 \u20ac<\/div><\/div><\/div>\t\t\t\t\t\t\t\t<\/div>\n\t\t\t\t<\/div>\n\t\t\t\t<div class=\"elementor-element elementor-element-4e4fd72 elementor-widget elementor-widget-button\" data-id=\"4e4fd72\" data-element_type=\"widget\" data-e-type=\"widget\" data-widget_type=\"button.default\">\n\t\t\t\t<div class=\"elementor-widget-container\">\n\t\t\t\t\t\t\t\t\t<div class=\"elementor-button-wrapper\">\n\t\t\t\t\t<a class=\"elementor-button elementor-button-link elementor-size-sm\" href=\"http:\/\/asiatikavienna.com\/en\/kontakt\/?produkt=Holzskulptur-003\">\n\t\t\t\t\t\t<span class=\"elementor-button-content-wrapper\">\n\t\t\t\t\t\t\t\t\t<span class=\"elementor-button-text\">Contact<\/span>\n\t\t\t\t\t<\/span>\n\t\t\t\t\t<\/a>\n\t\t\t\t<\/div>\n\t\t\t\t\t\t\t\t<\/div>\n\t\t\t\t<\/div>\n\t\t\t\t<\/div>\n\t\t\t\t<\/div>\n\t\t\t\t\t<\/div>\n\t\t\t\t<\/div>\n\t\t<div class=\"elementor-element elementor-element-1efa8f7 e-flex e-con-boxed e-con e-parent\" data-id=\"1efa8f7\" data-element_type=\"container\" data-e-type=\"container\">\n\t\t\t\t\t<div class=\"e-con-inner\">\n\t\t<div class=\"elementor-element elementor-element-2f38aac e-con-full e-flex e-con e-child\" data-id=\"2f38aac\" data-element_type=\"container\" data-e-type=\"container\">\n\t\t<div class=\"elementor-element elementor-element-60b8aec e-con-full e-flex e-con e-child\" data-id=\"60b8aec\" data-element_type=\"container\" data-e-type=\"container\">\n\t\t\t\t<div class=\"elementor-element elementor-element-7698ccf elementor-widget elementor-widget-heading\" data-id=\"7698ccf\" data-element_type=\"widget\" data-e-type=\"widget\" data-widget_type=\"heading.default\">\n\t\t\t\t<div class=\"elementor-widget-container\">\n\t\t\t\t\t<h4 class=\"elementor-heading-title elementor-size-default\">AFRIKA\n<\/h4>\t\t\t\t<\/div>\n\t\t\t\t<\/div>\n\t\t\t\t<\/div>\n\t\t\t\t<\/div>\n\t\t\t\t\t<\/div>\n\t\t\t\t<\/div>\n\t\t<div class=\"elementor-element elementor-element-93a381b e-flex e-con-boxed e-con e-parent\" data-id=\"93a381b\" data-element_type=\"container\" data-e-type=\"container\">\n\t\t\t\t\t<div class=\"e-con-inner\">\n\t\t<div class=\"elementor-element elementor-element-9644edb e-con-full e-flex e-con e-child\" data-id=\"9644edb\" data-element_type=\"container\" data-e-type=\"container\">\n\t\t\t\t<div class=\"elementor-element elementor-element-bd096f8 elementor-widget elementor-widget-image\" data-id=\"bd096f8\" data-element_type=\"widget\" data-e-type=\"widget\" data-widget_type=\"image.default\">\n\t\t\t\t<div class=\"elementor-widget-container\">\n\t\t\t\t\t\t\t\t\t\t\t\t<figure class=\"wp-caption\">\n\t\t\t\t\t\t\t\t\t\t<img loading=\"lazy\" decoding=\"async\" width=\"614\" height=\"1024\" src=\"https:\/\/asiatikavienna.com\/wp-content\/uploads\/2026\/01\/30-614x1024.jpg\" class=\"attachment-large size-large wp-image-2771\" alt=\"\" srcset=\"https:\/\/asiatikavienna.com\/wp-content\/uploads\/2026\/01\/30-614x1024.jpg 614w, https:\/\/asiatikavienna.com\/wp-content\/uploads\/2026\/01\/30-180x300.jpg 180w, https:\/\/asiatikavienna.com\/wp-content\/uploads\/2026\/01\/30-768x1280.jpg 768w, https:\/\/asiatikavienna.com\/wp-content\/uploads\/2026\/01\/30-921x1536.jpg 921w, https:\/\/asiatikavienna.com\/wp-content\/uploads\/2026\/01\/30-1229x2048.jpg 1229w, https:\/\/asiatikavienna.com\/wp-content\/uploads\/2026\/01\/30-1320x2200.jpg 1320w, https:\/\/asiatikavienna.com\/wp-content\/uploads\/2026\/01\/30.jpg 1417w\" sizes=\"(max-width: 614px) 100vw, 614px\" \/>\t\t\t\t\t\t\t\t\t\t\t<figcaption class=\"widget-image-caption wp-caption-text\">Woodensculpture-004<\/figcaption>\n\t\t\t\t\t\t\t\t\t\t<\/figure>\n\t\t\t\t\t\t\t\t\t<\/div>\n\t\t\t\t<\/div>\n\t\t\t\t<\/div>\n\t\t<div class=\"elementor-element elementor-element-ec04507 e-con-full e-flex e-con e-child\" data-id=\"ec04507\" data-element_type=\"container\" data-e-type=\"container\">\n\t\t<div class=\"elementor-element elementor-element-a9b28b1 e-con-full e-flex e-con e-child\" data-id=\"a9b28b1\" data-element_type=\"container\" data-e-type=\"container\">\n\t\t\t\t<div class=\"elementor-element elementor-element-2c3a8cd elementor-widget elementor-widget-heading\" data-id=\"2c3a8cd\" data-element_type=\"widget\" data-e-type=\"widget\" data-widget_type=\"heading.default\">\n\t\t\t\t<div class=\"elementor-widget-container\">\n\t\t\t\t\t<h2 class=\"elementor-heading-title elementor-size-default\">Tall Gateway Post\n<\/h2>\t\t\t\t<\/div>\n\t\t\t\t<\/div>\n\t\t\t\t<\/div>\n\t\t<div class=\"elementor-element elementor-element-d7a04f2 e-con-full e-flex e-con e-child\" data-id=\"d7a04f2\" data-element_type=\"container\" data-e-type=\"container\">\n\t\t\t\t<div class=\"elementor-element elementor-element-4ed97b3 elementor-widget elementor-widget-text-editor\" data-id=\"4ed97b3\" data-element_type=\"widget\" data-e-type=\"widget\" data-widget_type=\"text-editor.default\">\n\t\t\t\t<div class=\"elementor-widget-container\">\n\t\t\t\t\t\t\t\t\t<div dir=\"ltr\"><div dir=\"ltr\"><div dir=\"ltr\"><div dir=\"ltr\"><div dir=\"ltr\"><p data-start=\"82\" data-end=\"611\">Cameroon, Mambila tribe, first half of the 20th century,<\/p><p data-start=\"82\" data-end=\"611\">Wood with brown patina, partly flaked; male and female figures standing one above the other in powerful stance, heads supported by their hands, heart-shaped faces with tribe-typical features. Gateway post for the assembly hut used in the inauguration rites of male and female tribal youth. Rare ritual object with subtle erotic expression, on a round integrated wooden base; minor age-related damage.<\/p><p data-start=\"82\" data-end=\"611\">H: ca. 148 cm, B: ca. 22 cm, T: ca. 21 cm<\/p><p data-start=\"82\" data-end=\"611\"><strong>Preis: <\/strong>750\u00a0\u20ac<\/p><\/div><\/div><\/div><\/div><\/div>\t\t\t\t\t\t\t\t<\/div>\n\t\t\t\t<\/div>\n\t\t\t\t<div class=\"elementor-element elementor-element-899dcea elementor-widget elementor-widget-button\" data-id=\"899dcea\" data-element_type=\"widget\" data-e-type=\"widget\" data-widget_type=\"button.default\">\n\t\t\t\t<div class=\"elementor-widget-container\">\n\t\t\t\t\t\t\t\t\t<div class=\"elementor-button-wrapper\">\n\t\t\t\t\t<a class=\"elementor-button elementor-button-link elementor-size-sm\" href=\"http:\/\/asiatikavienna.com\/en\/kontakt\/?produkt=Holzskulptur-004\">\n\t\t\t\t\t\t<span class=\"elementor-button-content-wrapper\">\n\t\t\t\t\t\t\t\t\t<span class=\"elementor-button-text\">Contact<\/span>\n\t\t\t\t\t<\/span>\n\t\t\t\t\t<\/a>\n\t\t\t\t<\/div>\n\t\t\t\t\t\t\t\t<\/div>\n\t\t\t\t<\/div>\n\t\t\t\t<\/div>\n\t\t\t\t<\/div>\n\t\t\t\t\t<\/div>\n\t\t\t\t<\/div>\n\t\t<div class=\"elementor-element elementor-element-b69be2c e-flex e-con-boxed e-con e-parent\" data-id=\"b69be2c\" data-element_type=\"container\" data-e-type=\"container\">\n\t\t\t\t\t<div class=\"e-con-inner\">\n\t\t<div class=\"elementor-element elementor-element-dbeee41 e-con-full e-flex e-con e-child\" data-id=\"dbeee41\" data-element_type=\"container\" data-e-type=\"container\">\n\t\t\t\t<div class=\"elementor-element elementor-element-6860480 elementor-widget elementor-widget-image\" data-id=\"6860480\" data-element_type=\"widget\" data-e-type=\"widget\" data-widget_type=\"image.default\">\n\t\t\t\t<div class=\"elementor-widget-container\">\n\t\t\t\t\t\t\t\t\t\t\t\t<figure class=\"wp-caption\">\n\t\t\t\t\t\t\t\t\t\t<img loading=\"lazy\" decoding=\"async\" width=\"614\" height=\"1024\" src=\"https:\/\/asiatikavienna.com\/wp-content\/uploads\/2026\/01\/31-614x1024.jpg\" class=\"attachment-large size-large wp-image-2772\" alt=\"\" srcset=\"https:\/\/asiatikavienna.com\/wp-content\/uploads\/2026\/01\/31-614x1024.jpg 614w, https:\/\/asiatikavienna.com\/wp-content\/uploads\/2026\/01\/31-180x300.jpg 180w, https:\/\/asiatikavienna.com\/wp-content\/uploads\/2026\/01\/31-768x1280.jpg 768w, https:\/\/asiatikavienna.com\/wp-content\/uploads\/2026\/01\/31-921x1536.jpg 921w, https:\/\/asiatikavienna.com\/wp-content\/uploads\/2026\/01\/31-1229x2048.jpg 1229w, https:\/\/asiatikavienna.com\/wp-content\/uploads\/2026\/01\/31-1320x2200.jpg 1320w, https:\/\/asiatikavienna.com\/wp-content\/uploads\/2026\/01\/31.jpg 1417w\" sizes=\"(max-width: 614px) 100vw, 614px\" \/>\t\t\t\t\t\t\t\t\t\t\t<figcaption class=\"widget-image-caption wp-caption-text\">Woodensculpture-005<\/figcaption>\n\t\t\t\t\t\t\t\t\t\t<\/figure>\n\t\t\t\t\t\t\t\t\t<\/div>\n\t\t\t\t<\/div>\n\t\t\t\t<\/div>\n\t\t<div class=\"elementor-element elementor-element-52285bc e-con-full e-flex e-con e-child\" data-id=\"52285bc\" data-element_type=\"container\" data-e-type=\"container\">\n\t\t<div class=\"elementor-element elementor-element-e939eda e-con-full e-flex e-con e-child\" data-id=\"e939eda\" data-element_type=\"container\" data-e-type=\"container\">\n\t\t\t\t<div class=\"elementor-element elementor-element-c1d72ef elementor-widget elementor-widget-heading\" data-id=\"c1d72ef\" data-element_type=\"widget\" data-e-type=\"widget\" data-widget_type=\"heading.default\">\n\t\t\t\t<div class=\"elementor-widget-container\">\n\t\t\t\t\t<h2 class=\"elementor-heading-title elementor-size-default\">Erotic Circumcision Bench Figure\n<\/h2>\t\t\t\t<\/div>\n\t\t\t\t<\/div>\n\t\t\t\t<\/div>\n\t\t<div class=\"elementor-element elementor-element-fd4751a e-con-full e-flex e-con e-child\" data-id=\"fd4751a\" data-element_type=\"container\" data-e-type=\"container\">\n\t\t\t\t<div class=\"elementor-element elementor-element-4bdf82e elementor-widget elementor-widget-text-editor\" data-id=\"4bdf82e\" data-element_type=\"widget\" data-e-type=\"widget\" data-widget_type=\"text-editor.default\">\n\t\t\t\t<div class=\"elementor-widget-container\">\n\t\t\t\t\t\t\t\t\t<div dir=\"ltr\"><div dir=\"ltr\"><div dir=\"ltr\"><div dir=\"ltr\"><p data-start=\"104\" data-end=\"468\">Cameroon, Tikar tribe, 19th\/20th century,<\/p><p data-start=\"104\" data-end=\"468\">Wood with earthy red patina; imposing figurative representation. In reclining position, the figure\u2019s body was used for ritual initiation and circumcision rites, in this case as a seat for boys undergoing circumcision. A cultural and medical-historical relic; minor age-related signs of use.<\/p><p data-start=\"104\" data-end=\"468\">H: bzw. L: 133 cm<\/p><p data-start=\"470\" data-end=\"493\"><strong>Preis: <\/strong>950 \u20ac<\/p><\/div><\/div><\/div><\/div>\t\t\t\t\t\t\t\t<\/div>\n\t\t\t\t<\/div>\n\t\t\t\t<div class=\"elementor-element elementor-element-462b9be elementor-widget elementor-widget-button\" data-id=\"462b9be\" data-element_type=\"widget\" data-e-type=\"widget\" data-widget_type=\"button.default\">\n\t\t\t\t<div class=\"elementor-widget-container\">\n\t\t\t\t\t\t\t\t\t<div class=\"elementor-button-wrapper\">\n\t\t\t\t\t<a class=\"elementor-button elementor-button-link elementor-size-sm\" href=\"http:\/\/asiatikavienna.com\/en\/kontakt\/?produkt=Holzskulptur-005\">\n\t\t\t\t\t\t<span class=\"elementor-button-content-wrapper\">\n\t\t\t\t\t\t\t\t\t<span class=\"elementor-button-text\">Contact<\/span>\n\t\t\t\t\t<\/span>\n\t\t\t\t\t<\/a>\n\t\t\t\t<\/div>\n\t\t\t\t\t\t\t\t<\/div>\n\t\t\t\t<\/div>\n\t\t\t\t<\/div>\n\t\t\t\t<\/div>\n\t\t\t\t\t<\/div>\n\t\t\t\t<\/div>\n\t\t\t\t<\/div>","protected":false},"excerpt":{"rendered":"<p>CHINA Holzskulptur-001 Gro\u00dfer, sitzender Milofo China, Qing-Dynastie, 19.Jh..\u00a0Hartholz mit schwarzer und r\u00f6tlicherLackfassung und Resten von Vergoldung, die Skulptur desDickbauch-Buddhas, des Gl\u00fccks- und K\u00fcchengottes, in charakteristischerDarstellung mit entbl\u00f6\u00dfter Brust- und Bauchpartie, die rechte Handumspielt seine Gebetskette, die Linke umfasst einen Zipfel seinesBettelsacks, das Gesicht unter dem kahlen Haupt strahlt voller G\u00fcte undZufriedenheit, attraktive Gro\u00dfskulptur aus einem [&hellip;]<\/p>\n","protected":false},"author":1,"featured_media":0,"parent":0,"menu_order":0,"comment_status":"closed","ping_status":"closed","template":"","meta":{"footnotes":""},"class_list":["post-1292","page","type-page","status-publish","hentry"],"blocksy_meta":[],"aioseo_notices":[],"jetpack_sharing_enabled":true,"_links":{"self":[{"href":"https:\/\/asiatikavienna.com\/en\/wp-json\/wp\/v2\/pages\/1292","targetHints":{"allow":["GET"]}}],"collection":[{"href":"https:\/\/asiatikavienna.com\/en\/wp-json\/wp\/v2\/pages"}],"about":[{"href":"https:\/\/asiatikavienna.com\/en\/wp-json\/wp\/v2\/types\/page"}],"author":[{"embeddable":true,"href":"https:\/\/asiatikavienna.com\/en\/wp-json\/wp\/v2\/users\/1"}],"replies":[{"embeddable":true,"href":"https:\/\/asiatikavienna.com\/en\/wp-json\/wp\/v2\/comments?post=1292"}],"version-history":[{"count":67,"href":"https:\/\/asiatikavienna.com\/en\/wp-json\/wp\/v2\/pages\/1292\/revisions"}],"predecessor-version":[{"id":6790,"href":"https:\/\/asiatikavienna.com\/en\/wp-json\/wp\/v2\/pages\/1292\/revisions\/6790"}],"wp:attachment":[{"href":"https:\/\/asiatikavienna.com\/en\/wp-json\/wp\/v2\/media?parent=1292"}],"curies":[{"name":"wp","href":"https:\/\/api.w.org\/{rel}","templated":true}]}}