{"id":1917,"date":"2026-01-15T11:32:49","date_gmt":"2026-01-15T11:32:49","guid":{"rendered":"https:\/\/asiatikavienna.com\/?page_id=1917"},"modified":"2026-04-17T10:33:23","modified_gmt":"2026-04-17T10:33:23","slug":"tore","status":"publish","type":"page","link":"https:\/\/asiatikavienna.com\/en\/tore\/","title":{"rendered":"Gates"},"content":{"rendered":"<div data-elementor-type=\"wp-page\" data-elementor-id=\"1917\" class=\"elementor elementor-1917\" data-elementor-post-type=\"page\">\n\t\t\t\t<div class=\"elementor-element elementor-element-4cfc643a e-flex e-con-boxed e-con e-parent\" data-id=\"4cfc643a\" data-element_type=\"container\" data-e-type=\"container\">\n\t\t\t\t\t<div class=\"e-con-inner\">\n\t\t<div class=\"elementor-element elementor-element-724fffdf e-con-full e-flex e-con e-child\" data-id=\"724fffdf\" data-element_type=\"container\" data-e-type=\"container\">\n\t\t<div class=\"elementor-element elementor-element-e2e3dd2 e-con-full e-flex e-con e-child\" data-id=\"e2e3dd2\" data-element_type=\"container\" data-e-type=\"container\">\n\t\t\t\t<div class=\"elementor-element elementor-element-323810b elementor-widget elementor-widget-heading\" data-id=\"323810b\" data-element_type=\"widget\" data-e-type=\"widget\" data-widget_type=\"heading.default\">\n\t\t\t\t<div class=\"elementor-widget-container\">\n\t\t\t\t\t<h4 class=\"elementor-heading-title elementor-size-default\">CHINA<\/h4>\t\t\t\t<\/div>\n\t\t\t\t<\/div>\n\t\t\t\t<\/div>\n\t\t\t\t<\/div>\n\t\t\t\t\t<\/div>\n\t\t\t\t<\/div>\n\t\t<div class=\"elementor-element elementor-element-be04e3d e-flex e-con-boxed e-con e-parent\" data-id=\"be04e3d\" data-element_type=\"container\" data-e-type=\"container\">\n\t\t\t\t\t<div class=\"e-con-inner\">\n\t\t<div class=\"elementor-element elementor-element-09b82d2 e-con-full e-flex e-con e-child\" data-id=\"09b82d2\" data-element_type=\"container\" data-e-type=\"container\">\n\t\t\t\t<div class=\"elementor-element elementor-element-d5aa071 elementor-widget elementor-widget-image\" data-id=\"d5aa071\" data-element_type=\"widget\" data-e-type=\"widget\" data-widget_type=\"image.default\">\n\t\t\t\t<div class=\"elementor-widget-container\">\n\t\t\t\t\t\t\t\t\t\t\t\t<figure class=\"wp-caption\">\n\t\t\t\t\t\t\t\t\t\t<img fetchpriority=\"high\" decoding=\"async\" width=\"768\" height=\"1024\" src=\"https:\/\/asiatikavienna.com\/wp-content\/uploads\/2026\/01\/Tor-001-1-768x1024.jpg\" class=\"attachment-large size-large wp-image-3615\" alt=\"\" srcset=\"https:\/\/asiatikavienna.com\/wp-content\/uploads\/2026\/01\/Tor-001-1-768x1024.jpg 768w, https:\/\/asiatikavienna.com\/wp-content\/uploads\/2026\/01\/Tor-001-1-225x300.jpg 225w, https:\/\/asiatikavienna.com\/wp-content\/uploads\/2026\/01\/Tor-001-1-1152x1536.jpg 1152w, https:\/\/asiatikavienna.com\/wp-content\/uploads\/2026\/01\/Tor-001-1-1536x2048.jpg 1536w, https:\/\/asiatikavienna.com\/wp-content\/uploads\/2026\/01\/Tor-001-1-1320x1760.jpg 1320w, https:\/\/asiatikavienna.com\/wp-content\/uploads\/2026\/01\/Tor-001-1.jpg 1772w\" sizes=\"(max-width: 768px) 100vw, 768px\" \/>\t\t\t\t\t\t\t\t\t\t\t<figcaption class=\"widget-image-caption wp-caption-text\">Gate-001<\/figcaption>\n\t\t\t\t\t\t\t\t\t\t<\/figure>\n\t\t\t\t\t\t\t\t\t<\/div>\n\t\t\t\t<\/div>\n\t\t\t\t<\/div>\n\t\t<div class=\"elementor-element elementor-element-c2a2ba0 e-con-full e-flex e-con e-child\" data-id=\"c2a2ba0\" data-element_type=\"container\" data-e-type=\"container\">\n\t\t<div class=\"elementor-element elementor-element-db989e1 e-con-full e-flex e-con e-child\" data-id=\"db989e1\" data-element_type=\"container\" data-e-type=\"container\">\n\t\t\t\t<div class=\"elementor-element elementor-element-052dfc1 elementor-widget elementor-widget-heading\" data-id=\"052dfc1\" data-element_type=\"widget\" data-e-type=\"widget\" data-widget_type=\"heading.default\">\n\t\t\t\t<div class=\"elementor-widget-container\">\n\t\t\t\t\t<h3 class=\"elementor-heading-title elementor-size-default\">Tor aus Peking <\/h3>\t\t\t\t<\/div>\n\t\t\t\t<\/div>\n\t\t\t\t<\/div>\n\t\t<div class=\"elementor-element elementor-element-0294b6c e-con-full e-flex e-con e-child\" data-id=\"0294b6c\" data-element_type=\"container\" data-e-type=\"container\">\n\t\t\t\t<div class=\"elementor-element elementor-element-3a40598 elementor-widget elementor-widget-text-editor\" data-id=\"3a40598\" data-element_type=\"widget\" data-e-type=\"widget\" data-widget_type=\"text-editor.default\">\n\t\t\t\t<div class=\"elementor-widget-container\">\n\t\t\t\t\t\t\t\t\t<p data-start=\"180\" data-end=\"525\">China, Qing-Dynastie,<\/p><p data-start=\"180\" data-end=\"525\">Gate from the Beijing City Fortifications<\/p><p data-start=\"180\" data-end=\"525\">Hardwood with red lacquer finish; double-leaf gate symmetrically divided into four panels per side, segmented by forged, riveted iron straps. Decorated iron sliding-bolt lock on a plain lock plate. Two movable rings serving as door knockers, and two applied forged butterflies as auspicious symbols. Reverse with wooden bar closure. Solid construction in attractive condition.<\/p><p data-start=\"180\" data-end=\"525\">H: 209 cm, B: 133,5 cm, T: ca. 4 cm<\/p><p><strong>Preis: <\/strong>1250 \u20ac<\/p>\t\t\t\t\t\t\t\t<\/div>\n\t\t\t\t<\/div>\n\t\t\t\t<div class=\"elementor-element elementor-element-fc15997 elementor-widget elementor-widget-button\" data-id=\"fc15997\" data-element_type=\"widget\" data-e-type=\"widget\" data-widget_type=\"button.default\">\n\t\t\t\t<div class=\"elementor-widget-container\">\n\t\t\t\t\t\t\t\t\t<div class=\"elementor-button-wrapper\">\n\t\t\t\t\t<a class=\"elementor-button elementor-button-link elementor-size-sm\" href=\"http:\/\/asiatikavienna.com\/en\/kontakt\/?produkt=Tor-001\">\n\t\t\t\t\t\t<span class=\"elementor-button-content-wrapper\">\n\t\t\t\t\t\t\t\t\t<span class=\"elementor-button-text\">Contact<\/span>\n\t\t\t\t\t<\/span>\n\t\t\t\t\t<\/a>\n\t\t\t\t<\/div>\n\t\t\t\t\t\t\t\t<\/div>\n\t\t\t\t<\/div>\n\t\t\t\t<\/div>\n\t\t\t\t<\/div>\n\t\t\t\t\t<\/div>\n\t\t\t\t<\/div>\n\t\t<div class=\"elementor-element elementor-element-c2caf90 e-flex e-con-boxed e-con e-parent\" data-id=\"c2caf90\" data-element_type=\"container\" data-e-type=\"container\">\n\t\t\t\t\t<div class=\"e-con-inner\">\n\t\t<div class=\"elementor-element elementor-element-2af853f e-con-full e-flex e-con e-child\" data-id=\"2af853f\" data-element_type=\"container\" data-e-type=\"container\">\n\t\t\t\t<div class=\"elementor-element elementor-element-2293ebf elementor-widget elementor-widget-image\" data-id=\"2293ebf\" data-element_type=\"widget\" data-e-type=\"widget\" data-widget_type=\"image.default\">\n\t\t\t\t<div class=\"elementor-widget-container\">\n\t\t\t\t\t\t\t\t\t\t\t\t<figure class=\"wp-caption\">\n\t\t\t\t\t\t\t\t\t\t<img decoding=\"async\" width=\"768\" height=\"1024\" src=\"https:\/\/asiatikavienna.com\/wp-content\/uploads\/2026\/01\/Tor-001-768x1024.jpg\" class=\"attachment-large size-large wp-image-3600\" alt=\"\" srcset=\"https:\/\/asiatikavienna.com\/wp-content\/uploads\/2026\/01\/Tor-001-768x1024.jpg 768w, https:\/\/asiatikavienna.com\/wp-content\/uploads\/2026\/01\/Tor-001-225x300.jpg 225w, https:\/\/asiatikavienna.com\/wp-content\/uploads\/2026\/01\/Tor-001-1152x1536.jpg 1152w, https:\/\/asiatikavienna.com\/wp-content\/uploads\/2026\/01\/Tor-001-1536x2048.jpg 1536w, https:\/\/asiatikavienna.com\/wp-content\/uploads\/2026\/01\/Tor-001-1320x1760.jpg 1320w, https:\/\/asiatikavienna.com\/wp-content\/uploads\/2026\/01\/Tor-001.jpg 1772w\" sizes=\"(max-width: 768px) 100vw, 768px\" \/>\t\t\t\t\t\t\t\t\t\t\t<figcaption class=\"widget-image-caption wp-caption-text\">Gate-002<\/figcaption>\n\t\t\t\t\t\t\t\t\t\t<\/figure>\n\t\t\t\t\t\t\t\t\t<\/div>\n\t\t\t\t<\/div>\n\t\t\t\t<\/div>\n\t\t<div class=\"elementor-element elementor-element-79238cf e-con-full e-flex e-con e-child\" data-id=\"79238cf\" data-element_type=\"container\" data-e-type=\"container\">\n\t\t<div class=\"elementor-element elementor-element-6ccc951 e-con-full e-flex e-con e-child\" data-id=\"6ccc951\" data-element_type=\"container\" data-e-type=\"container\">\n\t\t\t\t<div class=\"elementor-element elementor-element-b673467 elementor-widget elementor-widget-heading\" data-id=\"b673467\" data-element_type=\"widget\" data-e-type=\"widget\" data-widget_type=\"heading.default\">\n\t\t\t\t<div class=\"elementor-widget-container\">\n\t\t\t\t\t<h3 class=\"elementor-heading-title elementor-size-default\">Tor aus Peking <\/h3>\t\t\t\t<\/div>\n\t\t\t\t<\/div>\n\t\t\t\t<\/div>\n\t\t<div class=\"elementor-element elementor-element-50086fe e-con-full e-flex e-con e-child\" data-id=\"50086fe\" data-element_type=\"container\" data-e-type=\"container\">\n\t\t\t\t<div class=\"elementor-element elementor-element-a38ca7e elementor-widget elementor-widget-text-editor\" data-id=\"a38ca7e\" data-element_type=\"widget\" data-e-type=\"widget\" data-widget_type=\"text-editor.default\">\n\t\t\t\t<div class=\"elementor-widget-container\">\n\t\t\t\t\t\t\t\t\t<p data-start=\"180\" data-end=\"525\">China, Qing-Dynastie,<\/p><p data-start=\"180\" data-end=\"525\">Gate from the Beijing City Fortifications<\/p><p data-start=\"180\" data-end=\"525\">Hardwood with blood-red lacquer finish; double-leaf gate symmetrically divided into five panels per side, segmented by forged iron studs. Iron sliding-bolt lock with a plain, cut-out lock plate. Movable iron rings and a rear wooden bar closure. Solid construction in attractive condition.<\/p><p data-start=\"527\" data-end=\"578\">H: ca. 172,5 cm, B: ca. 102,5 cm, T: ca. 3,7 cm<\/p><p><strong>Preis: <\/strong>950 \u20ac<\/p>\t\t\t\t\t\t\t\t<\/div>\n\t\t\t\t<\/div>\n\t\t\t\t<div class=\"elementor-element elementor-element-61aa2a5 elementor-widget elementor-widget-button\" data-id=\"61aa2a5\" data-element_type=\"widget\" data-e-type=\"widget\" data-widget_type=\"button.default\">\n\t\t\t\t<div class=\"elementor-widget-container\">\n\t\t\t\t\t\t\t\t\t<div class=\"elementor-button-wrapper\">\n\t\t\t\t\t<a class=\"elementor-button elementor-button-link elementor-size-sm\" href=\"http:\/\/asiatikavienna.com\/en\/kontakt\/?produkt=Tor-002\">\n\t\t\t\t\t\t<span class=\"elementor-button-content-wrapper\">\n\t\t\t\t\t\t\t\t\t<span class=\"elementor-button-text\">Contact<\/span>\n\t\t\t\t\t<\/span>\n\t\t\t\t\t<\/a>\n\t\t\t\t<\/div>\n\t\t\t\t\t\t\t\t<\/div>\n\t\t\t\t<\/div>\n\t\t\t\t<\/div>\n\t\t\t\t<\/div>\n\t\t\t\t\t<\/div>\n\t\t\t\t<\/div>\n\t\t<div class=\"elementor-element elementor-element-aad8436 e-flex e-con-boxed e-con e-parent\" data-id=\"aad8436\" data-element_type=\"container\" data-e-type=\"container\">\n\t\t\t\t\t<div class=\"e-con-inner\">\n\t\t<div class=\"elementor-element elementor-element-5c77ffa e-con-full e-flex e-con e-child\" data-id=\"5c77ffa\" data-element_type=\"container\" data-e-type=\"container\">\n\t\t\t\t<div class=\"elementor-element elementor-element-7747274 elementor-widget elementor-widget-image\" data-id=\"7747274\" data-element_type=\"widget\" data-e-type=\"widget\" data-widget_type=\"image.default\">\n\t\t\t\t<div class=\"elementor-widget-container\">\n\t\t\t\t\t\t\t\t\t\t\t\t<figure class=\"wp-caption\">\n\t\t\t\t\t\t\t\t\t\t<img decoding=\"async\" width=\"717\" height=\"1024\" src=\"https:\/\/asiatikavienna.com\/wp-content\/uploads\/2026\/01\/Tor-003-717x1024.jpg\" class=\"attachment-large size-large wp-image-3614\" alt=\"\" srcset=\"https:\/\/asiatikavienna.com\/wp-content\/uploads\/2026\/01\/Tor-003-717x1024.jpg 717w, https:\/\/asiatikavienna.com\/wp-content\/uploads\/2026\/01\/Tor-003-210x300.jpg 210w, https:\/\/asiatikavienna.com\/wp-content\/uploads\/2026\/01\/Tor-003-768x1097.jpg 768w, https:\/\/asiatikavienna.com\/wp-content\/uploads\/2026\/01\/Tor-003-1076x1536.jpg 1076w, https:\/\/asiatikavienna.com\/wp-content\/uploads\/2026\/01\/Tor-003-1434x2048.jpg 1434w, https:\/\/asiatikavienna.com\/wp-content\/uploads\/2026\/01\/Tor-003-1320x1885.jpg 1320w, https:\/\/asiatikavienna.com\/wp-content\/uploads\/2026\/01\/Tor-003.jpg 1654w\" sizes=\"(max-width: 717px) 100vw, 717px\" \/>\t\t\t\t\t\t\t\t\t\t\t<figcaption class=\"widget-image-caption wp-caption-text\">Gate-003<\/figcaption>\n\t\t\t\t\t\t\t\t\t\t<\/figure>\n\t\t\t\t\t\t\t\t\t<\/div>\n\t\t\t\t<\/div>\n\t\t\t\t<\/div>\n\t\t<div class=\"elementor-element elementor-element-a3b47ac e-con-full e-flex e-con e-child\" data-id=\"a3b47ac\" data-element_type=\"container\" data-e-type=\"container\">\n\t\t<div class=\"elementor-element elementor-element-4510ee2 e-con-full e-flex e-con e-child\" data-id=\"4510ee2\" data-element_type=\"container\" data-e-type=\"container\">\n\t\t\t\t<div class=\"elementor-element elementor-element-4c9adfd elementor-widget elementor-widget-heading\" data-id=\"4c9adfd\" data-element_type=\"widget\" data-e-type=\"widget\" data-widget_type=\"heading.default\">\n\t\t\t\t<div class=\"elementor-widget-container\">\n\t\t\t\t\t<h3 class=\"elementor-heading-title elementor-size-default\">Tor aus Peking  <\/h3>\t\t\t\t<\/div>\n\t\t\t\t<\/div>\n\t\t\t\t<\/div>\n\t\t<div class=\"elementor-element elementor-element-dafa9c4 e-con-full e-flex e-con e-child\" data-id=\"dafa9c4\" data-element_type=\"container\" data-e-type=\"container\">\n\t\t\t\t<div class=\"elementor-element elementor-element-eeb253b elementor-widget elementor-widget-text-editor\" data-id=\"eeb253b\" data-element_type=\"widget\" data-e-type=\"widget\" data-widget_type=\"text-editor.default\">\n\t\t\t\t<div class=\"elementor-widget-container\">\n\t\t\t\t\t\t\t\t\t<p data-start=\"180\" data-end=\"525\">China, Qing-Dynastie,<\/p><p data-start=\"180\" data-end=\"525\">Gate from the Beijing City Fortifications<\/p><p data-start=\"180\" data-end=\"525\">19th century; double-leaf gate symmetrically divided into five panels per side, separated by raised round iron studs. Decorated iron straps, iron sliding-bolt lock on a rectangular lock plate, and a rear wooden bar closure. Solid construction in attractive condition.<\/p><p data-start=\"180\" data-end=\"525\">H: 171,3 cm, B: 98 cm, T: ca. 4 cm<\/p><p><strong>Preis: <\/strong>950 \u20ac<\/p>\t\t\t\t\t\t\t\t<\/div>\n\t\t\t\t<\/div>\n\t\t\t\t<div class=\"elementor-element elementor-element-8668335 elementor-widget elementor-widget-button\" data-id=\"8668335\" data-element_type=\"widget\" data-e-type=\"widget\" data-widget_type=\"button.default\">\n\t\t\t\t<div class=\"elementor-widget-container\">\n\t\t\t\t\t\t\t\t\t<div class=\"elementor-button-wrapper\">\n\t\t\t\t\t<a class=\"elementor-button elementor-button-link elementor-size-sm\" href=\"http:\/\/asiatikavienna.com\/en\/kontakt\/?produkt=Tor-003\">\n\t\t\t\t\t\t<span class=\"elementor-button-content-wrapper\">\n\t\t\t\t\t\t\t\t\t<span class=\"elementor-button-text\">Contact<\/span>\n\t\t\t\t\t<\/span>\n\t\t\t\t\t<\/a>\n\t\t\t\t<\/div>\n\t\t\t\t\t\t\t\t<\/div>\n\t\t\t\t<\/div>\n\t\t\t\t<\/div>\n\t\t\t\t<\/div>\n\t\t\t\t\t<\/div>\n\t\t\t\t<\/div>\n\t\t\t\t<\/div>","protected":false},"excerpt":{"rendered":"<p>CHINA Tor-001 Tor aus Peking China, Qing-Dynastie, Tor aus einer Verteidigungsanlage der Peking\u00ader Stadtbefestigung Hartholz mit roter Lackfassung, 2 Fl\u00fcgel symmetrisch gegliedert in je 4 Felder, die von geschmiedeten, gek\u00f6pften Eisenb\u00e4ndern unterteilt sind, verzierter Eisenriegelverschluss auf glattem Verschlussblech, 2 bewegliche Ringe als Torklopfer, 2 aufgesetzte, geschmiedete Schmetterlinge als Gl\u00fcckssymbole, r\u00fcckseitig Holzriegelverschluss, stabile Konstruktion in attraktiver [&hellip;]<\/p>\n","protected":false},"author":1,"featured_media":0,"parent":0,"menu_order":0,"comment_status":"closed","ping_status":"closed","template":"","meta":{"footnotes":""},"class_list":["post-1917","page","type-page","status-publish","hentry"],"blocksy_meta":[],"aioseo_notices":[],"jetpack_sharing_enabled":true,"_links":{"self":[{"href":"https:\/\/asiatikavienna.com\/en\/wp-json\/wp\/v2\/pages\/1917","targetHints":{"allow":["GET"]}}],"collection":[{"href":"https:\/\/asiatikavienna.com\/en\/wp-json\/wp\/v2\/pages"}],"about":[{"href":"https:\/\/asiatikavienna.com\/en\/wp-json\/wp\/v2\/types\/page"}],"author":[{"embeddable":true,"href":"https:\/\/asiatikavienna.com\/en\/wp-json\/wp\/v2\/users\/1"}],"replies":[{"embeddable":true,"href":"https:\/\/asiatikavienna.com\/en\/wp-json\/wp\/v2\/comments?post=1917"}],"version-history":[{"count":70,"href":"https:\/\/asiatikavienna.com\/en\/wp-json\/wp\/v2\/pages\/1917\/revisions"}],"predecessor-version":[{"id":6739,"href":"https:\/\/asiatikavienna.com\/en\/wp-json\/wp\/v2\/pages\/1917\/revisions\/6739"}],"wp:attachment":[{"href":"https:\/\/asiatikavienna.com\/en\/wp-json\/wp\/v2\/media?parent=1917"}],"curies":[{"name":"wp","href":"https:\/\/api.w.org\/{rel}","templated":true}]}}