{"id":2635,"date":"2026-01-25T12:52:31","date_gmt":"2026-01-25T12:52:31","guid":{"rendered":"https:\/\/asiatikavienna.com\/?page_id=2635"},"modified":"2026-01-30T16:33:58","modified_gmt":"2026-01-30T16:33:58","slug":"masken","status":"publish","type":"page","link":"https:\/\/asiatikavienna.com\/en\/masken\/","title":{"rendered":"Masken"},"content":{"rendered":"<div data-elementor-type=\"wp-page\" data-elementor-id=\"2635\" class=\"elementor elementor-2635\" data-elementor-post-type=\"page\">\n\t\t\t\t<div class=\"elementor-element elementor-element-704fed19 e-flex e-con-boxed e-con e-parent\" data-id=\"704fed19\" data-element_type=\"container\" data-e-type=\"container\">\n\t\t\t\t\t<div class=\"e-con-inner\">\n\t\t<div class=\"elementor-element elementor-element-dae3242 e-con-full e-flex e-con e-child\" data-id=\"dae3242\" data-element_type=\"container\" data-e-type=\"container\">\n\t\t<div class=\"elementor-element elementor-element-41540938 e-con-full e-flex e-con e-child\" data-id=\"41540938\" data-element_type=\"container\" data-e-type=\"container\">\n\t\t\t\t<div class=\"elementor-element elementor-element-6e697de9 elementor-widget elementor-widget-heading\" data-id=\"6e697de9\" data-element_type=\"widget\" data-e-type=\"widget\" data-widget_type=\"heading.default\">\n\t\t\t\t<div class=\"elementor-widget-container\">\n\t\t\t\t\t<h4 class=\"elementor-heading-title elementor-size-default\">TIBET<\/h4>\t\t\t\t<\/div>\n\t\t\t\t<\/div>\n\t\t\t\t<\/div>\n\t\t\t\t<\/div>\n\t\t\t\t\t<\/div>\n\t\t\t\t<\/div>\n\t\t<div class=\"elementor-element elementor-element-64724a6 e-flex e-con-boxed e-con e-parent\" data-id=\"64724a6\" data-element_type=\"container\" data-e-type=\"container\">\n\t\t\t\t\t<div class=\"e-con-inner\">\n\t\t<div class=\"elementor-element elementor-element-d90e02e e-con-full e-flex e-con e-child\" data-id=\"d90e02e\" data-element_type=\"container\" data-e-type=\"container\">\n\t\t\t\t<div class=\"elementor-element elementor-element-df10412 elementor-widget elementor-widget-image\" data-id=\"df10412\" data-element_type=\"widget\" data-e-type=\"widget\" data-widget_type=\"image.default\">\n\t\t\t\t<div class=\"elementor-widget-container\">\n\t\t\t\t\t\t\t\t\t\t\t\t<figure class=\"wp-caption\">\n\t\t\t\t\t\t\t\t\t\t<img fetchpriority=\"high\" decoding=\"async\" width=\"1024\" height=\"683\" src=\"https:\/\/asiatikavienna.com\/wp-content\/uploads\/2026\/01\/30-95-1024x683.jpg\" class=\"attachment-large size-large wp-image-2537\" alt=\"\" srcset=\"https:\/\/asiatikavienna.com\/wp-content\/uploads\/2026\/01\/30-95-1024x683.jpg 1024w, https:\/\/asiatikavienna.com\/wp-content\/uploads\/2026\/01\/30-95-300x200.jpg 300w, https:\/\/asiatikavienna.com\/wp-content\/uploads\/2026\/01\/30-95-768x512.jpg 768w, https:\/\/asiatikavienna.com\/wp-content\/uploads\/2026\/01\/30-95-1536x1024.jpg 1536w, https:\/\/asiatikavienna.com\/wp-content\/uploads\/2026\/01\/30-95-2048x1365.jpg 2048w, https:\/\/asiatikavienna.com\/wp-content\/uploads\/2026\/01\/30-95-1320x880.jpg 1320w\" sizes=\"(max-width: 1024px) 100vw, 1024px\" \/>\t\t\t\t\t\t\t\t\t\t\t<figcaption class=\"widget-image-caption wp-caption-text\">Skull-001<\/figcaption>\n\t\t\t\t\t\t\t\t\t\t<\/figure>\n\t\t\t\t\t\t\t\t\t<\/div>\n\t\t\t\t<\/div>\n\t\t\t\t<\/div>\n\t\t<div class=\"elementor-element elementor-element-2a68d8b e-con-full e-flex e-con e-child\" data-id=\"2a68d8b\" data-element_type=\"container\" data-e-type=\"container\">\n\t\t<div class=\"elementor-element elementor-element-f0200ac e-con-full e-flex e-con e-child\" data-id=\"f0200ac\" data-element_type=\"container\" data-e-type=\"container\">\n\t\t\t\t<div class=\"elementor-element elementor-element-9ce6b60 elementor-widget elementor-widget-heading\" data-id=\"9ce6b60\" data-element_type=\"widget\" data-e-type=\"widget\" data-widget_type=\"heading.default\">\n\t\t\t\t<div class=\"elementor-widget-container\">\n\t\t\t\t\t<h2 class=\"elementor-heading-title elementor-size-default\">Mythological Shaman Head<\/h2>\t\t\t\t<\/div>\n\t\t\t\t<\/div>\n\t\t\t\t<\/div>\n\t\t<div class=\"elementor-element elementor-element-32e9320 e-con-full e-flex e-con e-child\" data-id=\"32e9320\" data-element_type=\"container\" data-e-type=\"container\">\n\t\t\t\t<div class=\"elementor-element elementor-element-f5876a4 elementor-widget elementor-widget-text-editor\" data-id=\"f5876a4\" data-element_type=\"widget\" data-e-type=\"widget\" data-widget_type=\"text-editor.default\">\n\t\t\t\t<div class=\"elementor-widget-container\">\n\t\t\t\t\t\t\t\t\t<div dir=\"ltr\"><div dir=\"ltr\"><p data-start=\"126\" data-end=\"296\">Tibet, 19. Jh..<\/p><p data-start=\"126\" data-end=\"296\">Carved from a single massive rock crystal; human skull intended for use in occult rites; a collector\u2019s piece.<\/p><p data-start=\"126\" data-end=\"296\">H: 8,7 cm, B: 8 cm, T: 11,5 cm<\/p><p data-start=\"298\" data-end=\"303\"><strong>Preis <\/strong>900 \u20ac<\/p><\/div><\/div>\t\t\t\t\t\t\t\t<\/div>\n\t\t\t\t<\/div>\n\t\t\t\t<div class=\"elementor-element elementor-element-6f1ba4c elementor-widget elementor-widget-button\" data-id=\"6f1ba4c\" data-element_type=\"widget\" data-e-type=\"widget\" data-widget_type=\"button.default\">\n\t\t\t\t<div class=\"elementor-widget-container\">\n\t\t\t\t\t\t\t\t\t<div class=\"elementor-button-wrapper\">\n\t\t\t\t\t<a class=\"elementor-button elementor-button-link elementor-size-sm\" href=\"http:\/\/asiatikavienna.com\/en\/kontakt\/?produkt=Sch\u00e4del-001\">\n\t\t\t\t\t\t<span class=\"elementor-button-content-wrapper\">\n\t\t\t\t\t\t\t\t\t<span class=\"elementor-button-text\">Contact<\/span>\n\t\t\t\t\t<\/span>\n\t\t\t\t\t<\/a>\n\t\t\t\t<\/div>\n\t\t\t\t\t\t\t\t<\/div>\n\t\t\t\t<\/div>\n\t\t\t\t<\/div>\n\t\t\t\t<\/div>\n\t\t\t\t\t<\/div>\n\t\t\t\t<\/div>\n\t\t<div class=\"elementor-element elementor-element-0cd6e6d e-flex e-con-boxed e-con e-parent\" data-id=\"0cd6e6d\" data-element_type=\"container\" data-e-type=\"container\">\n\t\t\t\t\t<div class=\"e-con-inner\">\n\t\t<div class=\"elementor-element elementor-element-2de68e7 e-con-full e-flex e-con e-child\" data-id=\"2de68e7\" data-element_type=\"container\" data-e-type=\"container\">\n\t\t\t\t<div class=\"elementor-element elementor-element-24e8e80 elementor-widget elementor-widget-image\" data-id=\"24e8e80\" data-element_type=\"widget\" data-e-type=\"widget\" data-widget_type=\"image.default\">\n\t\t\t\t<div class=\"elementor-widget-container\">\n\t\t\t\t\t\t\t\t\t\t\t\t<figure class=\"wp-caption\">\n\t\t\t\t\t\t\t\t\t\t<img decoding=\"async\" width=\"768\" height=\"1024\" src=\"https:\/\/asiatikavienna.com\/wp-content\/uploads\/2026\/01\/Maske-001-768x1024.jpg\" class=\"attachment-large size-large wp-image-2644\" alt=\"\" srcset=\"https:\/\/asiatikavienna.com\/wp-content\/uploads\/2026\/01\/Maske-001-768x1024.jpg 768w, https:\/\/asiatikavienna.com\/wp-content\/uploads\/2026\/01\/Maske-001-225x300.jpg 225w, https:\/\/asiatikavienna.com\/wp-content\/uploads\/2026\/01\/Maske-001-1152x1536.jpg 1152w, https:\/\/asiatikavienna.com\/wp-content\/uploads\/2026\/01\/Maske-001-1536x2048.jpg 1536w, https:\/\/asiatikavienna.com\/wp-content\/uploads\/2026\/01\/Maske-001-1320x1760.jpg 1320w, https:\/\/asiatikavienna.com\/wp-content\/uploads\/2026\/01\/Maske-001.jpg 1772w\" sizes=\"(max-width: 768px) 100vw, 768px\" \/>\t\t\t\t\t\t\t\t\t\t\t<figcaption class=\"widget-image-caption wp-caption-text\">Mask-001<\/figcaption>\n\t\t\t\t\t\t\t\t\t\t<\/figure>\n\t\t\t\t\t\t\t\t\t<\/div>\n\t\t\t\t<\/div>\n\t\t\t\t<\/div>\n\t\t<div class=\"elementor-element elementor-element-f452b81 e-con-full e-flex e-con e-child\" data-id=\"f452b81\" data-element_type=\"container\" data-e-type=\"container\">\n\t\t<div class=\"elementor-element elementor-element-4fbb72f e-con-full e-flex e-con e-child\" data-id=\"4fbb72f\" data-element_type=\"container\" data-e-type=\"container\">\n\t\t\t\t<div class=\"elementor-element elementor-element-6b683c1 elementor-widget elementor-widget-heading\" data-id=\"6b683c1\" data-element_type=\"widget\" data-e-type=\"widget\" data-widget_type=\"heading.default\">\n\t\t\t\t<div class=\"elementor-widget-container\">\n\t\t\t\t\t<h2 class=\"elementor-heading-title elementor-size-default\">Dance Mask<\/h2>\t\t\t\t<\/div>\n\t\t\t\t<\/div>\n\t\t\t\t<\/div>\n\t\t<div class=\"elementor-element elementor-element-d0da0a6 e-con-full e-flex e-con e-child\" data-id=\"d0da0a6\" data-element_type=\"container\" data-e-type=\"container\">\n\t\t\t\t<div class=\"elementor-element elementor-element-56b0661 elementor-widget elementor-widget-text-editor\" data-id=\"56b0661\" data-element_type=\"widget\" data-e-type=\"widget\" data-widget_type=\"text-editor.default\">\n\t\t\t\t<div class=\"elementor-widget-container\">\n\t\t\t\t\t\t\t\t\t<div dir=\"ltr\"><div dir=\"ltr\"><p data-start=\"81\" data-end=\"355\">19 Jh.,<\/p><p data-start=\"81\" data-end=\"355\">Highly expressive, antique wooden mask depicting the Wise Old Man of the Mountain, a pre-Buddhist mountain deity whose adventures were performed to entertain and edify the audience between segments of the Cham mysteries.<\/p><p data-start=\"357\" data-end=\"391\">H: 33 cm, B: 26 cm, T: ca. 12,5 cm<\/p><p data-start=\"393\" data-end=\"414\"><strong>Preis: <\/strong>450 \u20ac<\/p><\/div><\/div>\t\t\t\t\t\t\t\t<\/div>\n\t\t\t\t<\/div>\n\t\t\t\t<div class=\"elementor-element elementor-element-d7c7fcd elementor-widget elementor-widget-button\" data-id=\"d7c7fcd\" data-element_type=\"widget\" data-e-type=\"widget\" data-widget_type=\"button.default\">\n\t\t\t\t<div class=\"elementor-widget-container\">\n\t\t\t\t\t\t\t\t\t<div class=\"elementor-button-wrapper\">\n\t\t\t\t\t<a class=\"elementor-button elementor-button-link elementor-size-sm\" href=\"http:\/\/asiatikavienna.com\/en\/kontakt\/?produkt=Maske-001\">\n\t\t\t\t\t\t<span class=\"elementor-button-content-wrapper\">\n\t\t\t\t\t\t\t\t\t<span class=\"elementor-button-text\">Contact<\/span>\n\t\t\t\t\t<\/span>\n\t\t\t\t\t<\/a>\n\t\t\t\t<\/div>\n\t\t\t\t\t\t\t\t<\/div>\n\t\t\t\t<\/div>\n\t\t\t\t<\/div>\n\t\t\t\t<\/div>\n\t\t\t\t\t<\/div>\n\t\t\t\t<\/div>\n\t\t<div class=\"elementor-element elementor-element-4a31e7e e-flex e-con-boxed e-con e-parent\" data-id=\"4a31e7e\" data-element_type=\"container\" data-e-type=\"container\">\n\t\t\t\t\t<div class=\"e-con-inner\">\n\t\t<div class=\"elementor-element elementor-element-2af567b e-con-full e-flex e-con e-child\" data-id=\"2af567b\" data-element_type=\"container\" data-e-type=\"container\">\n\t\t\t\t<div class=\"elementor-element elementor-element-10399ae elementor-widget elementor-widget-image\" data-id=\"10399ae\" data-element_type=\"widget\" data-e-type=\"widget\" data-widget_type=\"image.default\">\n\t\t\t\t<div class=\"elementor-widget-container\">\n\t\t\t\t\t\t\t\t\t\t\t\t<figure class=\"wp-caption\">\n\t\t\t\t\t\t\t\t\t\t<img decoding=\"async\" width=\"768\" height=\"1024\" src=\"https:\/\/asiatikavienna.com\/wp-content\/uploads\/2026\/01\/Maske-002-768x1024.jpg\" class=\"attachment-large size-large wp-image-2645\" alt=\"\" srcset=\"https:\/\/asiatikavienna.com\/wp-content\/uploads\/2026\/01\/Maske-002-768x1024.jpg 768w, https:\/\/asiatikavienna.com\/wp-content\/uploads\/2026\/01\/Maske-002-225x300.jpg 225w, https:\/\/asiatikavienna.com\/wp-content\/uploads\/2026\/01\/Maske-002-1152x1536.jpg 1152w, https:\/\/asiatikavienna.com\/wp-content\/uploads\/2026\/01\/Maske-002-1536x2048.jpg 1536w, https:\/\/asiatikavienna.com\/wp-content\/uploads\/2026\/01\/Maske-002-1320x1760.jpg 1320w, https:\/\/asiatikavienna.com\/wp-content\/uploads\/2026\/01\/Maske-002.jpg 1772w\" sizes=\"(max-width: 768px) 100vw, 768px\" \/>\t\t\t\t\t\t\t\t\t\t\t<figcaption class=\"widget-image-caption wp-caption-text\">Mask-002<\/figcaption>\n\t\t\t\t\t\t\t\t\t\t<\/figure>\n\t\t\t\t\t\t\t\t\t<\/div>\n\t\t\t\t<\/div>\n\t\t\t\t<\/div>\n\t\t<div class=\"elementor-element elementor-element-0cc0b46 e-con-full e-flex e-con e-child\" data-id=\"0cc0b46\" data-element_type=\"container\" data-e-type=\"container\">\n\t\t<div class=\"elementor-element elementor-element-2d29746 e-con-full e-flex e-con e-child\" data-id=\"2d29746\" data-element_type=\"container\" data-e-type=\"container\">\n\t\t\t\t<div class=\"elementor-element elementor-element-7f67c2b elementor-widget elementor-widget-heading\" data-id=\"7f67c2b\" data-element_type=\"widget\" data-e-type=\"widget\" data-widget_type=\"heading.default\">\n\t\t\t\t<div class=\"elementor-widget-container\">\n\t\t\t\t\t<h2 class=\"elementor-heading-title elementor-size-default\">Tibetan Dance Mask<\/h2>\t\t\t\t<\/div>\n\t\t\t\t<\/div>\n\t\t\t\t<\/div>\n\t\t<div class=\"elementor-element elementor-element-21a9d8e e-con-full e-flex e-con e-child\" data-id=\"21a9d8e\" data-element_type=\"container\" data-e-type=\"container\">\n\t\t\t\t<div class=\"elementor-element elementor-element-585a160 elementor-widget elementor-widget-text-editor\" data-id=\"585a160\" data-element_type=\"widget\" data-e-type=\"widget\" data-widget_type=\"text-editor.default\">\n\t\t\t\t<div class=\"elementor-widget-container\">\n\t\t\t\t\t\t\t\t\t<p data-start=\"84\" data-end=\"213\">Mid-20th century,<\/p><p data-start=\"84\" data-end=\"213\">Wood with polychrome lacquer finish; expressive face with long nose, red lacquer ground.<\/p><p data-start=\"84\" data-end=\"213\">H: 21 cm, B: 15,6 cm<\/p><p><strong>Preis <\/strong>120 \u20ac<\/p>\t\t\t\t\t\t\t\t<\/div>\n\t\t\t\t<\/div>\n\t\t\t\t<div class=\"elementor-element elementor-element-a63b15b elementor-widget elementor-widget-button\" data-id=\"a63b15b\" data-element_type=\"widget\" data-e-type=\"widget\" data-widget_type=\"button.default\">\n\t\t\t\t<div class=\"elementor-widget-container\">\n\t\t\t\t\t\t\t\t\t<div class=\"elementor-button-wrapper\">\n\t\t\t\t\t<a class=\"elementor-button elementor-button-link elementor-size-sm\" href=\"http:\/\/asiatikavienna.com\/en\/kontakt\/?produkt=Maske-002\">\n\t\t\t\t\t\t<span class=\"elementor-button-content-wrapper\">\n\t\t\t\t\t\t\t\t\t<span class=\"elementor-button-text\">Contact<\/span>\n\t\t\t\t\t<\/span>\n\t\t\t\t\t<\/a>\n\t\t\t\t<\/div>\n\t\t\t\t\t\t\t\t<\/div>\n\t\t\t\t<\/div>\n\t\t\t\t<\/div>\n\t\t\t\t<\/div>\n\t\t\t\t\t<\/div>\n\t\t\t\t<\/div>\n\t\t<div class=\"elementor-element elementor-element-7747d2fd e-flex e-con-boxed e-con e-parent\" data-id=\"7747d2fd\" data-element_type=\"container\" data-e-type=\"container\">\n\t\t\t\t\t<div class=\"e-con-inner\">\n\t\t<div class=\"elementor-element elementor-element-7778832f e-con-full e-flex e-con e-child\" data-id=\"7778832f\" data-element_type=\"container\" data-e-type=\"container\">\n\t\t\t\t<div class=\"elementor-element elementor-element-9c7b385 elementor-widget elementor-widget-image\" data-id=\"9c7b385\" data-element_type=\"widget\" data-e-type=\"widget\" data-widget_type=\"image.default\">\n\t\t\t\t<div class=\"elementor-widget-container\">\n\t\t\t\t\t\t\t\t\t\t\t\t<figure class=\"wp-caption\">\n\t\t\t\t\t\t\t\t\t\t<img loading=\"lazy\" decoding=\"async\" width=\"768\" height=\"1024\" src=\"https:\/\/asiatikavienna.com\/wp-content\/uploads\/2026\/01\/Make-003-768x1024.jpg\" class=\"attachment-large size-large wp-image-2646\" alt=\"\" srcset=\"https:\/\/asiatikavienna.com\/wp-content\/uploads\/2026\/01\/Make-003-768x1024.jpg 768w, https:\/\/asiatikavienna.com\/wp-content\/uploads\/2026\/01\/Make-003-225x300.jpg 225w, https:\/\/asiatikavienna.com\/wp-content\/uploads\/2026\/01\/Make-003-1152x1536.jpg 1152w, https:\/\/asiatikavienna.com\/wp-content\/uploads\/2026\/01\/Make-003-1536x2048.jpg 1536w, https:\/\/asiatikavienna.com\/wp-content\/uploads\/2026\/01\/Make-003-1320x1760.jpg 1320w, https:\/\/asiatikavienna.com\/wp-content\/uploads\/2026\/01\/Make-003.jpg 1772w\" sizes=\"(max-width: 768px) 100vw, 768px\" \/>\t\t\t\t\t\t\t\t\t\t\t<figcaption class=\"widget-image-caption wp-caption-text\">Mask-003<\/figcaption>\n\t\t\t\t\t\t\t\t\t\t<\/figure>\n\t\t\t\t\t\t\t\t\t<\/div>\n\t\t\t\t<\/div>\n\t\t\t\t<\/div>\n\t\t<div class=\"elementor-element elementor-element-19e9661d e-con-full e-flex e-con e-child\" data-id=\"19e9661d\" data-element_type=\"container\" data-e-type=\"container\">\n\t\t<div class=\"elementor-element elementor-element-4917567d e-con-full e-flex e-con e-child\" data-id=\"4917567d\" data-element_type=\"container\" data-e-type=\"container\">\n\t\t\t\t<div class=\"elementor-element elementor-element-59f26196 elementor-widget elementor-widget-heading\" data-id=\"59f26196\" data-element_type=\"widget\" data-e-type=\"widget\" data-widget_type=\"heading.default\">\n\t\t\t\t<div class=\"elementor-widget-container\">\n\t\t\t\t\t<h2 class=\"elementor-heading-title elementor-size-default\">Cham Dance Mask\n<\/h2>\t\t\t\t<\/div>\n\t\t\t\t<\/div>\n\t\t\t\t<\/div>\n\t\t<div class=\"elementor-element elementor-element-1530d01b e-con-full e-flex e-con e-child\" data-id=\"1530d01b\" data-element_type=\"container\" data-e-type=\"container\">\n\t\t\t\t<div class=\"elementor-element elementor-element-448a3447 elementor-widget elementor-widget-text-editor\" data-id=\"448a3447\" data-element_type=\"widget\" data-e-type=\"widget\" data-widget_type=\"text-editor.default\">\n\t\t\t\t<div class=\"elementor-widget-container\">\n\t\t\t\t\t\t\t\t\t<p data-start=\"120\" data-end=\"329\">Tibet, 19.\/20. Jh.,<\/p><p data-start=\"120\" data-end=\"329\">Expressive dance mask of a stag-like creature from the Cham mysteries; skillfully carved mask with polychrome painting and evident signs of use.<\/p><p data-start=\"120\" data-end=\"329\">H: ca. 66 cm, B: ca. 40 cm, T: ca. 30 cm<\/p><p><strong>Preis <\/strong>240 \u20ac<\/p>\t\t\t\t\t\t\t\t<\/div>\n\t\t\t\t<\/div>\n\t\t\t\t<div class=\"elementor-element elementor-element-7f82ae29 elementor-widget elementor-widget-button\" data-id=\"7f82ae29\" data-element_type=\"widget\" data-e-type=\"widget\" data-widget_type=\"button.default\">\n\t\t\t\t<div class=\"elementor-widget-container\">\n\t\t\t\t\t\t\t\t\t<div class=\"elementor-button-wrapper\">\n\t\t\t\t\t<a class=\"elementor-button elementor-button-link elementor-size-sm\" href=\"http:\/\/asiatikavienna.com\/en\/kontakt\/?produkt=Maske-003\">\n\t\t\t\t\t\t<span class=\"elementor-button-content-wrapper\">\n\t\t\t\t\t\t\t\t\t<span class=\"elementor-button-text\">Contact<\/span>\n\t\t\t\t\t<\/span>\n\t\t\t\t\t<\/a>\n\t\t\t\t<\/div>\n\t\t\t\t\t\t\t\t<\/div>\n\t\t\t\t<\/div>\n\t\t\t\t<\/div>\n\t\t\t\t<\/div>\n\t\t\t\t\t<\/div>\n\t\t\t\t<\/div>\n\t\t\t\t<\/div>","protected":false},"excerpt":{"rendered":"<p>TIBET Sch\u00e4del-001 Mythologischer Schamanenkopf Tibet, 19. Jh.. Aus einem massiven Bergkristall herausgearbeitet, menschlicher Sch\u00e4del zur Verwendung bei okkulten Riten, Sammlerst\u00fcck. H: 8,7 cm, B: 8 cm, T: 11,5 cm Preis 900 \u20ac Contact Maske-001 Tanzmaske 19 Jh., Sehr ausdrucksstarke, alte Maske aus Holz, die Figur des Weisen Alten vom Berg stellt eine vorbuddhist. Berggottheit dar, [&hellip;]<\/p>\n","protected":false},"author":1,"featured_media":0,"parent":0,"menu_order":0,"comment_status":"closed","ping_status":"closed","template":"","meta":{"footnotes":""},"class_list":["post-2635","page","type-page","status-publish","hentry"],"blocksy_meta":[],"aioseo_notices":[],"jetpack_sharing_enabled":true,"_links":{"self":[{"href":"https:\/\/asiatikavienna.com\/en\/wp-json\/wp\/v2\/pages\/2635","targetHints":{"allow":["GET"]}}],"collection":[{"href":"https:\/\/asiatikavienna.com\/en\/wp-json\/wp\/v2\/pages"}],"about":[{"href":"https:\/\/asiatikavienna.com\/en\/wp-json\/wp\/v2\/types\/page"}],"author":[{"embeddable":true,"href":"https:\/\/asiatikavienna.com\/en\/wp-json\/wp\/v2\/users\/1"}],"replies":[{"embeddable":true,"href":"https:\/\/asiatikavienna.com\/en\/wp-json\/wp\/v2\/comments?post=2635"}],"version-history":[{"count":49,"href":"https:\/\/asiatikavienna.com\/en\/wp-json\/wp\/v2\/pages\/2635\/revisions"}],"predecessor-version":[{"id":4621,"href":"https:\/\/asiatikavienna.com\/en\/wp-json\/wp\/v2\/pages\/2635\/revisions\/4621"}],"wp:attachment":[{"href":"https:\/\/asiatikavienna.com\/en\/wp-json\/wp\/v2\/media?parent=2635"}],"curies":[{"name":"wp","href":"https:\/\/api.w.org\/{rel}","templated":true}]}}