{"id":3056,"date":"2026-01-28T13:04:30","date_gmt":"2026-01-28T13:04:30","guid":{"rendered":"https:\/\/asiatikavienna.com\/?page_id=3056"},"modified":"2026-03-03T15:59:22","modified_gmt":"2026-03-03T15:59:22","slug":"teppiche","status":"publish","type":"page","link":"https:\/\/asiatikavienna.com\/en\/teppiche\/","title":{"rendered":"Carpets"},"content":{"rendered":"<div data-elementor-type=\"wp-page\" data-elementor-id=\"3056\" class=\"elementor elementor-3056\" data-elementor-post-type=\"page\">\n\t\t\t\t<div class=\"elementor-element elementor-element-4cfc643a e-flex e-con-boxed e-con e-parent\" data-id=\"4cfc643a\" data-element_type=\"container\" data-e-type=\"container\">\n\t\t\t\t\t<div class=\"e-con-inner\">\n\t\t<div class=\"elementor-element elementor-element-724fffdf e-con-full e-flex e-con e-child\" data-id=\"724fffdf\" data-element_type=\"container\" data-e-type=\"container\">\n\t\t<div class=\"elementor-element elementor-element-e2e3dd2 e-con-full e-flex e-con e-child\" data-id=\"e2e3dd2\" data-element_type=\"container\" data-e-type=\"container\">\n\t\t\t\t<div class=\"elementor-element elementor-element-323810b elementor-widget elementor-widget-heading\" data-id=\"323810b\" data-element_type=\"widget\" data-e-type=\"widget\" data-widget_type=\"heading.default\">\n\t\t\t\t<div class=\"elementor-widget-container\">\n\t\t\t\t\t<h4 class=\"elementor-heading-title elementor-size-default\">CHINA<\/h4>\t\t\t\t<\/div>\n\t\t\t\t<\/div>\n\t\t\t\t<\/div>\n\t\t\t\t<\/div>\n\t\t\t\t\t<\/div>\n\t\t\t\t<\/div>\n\t\t<div class=\"elementor-element elementor-element-a9f5196 e-flex e-con-boxed e-con e-parent\" data-id=\"a9f5196\" data-element_type=\"container\" data-e-type=\"container\">\n\t\t\t\t\t<div class=\"e-con-inner\">\n\t\t<div class=\"elementor-element elementor-element-59518bd e-con-full e-flex e-con e-child\" data-id=\"59518bd\" data-element_type=\"container\" data-e-type=\"container\">\n\t\t\t\t<div class=\"elementor-element elementor-element-531b933 elementor-widget elementor-widget-image\" data-id=\"531b933\" data-element_type=\"widget\" data-e-type=\"widget\" data-widget_type=\"image.default\">\n\t\t\t\t<div class=\"elementor-widget-container\">\n\t\t\t\t\t\t\t\t\t\t\t\t<figure class=\"wp-caption\">\n\t\t\t\t\t\t\t\t\t\t<img fetchpriority=\"high\" decoding=\"async\" width=\"717\" height=\"1024\" src=\"https:\/\/asiatikavienna.com\/wp-content\/uploads\/2026\/01\/31-396-717x1024.jpg\" class=\"attachment-large size-large wp-image-3059\" alt=\"\" srcset=\"https:\/\/asiatikavienna.com\/wp-content\/uploads\/2026\/01\/31-396-717x1024.jpg 717w, https:\/\/asiatikavienna.com\/wp-content\/uploads\/2026\/01\/31-396-210x300.jpg 210w, https:\/\/asiatikavienna.com\/wp-content\/uploads\/2026\/01\/31-396-768x1097.jpg 768w, https:\/\/asiatikavienna.com\/wp-content\/uploads\/2026\/01\/31-396-1076x1536.jpg 1076w, https:\/\/asiatikavienna.com\/wp-content\/uploads\/2026\/01\/31-396-1434x2048.jpg 1434w, https:\/\/asiatikavienna.com\/wp-content\/uploads\/2026\/01\/31-396-1320x1885.jpg 1320w, https:\/\/asiatikavienna.com\/wp-content\/uploads\/2026\/01\/31-396.jpg 1654w\" sizes=\"(max-width: 717px) 100vw, 717px\" \/>\t\t\t\t\t\t\t\t\t\t\t<figcaption class=\"widget-image-caption wp-caption-text\">Carpet-001<\/figcaption>\n\t\t\t\t\t\t\t\t\t\t<\/figure>\n\t\t\t\t\t\t\t\t\t<\/div>\n\t\t\t\t<\/div>\n\t\t\t\t<\/div>\n\t\t<div class=\"elementor-element elementor-element-7b7b070 e-con-full e-flex e-con e-child\" data-id=\"7b7b070\" data-element_type=\"container\" data-e-type=\"container\">\n\t\t<div class=\"elementor-element elementor-element-27d67c0 e-con-full e-flex e-con e-child\" data-id=\"27d67c0\" data-element_type=\"container\" data-e-type=\"container\">\n\t\t\t\t<div class=\"elementor-element elementor-element-0ca928c elementor-widget elementor-widget-heading\" data-id=\"0ca928c\" data-element_type=\"widget\" data-e-type=\"widget\" data-widget_type=\"heading.default\">\n\t\t\t\t<div class=\"elementor-widget-container\">\n\t\t\t\t\t<h3 class=\"elementor-heading-title elementor-size-default\">Khotan Carpet<\/h3>\t\t\t\t<\/div>\n\t\t\t\t<\/div>\n\t\t\t\t<\/div>\n\t\t<div class=\"elementor-element elementor-element-3e19fd4 e-con-full e-flex e-con e-child\" data-id=\"3e19fd4\" data-element_type=\"container\" data-e-type=\"container\">\n\t\t\t\t<div class=\"elementor-element elementor-element-d39b0bc elementor-widget elementor-widget-text-editor\" data-id=\"d39b0bc\" data-element_type=\"widget\" data-e-type=\"widget\" data-widget_type=\"text-editor.default\">\n\t\t\t\t<div class=\"elementor-widget-container\">\n\t\t\t\t\t\t\t\t\t<p data-start=\"91\" data-end=\"568\">East Turkestan, historic Silk Road region, Xinjiang Province, PR China, 19th century.<\/p><p data-start=\"91\" data-end=\"568\">Beautiful nomadic carpet in a classic tent size, gray-blue field with a dense, symmetrically structured pomegranate pattern with scrolling vines and leaves. In China, the pomegranate is a symbol of fertility because of its many seeds; together with the peach and the Buddha\u2019s hand citron it forms the Three Auspicious Fruits, symbols of abundance. Four-part floral border.<\/p><p data-start=\"91\" data-end=\"568\">L: 304 cm, B: 165 cm<\/p><p><strong>Preis: <\/strong>1200 \u20ac<\/p>\t\t\t\t\t\t\t\t<\/div>\n\t\t\t\t<\/div>\n\t\t\t\t<div class=\"elementor-element elementor-element-48a99f4 elementor-widget elementor-widget-button\" data-id=\"48a99f4\" data-element_type=\"widget\" data-e-type=\"widget\" data-widget_type=\"button.default\">\n\t\t\t\t<div class=\"elementor-widget-container\">\n\t\t\t\t\t\t\t\t\t<div class=\"elementor-button-wrapper\">\n\t\t\t\t\t<a class=\"elementor-button elementor-button-link elementor-size-sm\" href=\"https:\/\/asiatikavienna.com\/en\/kontakt\/?produkt=Teppich-001\">\n\t\t\t\t\t\t<span class=\"elementor-button-content-wrapper\">\n\t\t\t\t\t\t\t\t\t<span class=\"elementor-button-text\">Contact<\/span>\n\t\t\t\t\t<\/span>\n\t\t\t\t\t<\/a>\n\t\t\t\t<\/div>\n\t\t\t\t\t\t\t\t<\/div>\n\t\t\t\t<\/div>\n\t\t\t\t<\/div>\n\t\t\t\t<\/div>\n\t\t\t\t\t<\/div>\n\t\t\t\t<\/div>\n\t\t<div class=\"elementor-element elementor-element-a2aeff3 e-flex e-con-boxed e-con e-parent\" data-id=\"a2aeff3\" data-element_type=\"container\" data-e-type=\"container\">\n\t\t\t\t\t<div class=\"e-con-inner\">\n\t\t<div class=\"elementor-element elementor-element-7a64472 e-con-full e-flex e-con e-child\" data-id=\"7a64472\" data-element_type=\"container\" data-e-type=\"container\">\n\t\t<div class=\"elementor-element elementor-element-743dd6f e-con-full e-flex e-con e-child\" data-id=\"743dd6f\" data-element_type=\"container\" data-e-type=\"container\">\n\t\t\t\t<div class=\"elementor-element elementor-element-a01a3ef elementor-widget elementor-widget-heading\" data-id=\"a01a3ef\" data-element_type=\"widget\" data-e-type=\"widget\" data-widget_type=\"heading.default\">\n\t\t\t\t<div class=\"elementor-widget-container\">\n\t\t\t\t\t<h4 class=\"elementor-heading-title elementor-size-default\">TIBET<\/h4>\t\t\t\t<\/div>\n\t\t\t\t<\/div>\n\t\t\t\t<\/div>\n\t\t\t\t<\/div>\n\t\t\t\t\t<\/div>\n\t\t\t\t<\/div>\n\t\t<div class=\"elementor-element elementor-element-20630aa e-flex e-con-boxed e-con e-parent\" data-id=\"20630aa\" data-element_type=\"container\" data-e-type=\"container\">\n\t\t\t\t\t<div class=\"e-con-inner\">\n\t\t<div class=\"elementor-element elementor-element-bb6e023 e-con-full e-flex e-con e-child\" data-id=\"bb6e023\" data-element_type=\"container\" data-e-type=\"container\">\n\t\t\t\t<div class=\"elementor-element elementor-element-34560bc elementor-widget elementor-widget-image\" data-id=\"34560bc\" data-element_type=\"widget\" data-e-type=\"widget\" data-widget_type=\"image.default\">\n\t\t\t\t<div class=\"elementor-widget-container\">\n\t\t\t\t\t\t\t\t\t\t\t\t<figure class=\"wp-caption\">\n\t\t\t\t\t\t\t\t\t\t<img decoding=\"async\" width=\"1024\" height=\"717\" src=\"https:\/\/asiatikavienna.com\/wp-content\/uploads\/2026\/01\/31-386-1024x717.jpg\" class=\"attachment-large size-large wp-image-3058\" alt=\"\" srcset=\"https:\/\/asiatikavienna.com\/wp-content\/uploads\/2026\/01\/31-386-1024x717.jpg 1024w, https:\/\/asiatikavienna.com\/wp-content\/uploads\/2026\/01\/31-386-300x210.jpg 300w, https:\/\/asiatikavienna.com\/wp-content\/uploads\/2026\/01\/31-386-768x538.jpg 768w, https:\/\/asiatikavienna.com\/wp-content\/uploads\/2026\/01\/31-386-1536x1076.jpg 1536w, https:\/\/asiatikavienna.com\/wp-content\/uploads\/2026\/01\/31-386-2048x1434.jpg 2048w, https:\/\/asiatikavienna.com\/wp-content\/uploads\/2026\/01\/31-386-1320x924.jpg 1320w\" sizes=\"(max-width: 1024px) 100vw, 1024px\" \/>\t\t\t\t\t\t\t\t\t\t\t<figcaption class=\"widget-image-caption wp-caption-text\">Carpet-002<\/figcaption>\n\t\t\t\t\t\t\t\t\t\t<\/figure>\n\t\t\t\t\t\t\t\t\t<\/div>\n\t\t\t\t<\/div>\n\t\t\t\t<\/div>\n\t\t<div class=\"elementor-element elementor-element-98e756c e-con-full e-flex e-con e-child\" data-id=\"98e756c\" data-element_type=\"container\" data-e-type=\"container\">\n\t\t<div class=\"elementor-element elementor-element-ad1014e e-con-full e-flex e-con e-child\" data-id=\"ad1014e\" data-element_type=\"container\" data-e-type=\"container\">\n\t\t\t\t<div class=\"elementor-element elementor-element-595d1aa elementor-widget elementor-widget-heading\" data-id=\"595d1aa\" data-element_type=\"widget\" data-e-type=\"widget\" data-widget_type=\"heading.default\">\n\t\t\t\t<div class=\"elementor-widget-container\">\n\t\t\t\t\t<h3 class=\"elementor-heading-title elementor-size-default\">Saddle Blanket<\/h3>\t\t\t\t<\/div>\n\t\t\t\t<\/div>\n\t\t\t\t<\/div>\n\t\t<div class=\"elementor-element elementor-element-7b0337d e-con-full e-flex e-con e-child\" data-id=\"7b0337d\" data-element_type=\"container\" data-e-type=\"container\">\n\t\t\t\t<div class=\"elementor-element elementor-element-92d1eb2 elementor-widget elementor-widget-text-editor\" data-id=\"92d1eb2\" data-element_type=\"widget\" data-e-type=\"widget\" data-widget_type=\"text-editor.default\">\n\t\t\t\t<div class=\"elementor-widget-container\">\n\t\t\t\t\t\t\t\t\t<p data-start=\"93\" data-end=\"118\"><span style=\"font-family: inherit; font-size: inherit; font-style: inherit; font-variant-ligatures: inherit; font-variant-caps: inherit; font-weight: inherit;\">Tibet, 20. Jh..\u00a0<\/span><\/p><p data-start=\"120\" data-end=\"628\"><span style=\"font-family: inherit; font-size: inherit; font-style: inherit; font-variant-ligatures: inherit; font-variant-caps: inherit; font-weight: inherit;\">Geometric form, dark blue field with a multicolored floral rosette surrounded by blossoms and symbolic fruits; the two saddle halves connected by a serrated beige cartouche and a rectangular blue-beige mottled cartouche from which a red bat \u2014 an auspicious symbol \u2014 emerges. Narrow blue linear and blue-white meander borders, adjoining a wide madder-red border with colorful flowers and auspicious motifs. Two leather-bound openings for the saddle fittings.<\/span><\/p><p data-start=\"120\" data-end=\"628\">L: 110 cm, B: 62 cm<\/p><p><strong>Preis: <\/strong>260 \u20ac<\/p>\t\t\t\t\t\t\t\t<\/div>\n\t\t\t\t<\/div>\n\t\t\t\t<div class=\"elementor-element elementor-element-c41d5f7 elementor-widget elementor-widget-button\" data-id=\"c41d5f7\" data-element_type=\"widget\" data-e-type=\"widget\" data-widget_type=\"button.default\">\n\t\t\t\t<div class=\"elementor-widget-container\">\n\t\t\t\t\t\t\t\t\t<div class=\"elementor-button-wrapper\">\n\t\t\t\t\t<a class=\"elementor-button elementor-button-link elementor-size-sm\" href=\"https:\/\/asiatikavienna.com\/en\/kontakt\/?produkt=Teppich-002\">\n\t\t\t\t\t\t<span class=\"elementor-button-content-wrapper\">\n\t\t\t\t\t\t\t\t\t<span class=\"elementor-button-text\">Contact<\/span>\n\t\t\t\t\t<\/span>\n\t\t\t\t\t<\/a>\n\t\t\t\t<\/div>\n\t\t\t\t\t\t\t\t<\/div>\n\t\t\t\t<\/div>\n\t\t\t\t<\/div>\n\t\t\t\t<\/div>\n\t\t\t\t\t<\/div>\n\t\t\t\t<\/div>\n\t\t<div class=\"elementor-element elementor-element-2a66ed0 e-flex e-con-boxed e-con e-parent\" data-id=\"2a66ed0\" data-element_type=\"container\" data-e-type=\"container\">\n\t\t\t\t\t<div class=\"e-con-inner\">\n\t\t<div class=\"elementor-element elementor-element-1cc49d8 e-con-full e-flex e-con e-child\" data-id=\"1cc49d8\" data-element_type=\"container\" data-e-type=\"container\">\n\t\t\t\t<div class=\"elementor-element elementor-element-e8cd4ba elementor-widget elementor-widget-image\" data-id=\"e8cd4ba\" data-element_type=\"widget\" data-e-type=\"widget\" data-widget_type=\"image.default\">\n\t\t\t\t<div class=\"elementor-widget-container\">\n\t\t\t\t\t\t\t\t\t\t\t\t<figure class=\"wp-caption\">\n\t\t\t\t\t\t\t\t\t\t<img decoding=\"async\" width=\"1024\" height=\"665\" src=\"https:\/\/asiatikavienna.com\/wp-content\/uploads\/2026\/01\/31-397-1024x665.jpg\" class=\"attachment-large size-large wp-image-3060\" alt=\"\" srcset=\"https:\/\/asiatikavienna.com\/wp-content\/uploads\/2026\/01\/31-397-1024x665.jpg 1024w, https:\/\/asiatikavienna.com\/wp-content\/uploads\/2026\/01\/31-397-300x195.jpg 300w, https:\/\/asiatikavienna.com\/wp-content\/uploads\/2026\/01\/31-397-768x499.jpg 768w, https:\/\/asiatikavienna.com\/wp-content\/uploads\/2026\/01\/31-397-1536x998.jpg 1536w, https:\/\/asiatikavienna.com\/wp-content\/uploads\/2026\/01\/31-397-2048x1331.jpg 2048w, https:\/\/asiatikavienna.com\/wp-content\/uploads\/2026\/01\/31-397-1320x858.jpg 1320w\" sizes=\"(max-width: 1024px) 100vw, 1024px\" \/>\t\t\t\t\t\t\t\t\t\t\t<figcaption class=\"widget-image-caption wp-caption-text\">Carpet-003<\/figcaption>\n\t\t\t\t\t\t\t\t\t\t<\/figure>\n\t\t\t\t\t\t\t\t\t<\/div>\n\t\t\t\t<\/div>\n\t\t\t\t<\/div>\n\t\t<div class=\"elementor-element elementor-element-d52d6a1 e-con-full e-flex e-con e-child\" data-id=\"d52d6a1\" data-element_type=\"container\" data-e-type=\"container\">\n\t\t<div class=\"elementor-element elementor-element-e92619f e-con-full e-flex e-con e-child\" data-id=\"e92619f\" data-element_type=\"container\" data-e-type=\"container\">\n\t\t\t\t<div class=\"elementor-element elementor-element-8dd7e8f elementor-widget elementor-widget-heading\" data-id=\"8dd7e8f\" data-element_type=\"widget\" data-e-type=\"widget\" data-widget_type=\"heading.default\">\n\t\t\t\t<div class=\"elementor-widget-container\">\n\t\t\t\t\t<h3 class=\"elementor-heading-title elementor-size-default\">Saddle Blanket<\/h3>\t\t\t\t<\/div>\n\t\t\t\t<\/div>\n\t\t\t\t<\/div>\n\t\t<div class=\"elementor-element elementor-element-843b14c e-con-full e-flex e-con e-child\" data-id=\"843b14c\" data-element_type=\"container\" data-e-type=\"container\">\n\t\t\t\t<div class=\"elementor-element elementor-element-4c7d33a elementor-widget elementor-widget-text-editor\" data-id=\"4c7d33a\" data-element_type=\"widget\" data-e-type=\"widget\" data-widget_type=\"text-editor.default\">\n\t\t\t\t<div class=\"elementor-widget-container\">\n\t\t\t\t\t\t\t\t\t<p data-start=\"682\" data-end=\"1035\">Innere Mongolei, 20. Jh..<\/p><p data-start=\"682\" data-end=\"1035\">Narrow, geometric form, beige field with a dark blue floral rosette and an upright peony bouquet; wide dark blue floral border; the two saddle halves connected by a serrated green-mottled cartouche outlined in red; two unbound openings for the saddle fittings.<\/p><p data-start=\"682\" data-end=\"1035\">L: 140 cm, B: 45 cm<\/p><p><strong>Preis: <\/strong>260 \u20ac<\/p>\t\t\t\t\t\t\t\t<\/div>\n\t\t\t\t<\/div>\n\t\t\t\t<div class=\"elementor-element elementor-element-85b5137 elementor-widget elementor-widget-button\" data-id=\"85b5137\" data-element_type=\"widget\" data-e-type=\"widget\" data-widget_type=\"button.default\">\n\t\t\t\t<div class=\"elementor-widget-container\">\n\t\t\t\t\t\t\t\t\t<div class=\"elementor-button-wrapper\">\n\t\t\t\t\t<a class=\"elementor-button elementor-button-link elementor-size-sm\" href=\"https:\/\/asiatikavienna.com\/en\/kontakt\/?produkt=Teppich-003\">\n\t\t\t\t\t\t<span class=\"elementor-button-content-wrapper\">\n\t\t\t\t\t\t\t\t\t<span class=\"elementor-button-text\">Contact<\/span>\n\t\t\t\t\t<\/span>\n\t\t\t\t\t<\/a>\n\t\t\t\t<\/div>\n\t\t\t\t\t\t\t\t<\/div>\n\t\t\t\t<\/div>\n\t\t\t\t<\/div>\n\t\t\t\t<\/div>\n\t\t\t\t\t<\/div>\n\t\t\t\t<\/div>\n\t\t\t\t<\/div>","protected":false},"excerpt":{"rendered":"<p>CHINA Teppich-001 Khotanteppich Ostturkestan, Gebiet der hist. Seidenstra\u00dfe, Provinz Hsinkiang der VR-China, 19. Jh.. Sch\u00f6ner Nomadenteppich in klassischem Zeltma\u00df, grau-blaues Innenfeld mit dichtem, symmetrisch gegliedertem Granatapfelmuster mit Ranken und Bl\u00e4ttern, der Granatapfel ist in China ein Symbol der Fruchtbarkeit, da er voller Samen steckt, zusammen mit dem Pfirsich und der Buddhahandzitrone bildet er die 3 [&hellip;]<\/p>\n","protected":false},"author":1,"featured_media":0,"parent":0,"menu_order":0,"comment_status":"closed","ping_status":"closed","template":"","meta":{"footnotes":""},"class_list":["post-3056","page","type-page","status-publish","hentry"],"blocksy_meta":[],"aioseo_notices":[],"jetpack_sharing_enabled":true,"_links":{"self":[{"href":"https:\/\/asiatikavienna.com\/en\/wp-json\/wp\/v2\/pages\/3056","targetHints":{"allow":["GET"]}}],"collection":[{"href":"https:\/\/asiatikavienna.com\/en\/wp-json\/wp\/v2\/pages"}],"about":[{"href":"https:\/\/asiatikavienna.com\/en\/wp-json\/wp\/v2\/types\/page"}],"author":[{"embeddable":true,"href":"https:\/\/asiatikavienna.com\/en\/wp-json\/wp\/v2\/users\/1"}],"replies":[{"embeddable":true,"href":"https:\/\/asiatikavienna.com\/en\/wp-json\/wp\/v2\/comments?post=3056"}],"version-history":[{"count":52,"href":"https:\/\/asiatikavienna.com\/en\/wp-json\/wp\/v2\/pages\/3056\/revisions"}],"predecessor-version":[{"id":6411,"href":"https:\/\/asiatikavienna.com\/en\/wp-json\/wp\/v2\/pages\/3056\/revisions\/6411"}],"wp:attachment":[{"href":"https:\/\/asiatikavienna.com\/en\/wp-json\/wp\/v2\/media?parent=3056"}],"curies":[{"name":"wp","href":"https:\/\/api.w.org\/{rel}","templated":true}]}}