{"id":6076,"date":"2026-02-27T16:23:36","date_gmt":"2026-02-27T16:23:36","guid":{"rendered":"https:\/\/asiatikavienna.com\/?page_id=6076"},"modified":"2026-02-27T16:25:56","modified_gmt":"2026-02-27T16:25:56","slug":"datenschutzerklaerung","status":"publish","type":"page","link":"https:\/\/asiatikavienna.com\/en\/datenschutzerklaerung\/","title":{"rendered":"Privacy Policy"},"content":{"rendered":"<div data-elementor-type=\"wp-page\" data-elementor-id=\"6076\" class=\"elementor elementor-6076\" data-elementor-post-type=\"page\">\n\t\t\t\t<div class=\"elementor-element elementor-element-36394cc e-flex e-con-boxed e-con e-parent\" data-id=\"36394cc\" data-element_type=\"container\" data-e-type=\"container\">\n\t\t\t\t\t<div class=\"e-con-inner\">\n\t\t\t\t<div class=\"elementor-element elementor-element-cf36e4c elementor-widget elementor-widget-text-editor\" data-id=\"cf36e4c\" data-element_type=\"widget\" data-e-type=\"widget\" data-widget_type=\"text-editor.default\">\n\t\t\t\t<div class=\"elementor-widget-container\">\n\t\t\t\t\t\t\t\t\t<h3 data-start=\"454\" data-end=\"478\">Privacy Policy<\/h3>\n<p data-start=\"480\" data-end=\"495\"><strong data-start=\"480\" data-end=\"495\">Data Protection<\/strong><\/p>\n<p data-start=\"497\" data-end=\"660\">The protection of your personal data is of particular concern to us. We process your data exclusively on the basis of the legal regulations (GDPR).<\/p>\n<hr data-start=\"662\" data-end=\"665\">\n<p data-start=\"667\" data-end=\"686\"><strong data-start=\"667\" data-end=\"686\">Contact with us<\/strong><\/p>\n<p data-start=\"688\" data-end=\"900\">If you contact us via the form on the website or by email, the data you provide will be stored for the purpose of processing your request. We will not pass on this data without your consent.<\/p>\n<hr data-start=\"902\" data-end=\"905\">\n<p data-start=\"907\" data-end=\"926\"><strong data-start=\"907\" data-end=\"926\">Server log files<\/strong><\/p>\n<p data-start=\"928\" data-end=\"1098\">The hosting provider of this website automatically stores information in so-called server log files, which your browser automatically transmits. These include, for example:<\/p>\n<ul data-start=\"1100\" data-end=\"1168\">\n<li data-start=\"1100\" data-end=\"1114\">\n<p data-start=\"1102\" data-end=\"1114\">IP address<\/p>\n<\/li>\n<li data-start=\"1115\" data-end=\"1136\">\n<p data-start=\"1117\" data-end=\"1136\">Date and time<\/p>\n<\/li>\n<li data-start=\"1137\" data-end=\"1151\">\n<p data-start=\"1139\" data-end=\"1151\">Browsertyp<\/p>\n<\/li>\n<li data-start=\"1152\" data-end=\"1168\">\n<p data-start=\"1154\" data-end=\"1168\">Operating system<\/p>\n<\/li>\n<\/ul>\n<p data-start=\"1170\" data-end=\"1224\">This data cannot be assigned to specific persons.<\/p>\n<hr data-start=\"1226\" data-end=\"1229\">\n<p data-start=\"1231\" data-end=\"1242\"><strong data-start=\"1231\" data-end=\"1242\">Cookies<\/strong><\/p>\n<p data-start=\"1244\" data-end=\"1350\">Our website uses cookies. Cookies are small text files that are stored on your device.<\/p>\n<p data-start=\"1352\" data-end=\"1382\">They do not cause any damage.<\/p>\n<p data-start=\"1384\" data-end=\"1443\">They help to make the website user-friendly.<\/p>\n<p data-start=\"1445\" data-end=\"1494\">You can disable cookies in your browser.<\/p>\n<hr data-start=\"1496\" data-end=\"1499\">\n<p data-start=\"1501\" data-end=\"1516\"><strong data-start=\"1501\" data-end=\"1516\">Google Maps<\/strong><\/p>\n<p data-start=\"1518\" data-end=\"1581\">This website uses Google Maps to display maps.<\/p>\n<p data-start=\"1583\" data-end=\"1630\">In the process, data may be transmitted to Google.<\/p>\n<p data-start=\"1632\" data-end=\"1671\">Further information can be found at:<\/p>\n<p data-start=\"1673\" data-end=\"1708\"><a class=\"decorated-link\" href=\"https:\/\/policies.google.com\/privacy\" target=\"_new\" rel=\"noopener\" data-start=\"1673\" data-end=\"1708\">https:\/\/policies.google.com\/privacy<\/a><\/p>\n<hr data-start=\"1710\" data-end=\"1713\">\n<p data-start=\"1715\" data-end=\"1729\"><strong data-start=\"1715\" data-end=\"1729\">Newsletter<\/strong><\/p>\n<p data-start=\"1731\" data-end=\"1815\">If you sign up for our newsletter, your email address will be stored.<\/p>\n<p data-start=\"1817\" data-end=\"1867\">You can unsubscribe from the newsletter at any time.<\/p>\n<hr data-start=\"1869\" data-end=\"1872\">\n<p data-start=\"1874\" data-end=\"1889\"><strong data-start=\"1874\" data-end=\"1889\">Your rights<\/strong><\/p>\n<p data-start=\"1891\" data-end=\"1929\">You generally have the right to:<\/p>\n<ul data-start=\"1931\" data-end=\"2027\">\n<li data-start=\"1931\" data-end=\"1943\">\n<p data-start=\"1933\" data-end=\"1943\">Right of access<\/p>\n<\/li>\n<li data-start=\"1944\" data-end=\"1960\">\n<p data-start=\"1946\" data-end=\"1960\">Rectification<\/p>\n<\/li>\n<li data-start=\"1961\" data-end=\"1973\">\n<p data-start=\"1963\" data-end=\"1973\">Erasure<\/p>\n<\/li>\n<li data-start=\"1974\" data-end=\"1991\">\n<p data-start=\"1976\" data-end=\"1991\">Restriction<\/p>\n<\/li>\n<li data-start=\"1992\" data-end=\"2016\">\n<p data-start=\"1994\" data-end=\"2016\">Data portability<\/p>\n<\/li>\n<li data-start=\"2017\" data-end=\"2027\">\n<p data-start=\"2019\" data-end=\"2027\">Right to withdraw consent<\/p>\n<\/li>\n<\/ul>\n<p data-start=\"2029\" data-end=\"2172\">If you believe that the processing of your data violates data protection law, you can file a complaint with the data protection authority.<\/p>\n<p data-start=\"2179\" data-end=\"2190\"><br><\/p>\t\t\t\t\t\t\t\t<\/div>\n\t\t\t\t<\/div>\n\t\t\t\t\t<\/div>\n\t\t\t\t<\/div>\n\t\t\t\t<\/div>","protected":false},"excerpt":{"rendered":"<p>Datenschutzerkl\u00e4rung Datenschutz Der Schutz Ihrer pers\u00f6nlichen Daten ist uns ein besonderes Anliegen. Wir verarbeiten Ihre Daten ausschlie\u00dflich auf Grundlage der gesetzlichen Bestimmungen (DSGVO). Kontakt mit uns Wenn Sie per Formular auf der Website oder per E-Mail Kontakt mit uns aufnehmen, werden Ihre angegebenen Daten zur Bearbeitung Ihrer Anfrage gespeichert. Diese Daten geben wir nicht ohne [&hellip;]<\/p>\n","protected":false},"author":1,"featured_media":0,"parent":0,"menu_order":0,"comment_status":"closed","ping_status":"closed","template":"","meta":{"footnotes":""},"class_list":["post-6076","page","type-page","status-publish","hentry"],"blocksy_meta":[],"aioseo_notices":[],"jetpack_sharing_enabled":true,"_links":{"self":[{"href":"https:\/\/asiatikavienna.com\/en\/wp-json\/wp\/v2\/pages\/6076","targetHints":{"allow":["GET"]}}],"collection":[{"href":"https:\/\/asiatikavienna.com\/en\/wp-json\/wp\/v2\/pages"}],"about":[{"href":"https:\/\/asiatikavienna.com\/en\/wp-json\/wp\/v2\/types\/page"}],"author":[{"embeddable":true,"href":"https:\/\/asiatikavienna.com\/en\/wp-json\/wp\/v2\/users\/1"}],"replies":[{"embeddable":true,"href":"https:\/\/asiatikavienna.com\/en\/wp-json\/wp\/v2\/comments?post=6076"}],"version-history":[{"count":7,"href":"https:\/\/asiatikavienna.com\/en\/wp-json\/wp\/v2\/pages\/6076\/revisions"}],"predecessor-version":[{"id":6083,"href":"https:\/\/asiatikavienna.com\/en\/wp-json\/wp\/v2\/pages\/6076\/revisions\/6083"}],"wp:attachment":[{"href":"https:\/\/asiatikavienna.com\/en\/wp-json\/wp\/v2\/media?parent=6076"}],"curies":[{"name":"wp","href":"https:\/\/api.w.org\/{rel}","templated":true}]}}