{"id":61,"date":"2024-07-09T12:53:22","date_gmt":"2024-07-09T12:53:22","guid":{"rendered":"https:\/\/asiatikavienna.com\/?page_id=61"},"modified":"2026-01-03T15:23:33","modified_gmt":"2026-01-03T15:23:33","slug":"familiengeschichte","status":"publish","type":"page","link":"https:\/\/asiatikavienna.com\/en\/familiengeschichte\/","title":{"rendered":"Family History"},"content":{"rendered":"<div data-elementor-type=\"wp-page\" data-elementor-id=\"61\" class=\"elementor elementor-61\" data-elementor-post-type=\"page\">\n\t\t\t\t<div class=\"elementor-element elementor-element-68dc597 e-flex e-con-boxed e-con e-parent\" data-id=\"68dc597\" data-element_type=\"container\" data-e-type=\"container\">\n\t\t\t\t\t<div class=\"e-con-inner\">\n\t\t\t\t<div class=\"elementor-element elementor-element-f97f956 elementor-widget elementor-widget-image\" data-id=\"f97f956\" data-element_type=\"widget\" data-e-type=\"widget\" data-widget_type=\"image.default\">\n\t\t\t\t<div class=\"elementor-widget-container\">\n\t\t\t\t\t\t\t\t\t\t\t\t\t\t\t<img fetchpriority=\"high\" decoding=\"async\" width=\"950\" height=\"658\" src=\"https:\/\/asiatikavienna.com\/wp-content\/uploads\/2026\/01\/Linda-und-Dicj.jpg\" class=\"attachment-large size-large wp-image-1455\" alt=\"\" srcset=\"https:\/\/asiatikavienna.com\/wp-content\/uploads\/2026\/01\/Linda-und-Dicj.jpg 950w, https:\/\/asiatikavienna.com\/wp-content\/uploads\/2026\/01\/Linda-und-Dicj-300x208.jpg 300w, https:\/\/asiatikavienna.com\/wp-content\/uploads\/2026\/01\/Linda-und-Dicj-768x532.jpg 768w\" sizes=\"(max-width: 950px) 100vw, 950px\" \/>\t\t\t\t\t\t\t\t\t\t\t\t\t\t\t<\/div>\n\t\t\t\t<\/div>\n\t\t\t\t<div class=\"elementor-element elementor-element-91ee70d elementor-widget elementor-widget-text-editor\" data-id=\"91ee70d\" data-element_type=\"widget\" data-e-type=\"widget\" data-widget_type=\"text-editor.default\">\n\t\t\t\t<div class=\"elementor-widget-container\">\n\t\t\t\t\t\t\t\t\t<p style=\"font-size: 12px; line-height: normal; font-family: Helvetica; -webkit-text-stroke-color: #000000; -webkit-text-stroke-width: initial; text-align: left;\"><span style=\"color: #454545; font-size: 14px;\"><strong>Dear art lovers,<\/strong><\/span><\/p><p style=\"font-size: 12px; line-height: normal; font-family: Helvetica; -webkit-text-stroke-color: #000000; -webkit-text-stroke-width: initial; min-height: 14px; text-align: left;\"><span style=\"color: #454545; font-size: 14px;\"><strong>\u00a0<\/strong><\/span><\/p><p style=\"font-size: 12px; line-height: normal; font-family: Helvetica; -webkit-text-stroke-color: #000000; -webkit-text-stroke-width: initial; text-align: left;\"><span style=\"color: #454545; font-size: 14px;\"><strong>The economic depression after World War 1 drove the young Hamburg merchant Fritz Nauert far from home: China was the land of his dreams.<\/strong><\/span><\/p><p style=\"font-size: 12px; line-height: normal; font-family: Helvetica; -webkit-text-stroke-color: #000000; -webkit-text-stroke-width: initial; text-align: left;\"><span style=\"color: #454545; font-size: 14px;\"><strong>Around the same time, under similar circumstances, the eldest daughter of the well-known Ohlwein swimming family in Essen in the Ruhr region, Emilie, decided at the age of 21 to seek her fortune abroad as well: \u201cChina\u201d sounded like an El Dorado \u2014 and a chance to provide help and support for her family of seven children back home.<\/strong><\/span><\/p><p style=\"font-size: 12px; line-height: normal; font-family: Helvetica; -webkit-text-stroke-color: #000000; -webkit-text-stroke-width: initial; min-height: 14px; text-align: left;\"><span style=\"color: #454545; font-size: 14px;\"><strong>\u00a0<\/strong><\/span><\/p><p style=\"font-size: 12px; line-height: normal; font-family: Helvetica; -webkit-text-stroke-color: #000000; -webkit-text-stroke-width: initial; text-align: left;\"><span style=\"color: #454545; font-size: 14px;\"><strong>China in the early 1920s was still deeply shaped by the almost medieval feudal structures of the recently ended Manchu Qing dynasty.<\/strong><\/span><span style=\"color: #454545; font-size: 14px;\"><strong>\u201cWarlords\u201d \u2014 military strongmen securing their provinces, their districts, and their spoils.\u00a0<\/strong><\/span><span style=\"color: #454545; font-size: 14px;\"><strong>Every journey was an adventure in itself \u2014 a white woman seemed almost like a supernatural apparition to the people in the interior of the vast Chinese empire, especially when she became the first European woman to swim across the Yangtze River, more than 4 kilometers wide.\u00a0<\/strong><\/span><span style=\"color: #454545; font-size: 14px;\"><strong>It is here that the two \u2014 Fritz and Emilie \u2014 meet and decide to take their fate into their own hands together.<\/strong><\/span><\/p><p style=\"font-size: 12px; line-height: normal; font-family: Helvetica; -webkit-text-stroke-color: #000000; -webkit-text-stroke-width: initial; min-height: 14px; text-align: left;\"><span style=\"color: #454545; font-size: 14px;\"><strong>Success followed after a short time: industrial enterprises, a trading house, factory agencies, and collections of Chinese art. In this environment, Dierk Nauert was born in 1942 in Qingdao (Tsingtau), located in the former imperial German leasehold and naval base of Kiautschou, in Shandong Province on the East China Sea, at the foot of the Lao Shan mountains \u2014 the region that is also the birthplace of the philosopher and religious founder Confucius \u2014 and he grew up surrounded by this cultural setting.<\/strong><\/span><\/p><p style=\"font-size: 12px; line-height: normal; font-family: Helvetica; -webkit-text-stroke-color: #000000; -webkit-text-stroke-width: initial; min-height: 14px; text-align: left;\"><span style=\"color: #454545; font-size: 14px;\"><strong>\u00a0<\/strong><\/span><\/p><p style=\"font-size: 12px; line-height: normal; font-family: Helvetica; -webkit-text-stroke-color: #000000; -webkit-text-stroke-width: initial; text-align: left;\"><span style=\"color: #454545; font-size: 14px;\"><strong>In the late 1940s came the Communist Revolution, marked by Mao Zedong\u2019s victory and the expulsion of Germans and other foreign nationals.<\/strong><\/span><\/p><p style=\"font-size: 12px; line-height: normal; font-family: Helvetica; -webkit-text-stroke-color: #000000; -webkit-text-stroke-width: initial; min-height: 14px; text-align: left;\"><span style=\"color: #454545; font-size: 14px;\"><strong>\u00a0<\/strong><\/span><\/p><p style=\"font-size: 12px; line-height: normal; font-family: Helvetica; -webkit-text-stroke-color: #000000; -webkit-text-stroke-width: initial; text-align: left;\"><span style=\"color: #454545; font-size: 14px;\"><strong>Return to war-devastated Hamburg, followed by relocation to Baden near Vienna in 1958. Completion of secondary education in Vienna and acquisition of Austrian citizenship. After military service \u2014 graduating as a reserve artillery lieutenant \u2014 he joined the China trading company Fuhrmeister &amp; Co. in Hamburg and attended the Academy of Foreign Trade.\u00a0<\/strong><\/span><span style=\"color: #454545; font-size: 14px;\"><strong>Industrial and banking internships completed his training and led, in 1968, to an overseas assignment with the renowned Bremen trading company C. Melchers &amp; Co. at its Hong Kong branch.\u00a0<\/strong><\/span><span style=\"color: #454545; font-size: 14px;\"><strong>Hong Kong, 1968 \u2014 the height of China\u2019s \u201cGreat Proletarian Cultural Revolution.\u201d Only the \u201cRed Guards\u201d \u2014 and a mere handful of \u201clong-noses\u201d (foreign traders) \u2014 were permitted to conduct business with the Chinese. Journeys into the \u201cMiddle Kingdom\u201d during this time often took place under partly adventurous conditions.\u00a0<\/strong><\/span><span style=\"color: #454545; font-size: 14px;\"><strong>Before every negotiation, the works of Mao from the \u201cLittle Red Book\u201d had to be studied and recited.\u00a0<\/strong><\/span><span style=\"color: #454545; font-size: 14px;\"><strong>Museums were stormed, temples and palaces plundered \u2014 we gathered and preserved whatever artworks and cultural treasures we could secure. Shipments were sent down the Pearl River to Hong Kong on sailing junks \u2014 and the idea of establishing an art dealership was born.<\/strong><\/span><\/p><p style=\"font-size: 12px; line-height: normal; font-family: Helvetica; -webkit-text-stroke-color: #000000; -webkit-text-stroke-width: initial; min-height: 14px; text-align: left;\"><span style=\"color: #454545; font-size: 14px;\"><strong>\u00a0<\/strong><\/span><\/p><p style=\"font-size: 12px; line-height: normal; font-family: Helvetica; -webkit-text-stroke-color: #000000; -webkit-text-stroke-width: initial; text-align: left;\"><span style=\"color: #454545; font-size: 14px;\"><strong>Alongside the business development came personal milestones: in 1968, he met Miss Linda Weber in Hong Kong. She comes from a long-established farming and artisan family from \u2026\u00a0<\/strong><\/span><span style=\"color: #454545; font-size: 14px;\"><strong>a village in the Lower Austrian Tullnerfeld region. After language studies in England and France and entering the diplomatic service, she came to Hong Kong in 1966 as secretary to the Austrian Consul General.\u00a0<\/strong><\/span><span style=\"color: #454545; font-size: 14px;\"><strong>A shared interest in Chinese culture and art led to their marriage in 1970. Study trips to Macau, Cambodia, Burma, Thailand, Nepal, and India followed \u2014 and the idea of presenting authentic East Asian art in Vienna began to take clearer shape.\u00a0<\/strong><\/span><\/p><p style=\"font-size: 12px; line-height: normal; font-family: Helvetica; -webkit-text-stroke-color: #000000; -webkit-text-stroke-width: initial; min-height: 14px; text-align: left;\"><span style=\"color: #454545; font-size: 14px;\"><strong>\u00a0<\/strong><\/span><\/p><p style=\"font-size: 12px; line-height: normal; font-family: Helvetica; -webkit-text-stroke-color: #000000; -webkit-text-stroke-width: initial; min-height: 14px; text-align: left;\"><span style=\"color: #454545; font-size: 14px;\"><strong>Since September 1970, the business has been located in Vienna\u2019s 1st district at Stallburggasse 2, in a beautiful, historic Art Nouveau building.<\/strong><\/span><\/p><p style=\"font-size: 12px; line-height: normal; font-family: Helvetica; -webkit-text-stroke-color: #000000; -webkit-text-stroke-width: initial; min-height: 14px; text-align: left;\"><span style=\"color: #454545; font-size: 14px;\"><strong>(among others, the philosopher Wittgenstein, Federal Chancellor Dollfuss, and the singer Jeritza once lived here), along with active participation in major art and antiques fairs throughout Austria: the Salzburg Residenz, Vienna\u2019s Messepalast and Hofburg, the Kursalon, as well as fairs in Graz, Linz, and Innsbruck, and the special exhibition of Asian art at Grafenegg Castle in Lower Austria. In 1990, he became a founding member of the Association of Austrian Art and Antiques Dealers and a pioneer of East Asian art in Austria.\u00a0<\/strong><\/span><span style=\"color: #454545; font-size: 14px;\"><strong>Alongside this, foreign trade activities with the People\u2019s Republic of China were further expanded.\u00a0<\/strong><\/span><\/p><p style=\"font-size: 12px; line-height: normal; font-family: Helvetica; -webkit-text-stroke-color: #000000; -webkit-text-stroke-width: initial; text-align: left;\"><span style=\"color: #454545; font-size: 14px;\"><strong>Here, too, we were pioneers from the very beginning \u2014 with up to six trips per year, maintaining contacts with all state trading corporations and ministries. Participation in the first Austrian Industrial Exhibition in Beijing in 1974, as well as in numerous official business delegations to China, followed. In 1979, participation in the Austrian Federal Economic Chamber delegation to the Mongolian People\u2019s Republic in Ulaanbaatar led to the conclusion of the first trade agreement between the two countries. Overall, this resulted in major export successes for the Austrian economy, especially for the metal industry.<\/strong><\/span><\/p><p style=\"font-size: 12px; line-height: normal; font-family: Helvetica; -webkit-text-stroke-color: #000000; -webkit-text-stroke-width: initial; text-align: left;\"><span style=\"color: #454545; font-size: 14px;\"><strong>Through countertrade arrangements and our excellent contacts, we repeatedly succeeded in acquiring artworks and antiques, discovering unusual and rare pieces, and presenting them to the Viennese public. After more than 30 years of economic cooperation and friendly relations, we are regarded by our Chinese partners as \u201cLao Pengyou\u201d \u2014 \u201cold friends.\u201d\u00a0<\/strong><\/span><span style=\"color: #454545; font-size: 14px;\"><strong>And in China, Dierk Nauert is known as \u201cLao Huli\u201d \u2014 the Old Fox \u2014 and as the \u201cWhite Chinese.\u201d<\/strong><\/span><\/p><p style=\"font-size: 12px; line-height: normal; font-family: Helvetica; -webkit-text-stroke-color: #000000; -webkit-text-stroke-width: initial; min-height: 14px; text-align: left;\"><span style=\"color: #454545; font-size: 14px;\"><strong>\u00a0<\/strong><\/span><\/p><p style=\"font-size: 12px; line-height: normal; font-family: Helvetica; -webkit-text-stroke-color: #000000; -webkit-text-stroke-width: initial; text-align: left;\"><span style=\"color: #454545; font-size: 14px;\"><strong>Our love for Chinese culture and for the Chinese people \u2014 regardless of political developments \u2014 means we do not see our work as a passing trend, but as a lasting contribution to Vienna\u2019s art, culture, and auction scene.<\/strong><\/span><\/p><p style=\"font-size: 12px; line-height: normal; font-family: Helvetica; -webkit-text-stroke-color: #000000; -webkit-text-stroke-width: initial; min-height: 14px; text-align: left;\"><span style=\"color: #454545; font-size: 14px;\"><strong>\u00a0<\/strong><\/span><\/p><p style=\"font-size: 12px; line-height: normal; font-family: Helvetica; -webkit-text-stroke-color: #000000; -webkit-text-stroke-width: initial; min-height: 14px; text-align: left;\"><span style=\"color: #454545; font-size: 14px;\"><strong>\u00a0<\/strong><\/span><\/p><p style=\"font-size: 12px; line-height: normal; font-family: Helvetica; -webkit-text-stroke-color: #000000; -webkit-text-stroke-width: initial; min-height: 14px; text-align: left;\"><span style=\"color: #454545; font-size: 14px;\"><strong>Yours sincerely,<\/strong><\/span><\/p><p style=\"font-size: 11px; line-height: normal; font-family: Helvetica; -webkit-text-stroke-color: #000000; -webkit-text-stroke-width: initial; min-height: 13px; text-align: left;\"><span style=\"color: #454545; font-size: 14px;\"><strong>\u00a0<\/strong><\/span><\/p><p style=\"font-size: 11px; line-height: normal; font-family: Helvetica; -webkit-text-stroke-color: #000000; -webkit-text-stroke-width: initial; text-align: left;\"><span style=\"color: #454545; font-size: 14px;\"><strong>The Nauert Family<\/strong><\/span><\/p>\t\t\t\t\t\t\t\t<\/div>\n\t\t\t\t<\/div>\n\t\t\t\t<div class=\"elementor-element elementor-element-77f8a96 elementor-widget elementor-widget-image\" data-id=\"77f8a96\" data-element_type=\"widget\" data-e-type=\"widget\" data-widget_type=\"image.default\">\n\t\t\t\t<div class=\"elementor-widget-container\">\n\t\t\t\t\t\t\t\t\t\t\t\t\t\t\t<img decoding=\"async\" width=\"948\" height=\"684\" src=\"https:\/\/asiatikavienna.com\/wp-content\/uploads\/2026\/01\/nauert-Gamilie.jpg\" class=\"attachment-large size-large wp-image-1456\" alt=\"\" srcset=\"https:\/\/asiatikavienna.com\/wp-content\/uploads\/2026\/01\/nauert-Gamilie.jpg 948w, https:\/\/asiatikavienna.com\/wp-content\/uploads\/2026\/01\/nauert-Gamilie-300x216.jpg 300w, https:\/\/asiatikavienna.com\/wp-content\/uploads\/2026\/01\/nauert-Gamilie-768x554.jpg 768w\" sizes=\"(max-width: 948px) 100vw, 948px\" \/>\t\t\t\t\t\t\t\t\t\t\t\t\t\t\t<\/div>\n\t\t\t\t<\/div>\n\t\t\t\t\t<\/div>\n\t\t\t\t<\/div>\n\t\t\t\t<\/div>","protected":false},"excerpt":{"rendered":"<p>Sehr geehrter Kunstfreunde, \u00a0 Die wirtschaftliche Depression nach dem 1. Weltkrieg treibt den jungen Hamburger Kaufmann Fritz Nauert in die Ferne: \u201eCHINA\u201c ist das Land seine Tr\u00e4ume. Fast zur gleichen Zeit aus \u00e4hnliche Umst\u00e4nden, bei der bekannten Schwimmerfamilie Ohlwein in Essen im Ruhrgebiet, l\u00e4sst die \u00e4lteste Tochter Emilie mit 21 Jahren beschlie\u00dfen, ebenfalls ihre Gl\u00fcck [&hellip;]<\/p>\n","protected":false},"author":1,"featured_media":0,"parent":0,"menu_order":0,"comment_status":"closed","ping_status":"closed","template":"","meta":{"footnotes":""},"class_list":["post-61","page","type-page","status-publish","hentry"],"blocksy_meta":[],"aioseo_notices":[],"jetpack_sharing_enabled":true,"_links":{"self":[{"href":"https:\/\/asiatikavienna.com\/en\/wp-json\/wp\/v2\/pages\/61","targetHints":{"allow":["GET"]}}],"collection":[{"href":"https:\/\/asiatikavienna.com\/en\/wp-json\/wp\/v2\/pages"}],"about":[{"href":"https:\/\/asiatikavienna.com\/en\/wp-json\/wp\/v2\/types\/page"}],"author":[{"embeddable":true,"href":"https:\/\/asiatikavienna.com\/en\/wp-json\/wp\/v2\/users\/1"}],"replies":[{"embeddable":true,"href":"https:\/\/asiatikavienna.com\/en\/wp-json\/wp\/v2\/comments?post=61"}],"version-history":[{"count":7,"href":"https:\/\/asiatikavienna.com\/en\/wp-json\/wp\/v2\/pages\/61\/revisions"}],"predecessor-version":[{"id":1459,"href":"https:\/\/asiatikavienna.com\/en\/wp-json\/wp\/v2\/pages\/61\/revisions\/1459"}],"wp:attachment":[{"href":"https:\/\/asiatikavienna.com\/en\/wp-json\/wp\/v2\/media?parent=61"}],"curies":[{"name":"wp","href":"https:\/\/api.w.org\/{rel}","templated":true}]}}