{"id":79,"date":"2024-07-09T13:19:08","date_gmt":"2024-07-09T13:19:08","guid":{"rendered":"https:\/\/asiatikavienna.com\/?page_id=79"},"modified":"2026-04-18T10:39:55","modified_gmt":"2026-04-18T10:39:55","slug":"asiatika-vienna","status":"publish","type":"page","link":"https:\/\/asiatikavienna.com\/en\/","title":{"rendered":""},"content":{"rendered":"<div data-elementor-type=\"wp-page\" data-elementor-id=\"79\" class=\"elementor elementor-79\" data-elementor-post-type=\"page\">\n\t\t\t\t<div class=\"elementor-element elementor-element-b41aefb e-con-full e-flex e-con e-parent\" data-id=\"b41aefb\" data-element_type=\"container\" data-e-type=\"container\" data-settings=\"{&quot;background_background&quot;:&quot;video&quot;,&quot;background_video_link&quot;:&quot;https:\\\/\\\/www.youtube.com\\\/watch?v=Kcrg0EnxpfU&quot;,&quot;background_video_start&quot;:0,&quot;background_video_end&quot;:27,&quot;background_play_on_mobile&quot;:&quot;yes&quot;}\">\n\t\t<div class=\"elementor-background-video-container\">\n\t\t\t\t\t\t\t<div class=\"elementor-background-video-embed\" role=\"presentation\"><\/div>\n\t\t\t\t\t\t<\/div>\t\t<div class=\"elementor-element elementor-element-5baf760 elementor-widget elementor-widget-spacer\" data-id=\"5baf760\" data-element_type=\"widget\" data-e-type=\"widget\" data-widget_type=\"spacer.default\">\n\t\t\t\t<div class=\"elementor-widget-container\">\n\t\t\t\t\t\t\t<div class=\"elementor-spacer\">\n\t\t\t<div class=\"elementor-spacer-inner\"><\/div>\n\t\t<\/div>\n\t\t\t\t\t\t<\/div>\n\t\t\t\t<\/div>\n\t\t\t\t<div class=\"elementor-element elementor-element-2b5b8c1 elementor-widget elementor-widget-heading\" data-id=\"2b5b8c1\" data-element_type=\"widget\" data-e-type=\"widget\" data-widget_type=\"heading.default\">\n\t\t\t\t<div class=\"elementor-widget-container\">\n\t\t\t\t\t<h2 class=\"elementor-heading-title elementor-size-default\">Welcome to<\/h2>\t\t\t\t<\/div>\n\t\t\t\t<\/div>\n\t\t\t\t<div class=\"elementor-element elementor-element-99ce8f4 elementor-widget elementor-widget-heading\" data-id=\"99ce8f4\" data-element_type=\"widget\" data-e-type=\"widget\" data-widget_type=\"heading.default\">\n\t\t\t\t<div class=\"elementor-widget-container\">\n\t\t\t\t\t<h2 class=\"elementor-heading-title elementor-size-default\">ASIATIKA VIENNA<\/h2>\t\t\t\t<\/div>\n\t\t\t\t<\/div>\n\t\t\t\t<\/div>\n\t\t<div class=\"elementor-element elementor-element-8bb12fb e-flex e-con-boxed e-con e-parent\" data-id=\"8bb12fb\" data-element_type=\"container\" data-e-type=\"container\">\n\t\t\t\t\t<div class=\"e-con-inner\">\n\t\t\t\t<div class=\"elementor-element elementor-element-3762f53 elementor-widget elementor-widget-spacer\" data-id=\"3762f53\" data-element_type=\"widget\" data-e-type=\"widget\" data-widget_type=\"spacer.default\">\n\t\t\t\t<div class=\"elementor-widget-container\">\n\t\t\t\t\t\t\t<div class=\"elementor-spacer\">\n\t\t\t<div class=\"elementor-spacer-inner\"><\/div>\n\t\t<\/div>\n\t\t\t\t\t\t<\/div>\n\t\t\t\t<\/div>\n\t\t\t\t\t<\/div>\n\t\t\t\t<\/div>\n\t\t<div class=\"elementor-element elementor-element-c9b01cd e-con-full e-flex e-con e-parent\" data-id=\"c9b01cd\" data-element_type=\"container\" data-e-type=\"container\">\n\t\t<div class=\"elementor-element elementor-element-dab39cc e-con-full e-flex e-con e-child\" data-id=\"dab39cc\" data-element_type=\"container\" data-e-type=\"container\">\n\t\t\t\t<\/div>\n\t\t<div class=\"elementor-element elementor-element-e44f954 e-con-full e-flex e-con e-child\" data-id=\"e44f954\" data-element_type=\"container\" data-e-type=\"container\">\n\t\t\t\t<div class=\"elementor-element elementor-element-0b95ae7 elementor-widget elementor-widget-heading\" data-id=\"0b95ae7\" data-element_type=\"widget\" data-e-type=\"widget\" data-widget_type=\"heading.default\">\n\t\t\t\t<div class=\"elementor-widget-container\">\n\t\t\t\t\t<h2 class=\"elementor-heading-title elementor-size-default\">Welcome to<\/h2>\t\t\t\t<\/div>\n\t\t\t\t<\/div>\n\t\t\t\t<div class=\"elementor-element elementor-element-e146b27 elementor-widget elementor-widget-heading\" data-id=\"e146b27\" data-element_type=\"widget\" data-e-type=\"widget\" data-widget_type=\"heading.default\">\n\t\t\t\t<div class=\"elementor-widget-container\">\n\t\t\t\t\t<h2 class=\"elementor-heading-title elementor-size-default\">asiatika vienna<\/h2>\t\t\t\t<\/div>\n\t\t\t\t<\/div>\n\t\t\t\t<div class=\"elementor-element elementor-element-bbdfcd8 elementor-widget__width-initial elementor-widget elementor-widget-text-editor\" data-id=\"bbdfcd8\" data-element_type=\"widget\" data-e-type=\"widget\" data-widget_type=\"text-editor.default\">\n\t\t\t\t<div class=\"elementor-widget-container\">\n\t\t\t\t\t\t\t\t\t<p>Discover exquisite Asian antiques and furniture from China, Japan, Tibet, Korea, Africa, India, and Thailand.<\/p><p>Each piece tells its own story and brings culture and tradition into your home. Discover timeless treasures of unmatched quality.<\/p><p>\u00a0We are delighted to accompany you on your journey of discovery.<\/p>\t\t\t\t\t\t\t\t<\/div>\n\t\t\t\t<\/div>\n\t\t\t\t<\/div>\n\t\t<div class=\"elementor-element elementor-element-8991a68 e-con-full e-flex e-con e-child\" data-id=\"8991a68\" data-element_type=\"container\" data-e-type=\"container\">\n\t\t\t\t<div class=\"elementor-element elementor-element-2a3fad8 elementor-widget__width-initial elementor-widget elementor-widget-image\" data-id=\"2a3fad8\" data-element_type=\"widget\" data-e-type=\"widget\" data-widget_type=\"image.default\">\n\t\t\t\t<div class=\"elementor-widget-container\">\n\t\t\t\t\t\t\t\t\t\t\t\t\t\t\t<img fetchpriority=\"high\" decoding=\"async\" width=\"768\" height=\"650\" src=\"https:\/\/asiatikavienna.com\/wp-content\/uploads\/2024\/07\/31-329-edit-02-scaled-e1720537271610-768x650.jpg\" class=\"attachment-medium_large size-medium_large wp-image-101\" alt=\"\" srcset=\"https:\/\/asiatikavienna.com\/wp-content\/uploads\/2024\/07\/31-329-edit-02-scaled-e1720537271610-768x650.jpg 768w, https:\/\/asiatikavienna.com\/wp-content\/uploads\/2024\/07\/31-329-edit-02-scaled-e1720537271610-600x508.jpg 600w, https:\/\/asiatikavienna.com\/wp-content\/uploads\/2024\/07\/31-329-edit-02-scaled-e1720537271610-300x254.jpg 300w, https:\/\/asiatikavienna.com\/wp-content\/uploads\/2024\/07\/31-329-edit-02-scaled-e1720537271610-1024x867.jpg 1024w, https:\/\/asiatikavienna.com\/wp-content\/uploads\/2024\/07\/31-329-edit-02-scaled-e1720537271610-1536x1300.jpg 1536w, https:\/\/asiatikavienna.com\/wp-content\/uploads\/2024\/07\/31-329-edit-02-scaled-e1720537271610.jpg 1945w\" sizes=\"(max-width: 768px) 100vw, 768px\" \/>\t\t\t\t\t\t\t\t\t\t\t\t\t\t\t<\/div>\n\t\t\t\t<\/div>\n\t\t\t\t<\/div>\n\t\t\t\t<\/div>\n\t\t<div class=\"elementor-element elementor-element-0f7c1dd e-con-full e-flex e-con e-parent\" data-id=\"0f7c1dd\" data-element_type=\"container\" data-e-type=\"container\">\n\t\t\t\t<\/div>\n\t\t<div class=\"elementor-element elementor-element-dff78df e-con-full e-flex e-con e-parent\" data-id=\"dff78df\" data-element_type=\"container\" data-e-type=\"container\" data-settings=\"{&quot;background_background&quot;:&quot;slideshow&quot;,&quot;background_slideshow_gallery&quot;:[],&quot;background_slideshow_loop&quot;:&quot;yes&quot;,&quot;background_slideshow_slide_duration&quot;:5000,&quot;background_slideshow_slide_transition&quot;:&quot;fade&quot;,&quot;background_slideshow_transition_duration&quot;:500}\">\n\t\t<div class=\"elementor-element elementor-element-8f7de67 e-con-full e-flex e-con e-child\" data-id=\"8f7de67\" data-element_type=\"container\" data-e-type=\"container\">\n\t\t\t\t<div class=\"elementor-element elementor-element-f12d398 elementor-widget elementor-widget-image-carousel\" data-id=\"f12d398\" data-element_type=\"widget\" data-e-type=\"widget\" data-settings=\"{&quot;slides_to_show&quot;:&quot;1&quot;,&quot;navigation&quot;:&quot;none&quot;,&quot;effect&quot;:&quot;fade&quot;,&quot;autoplay&quot;:&quot;yes&quot;,&quot;autoplay_speed&quot;:5000,&quot;infinite&quot;:&quot;yes&quot;,&quot;speed&quot;:500}\" data-widget_type=\"image-carousel.default\">\n\t\t\t\t<div class=\"elementor-widget-container\">\n\t\t\t\t\t\t\t<div class=\"elementor-image-carousel-wrapper swiper\" role=\"region\" aria-roledescription=\"carousel\" aria-label=\"Bild Karussell\" dir=\"ltr\">\n\t\t\t<div class=\"elementor-image-carousel swiper-wrapper\" aria-live=\"off\">\n\t\t\t\t\t\t\t\t<div class=\"swiper-slide\" role=\"group\" aria-roledescription=\"slide\" aria-label=\"1 von 7\"><a data-elementor-open-lightbox=\"yes\" data-elementor-lightbox-slideshow=\"f12d398\" data-elementor-lightbox-title=\"31-430 edit 01\" data-e-action-hash=\"#elementor-action%3Aaction%3Dlightbox%26settings%3DeyJpZCI6MTA0LCJ1cmwiOiJodHRwczpcL1wvYXNpYXRpa2F2aWVubmEuY29tXC93cC1jb250ZW50XC91cGxvYWRzXC8yMDI0XC8wN1wvMzEtNDMwLWVkaXQtMDEtc2NhbGVkLmpwZyIsInNsaWRlc2hvdyI6ImYxMmQzOTgifQ%3D%3D\" href=\"https:\/\/asiatikavienna.com\/en\/shop-2\/\"><figure class=\"swiper-slide-inner\"><img decoding=\"async\" class=\"swiper-slide-image\" src=\"https:\/\/asiatikavienna.com\/wp-content\/uploads\/2024\/07\/31-430-edit-01-2048x1229.jpg\" alt=\"31-430 edit 01\" \/><\/figure><\/a><\/div><div class=\"swiper-slide\" role=\"group\" aria-roledescription=\"slide\" aria-label=\"2 von 7\"><a data-elementor-open-lightbox=\"yes\" data-elementor-lightbox-slideshow=\"f12d398\" data-elementor-lightbox-title=\"31-322 edit 01\" data-e-action-hash=\"#elementor-action%3Aaction%3Dlightbox%26settings%3DeyJpZCI6OTgsInVybCI6Imh0dHBzOlwvXC9hc2lhdGlrYXZpZW5uYS5jb21cL3dwLWNvbnRlbnRcL3VwbG9hZHNcLzIwMjRcLzA3XC8zMS0zMjItZWRpdC0wMS1zY2FsZWQuanBnIiwic2xpZGVzaG93IjoiZjEyZDM5OCJ9\" href=\"https:\/\/asiatikavienna.com\/en\/shop-2\/\"><figure class=\"swiper-slide-inner\"><img decoding=\"async\" class=\"swiper-slide-image\" src=\"https:\/\/asiatikavienna.com\/wp-content\/uploads\/2024\/07\/31-322-edit-01-2048x1152.jpg\" alt=\"31-322 edit 01\" \/><\/figure><\/a><\/div><div class=\"swiper-slide\" role=\"group\" aria-roledescription=\"slide\" aria-label=\"3 von 7\"><a data-elementor-open-lightbox=\"yes\" data-elementor-lightbox-slideshow=\"f12d398\" data-elementor-lightbox-title=\"39-06 edit 01\" data-e-action-hash=\"#elementor-action%3Aaction%3Dlightbox%26settings%3DeyJpZCI6MTA1LCJ1cmwiOiJodHRwczpcL1wvYXNpYXRpa2F2aWVubmEuY29tXC93cC1jb250ZW50XC91cGxvYWRzXC8yMDI0XC8wN1wvMzktMDYtZWRpdC0wMS1zY2FsZWQuanBnIiwic2xpZGVzaG93IjoiZjEyZDM5OCJ9\" href=\"https:\/\/asiatikavienna.com\/en\/shop-2\/\"><figure class=\"swiper-slide-inner\"><img decoding=\"async\" class=\"swiper-slide-image\" src=\"https:\/\/asiatikavienna.com\/wp-content\/uploads\/2024\/07\/39-06-edit-01-2048x1229.jpg\" alt=\"39-06 edit 01\" \/><\/figure><\/a><\/div><div class=\"swiper-slide\" role=\"group\" aria-roledescription=\"slide\" aria-label=\"4 von 7\"><a data-elementor-open-lightbox=\"yes\" data-elementor-lightbox-slideshow=\"f12d398\" data-elementor-lightbox-title=\"31-294 edit 01\" data-e-action-hash=\"#elementor-action%3Aaction%3Dlightbox%26settings%3DeyJpZCI6OTcsInVybCI6Imh0dHBzOlwvXC9hc2lhdGlrYXZpZW5uYS5jb21cL3dwLWNvbnRlbnRcL3VwbG9hZHNcLzIwMjRcLzA3XC8zMS0yOTQtZWRpdC0wMS1zY2FsZWQuanBnIiwic2xpZGVzaG93IjoiZjEyZDM5OCJ9\" href=\"https:\/\/asiatikavienna.com\/en\/shop-2\/\"><figure class=\"swiper-slide-inner\"><img decoding=\"async\" class=\"swiper-slide-image\" src=\"https:\/\/asiatikavienna.com\/wp-content\/uploads\/2024\/07\/31-294-edit-01-2048x1229.jpg\" alt=\"31-294 edit 01\" \/><\/figure><\/a><\/div><div class=\"swiper-slide\" role=\"group\" aria-roledescription=\"slide\" aria-label=\"5 von 7\"><a data-elementor-open-lightbox=\"yes\" data-elementor-lightbox-slideshow=\"f12d398\" data-elementor-lightbox-title=\"31-326 edit 01\" data-e-action-hash=\"#elementor-action%3Aaction%3Dlightbox%26settings%3DeyJpZCI6OTksInVybCI6Imh0dHBzOlwvXC9hc2lhdGlrYXZpZW5uYS5jb21cL3dwLWNvbnRlbnRcL3VwbG9hZHNcLzIwMjRcLzA3XC8zMS0zMjYtZWRpdC0wMS1zY2FsZWQuanBnIiwic2xpZGVzaG93IjoiZjEyZDM5OCJ9\" href=\"https:\/\/asiatikavienna.com\/en\/shop-2\/\"><figure class=\"swiper-slide-inner\"><img decoding=\"async\" class=\"swiper-slide-image\" src=\"https:\/\/asiatikavienna.com\/wp-content\/uploads\/2024\/07\/31-326-edit-01-2048x1152.jpg\" alt=\"31-326 edit 01\" \/><\/figure><\/a><\/div><div class=\"swiper-slide\" role=\"group\" aria-roledescription=\"slide\" aria-label=\"6 von 7\"><a data-elementor-open-lightbox=\"yes\" data-elementor-lightbox-slideshow=\"f12d398\" data-elementor-lightbox-title=\"31-360 edit 02\" data-e-action-hash=\"#elementor-action%3Aaction%3Dlightbox%26settings%3DeyJpZCI6MTAyLCJ1cmwiOiJodHRwczpcL1wvYXNpYXRpa2F2aWVubmEuY29tXC93cC1jb250ZW50XC91cGxvYWRzXC8yMDI0XC8wN1wvMzEtMzYwLWVkaXQtMDItc2NhbGVkLmpwZyIsInNsaWRlc2hvdyI6ImYxMmQzOTgifQ%3D%3D\" href=\"https:\/\/asiatikavienna.com\/en\/shop-2\/\"><figure class=\"swiper-slide-inner\"><img decoding=\"async\" class=\"swiper-slide-image\" src=\"https:\/\/asiatikavienna.com\/wp-content\/uploads\/2024\/07\/31-360-edit-02-2048x1152.jpg\" alt=\"31-360 edit 02\" \/><\/figure><\/a><\/div><div class=\"swiper-slide\" role=\"group\" aria-roledescription=\"slide\" aria-label=\"7 von 7\"><a data-elementor-open-lightbox=\"yes\" data-elementor-lightbox-slideshow=\"f12d398\" data-elementor-lightbox-title=\"31-415 edit 02\" data-e-action-hash=\"#elementor-action%3Aaction%3Dlightbox%26settings%3DeyJpZCI6MTAzLCJ1cmwiOiJodHRwczpcL1wvYXNpYXRpa2F2aWVubmEuY29tXC93cC1jb250ZW50XC91cGxvYWRzXC8yMDI0XC8wN1wvMzEtNDE1LWVkaXQtMDItc2NhbGVkLmpwZyIsInNsaWRlc2hvdyI6ImYxMmQzOTgifQ%3D%3D\" href=\"https:\/\/asiatikavienna.com\/en\/shop-2\/\"><figure class=\"swiper-slide-inner\"><img decoding=\"async\" class=\"swiper-slide-image\" src=\"https:\/\/asiatikavienna.com\/wp-content\/uploads\/2024\/07\/31-415-edit-02-2048x1201.jpg\" alt=\"31-415 edit 02\" \/><\/figure><\/a><\/div>\t\t\t<\/div>\n\t\t\t\t\t\t\t\n\t\t\t\t\t\t\t\t\t<\/div>\n\t\t\t\t\t\t<\/div>\n\t\t\t\t<\/div>\n\t\t\t\t<\/div>\n\t\t\t\t<div class=\"elementor-element elementor-element-9d8d219 elementor-position-inline-end elementor-view-default elementor-mobile-position-block-start elementor-widget elementor-widget-icon-box\" data-id=\"9d8d219\" data-element_type=\"widget\" data-e-type=\"widget\" data-widget_type=\"icon-box.default\">\n\t\t\t\t<div class=\"elementor-widget-container\">\n\t\t\t\t\t\t\t<div class=\"elementor-icon-box-wrapper\">\n\n\t\t\t\t\t\t<div class=\"elementor-icon-box-icon\">\n\t\t\t\t<a href=\"https:\/\/asiatikavienna.com\/en\/shop-2\/\" class=\"elementor-icon elementor-animation-grow\" tabindex=\"-1\" aria-label=\"Go to Shop\">\n\t\t\t\t<svg aria-hidden=\"true\" class=\"e-font-icon-svg e-far-arrow-alt-circle-right\" viewbox=\"0 0 512 512\" xmlns=\"http:\/\/www.w3.org\/2000\/svg\"><path d=\"M504 256C504 119 393 8 256 8S8 119 8 256s111 248 248 248 248-111 248-248zm-448 0c0-110.5 89.5-200 200-200s200 89.5 200 200-89.5 200-200 200S56 366.5 56 256zm72 20v-40c0-6.6 5.4-12 12-12h116v-67c0-10.7 12.9-16 20.5-8.5l99 99c4.7 4.7 4.7 12.3 0 17l-99 99c-7.6 7.6-20.5 2.2-20.5-8.5v-67H140c-6.6 0-12-5.4-12-12z\"><\/path><\/svg>\t\t\t\t<\/a>\n\t\t\t<\/div>\n\t\t\t\n\t\t\t\t\t\t<div class=\"elementor-icon-box-content\">\n\n\t\t\t\t\t\t\t\t\t<h3 class=\"elementor-icon-box-title\">\n\t\t\t\t\t\t<a href=\"https:\/\/asiatikavienna.com\/en\/shop-2\/\" >\n\t\t\t\t\t\t\tGo to Shop\t\t\t\t\t\t<\/a>\n\t\t\t\t\t<\/h3>\n\t\t\t\t\n\t\t\t\t\n\t\t\t<\/div>\n\t\t\t\n\t\t<\/div>\n\t\t\t\t\t\t<\/div>\n\t\t\t\t<\/div>\n\t\t\t\t<\/div>\n\t\t<div class=\"elementor-element elementor-element-fa841b3 e-flex e-con-boxed e-con e-parent\" data-id=\"fa841b3\" data-element_type=\"container\" data-e-type=\"container\">\n\t\t\t\t\t<div class=\"e-con-inner\">\n\t\t\t\t<div class=\"elementor-element elementor-element-51a1ddf elementor-widget elementor-widget-spacer\" data-id=\"51a1ddf\" data-element_type=\"widget\" data-e-type=\"widget\" data-widget_type=\"spacer.default\">\n\t\t\t\t<div class=\"elementor-widget-container\">\n\t\t\t\t\t\t\t<div class=\"elementor-spacer\">\n\t\t\t<div class=\"elementor-spacer-inner\"><\/div>\n\t\t<\/div>\n\t\t\t\t\t\t<\/div>\n\t\t\t\t<\/div>\n\t\t\t\t<div class=\"elementor-element elementor-element-6dd6584 elementor-arrows-position-inside elementor-pagination-position-outside elementor-widget elementor-widget-image-carousel\" data-id=\"6dd6584\" data-element_type=\"widget\" data-e-type=\"widget\" data-settings=\"{&quot;slides_to_show&quot;:&quot;2&quot;,&quot;navigation&quot;:&quot;both&quot;,&quot;autoplay&quot;:&quot;yes&quot;,&quot;pause_on_hover&quot;:&quot;yes&quot;,&quot;pause_on_interaction&quot;:&quot;yes&quot;,&quot;autoplay_speed&quot;:5000,&quot;infinite&quot;:&quot;yes&quot;,&quot;speed&quot;:500}\" data-widget_type=\"image-carousel.default\">\n\t\t\t\t<div class=\"elementor-widget-container\">\n\t\t\t\t\t\t\t<div class=\"elementor-image-carousel-wrapper swiper\" role=\"region\" aria-roledescription=\"carousel\" aria-label=\"Bild Karussell\" dir=\"ltr\">\n\t\t\t<div class=\"elementor-image-carousel swiper-wrapper\" aria-live=\"off\">\n\t\t\t\t\t\t\t\t<div class=\"swiper-slide\" role=\"group\" aria-roledescription=\"slide\" aria-label=\"1 von 7\"><figure class=\"swiper-slide-inner\"><img decoding=\"async\" class=\"swiper-slide-image\" src=\"https:\/\/asiatikavienna.com\/wp-content\/uploads\/2026\/02\/image-1-1.jpg\" alt=\"image (1)\" \/><\/figure><\/div><div class=\"swiper-slide\" role=\"group\" aria-roledescription=\"slide\" aria-label=\"2 von 7\"><figure class=\"swiper-slide-inner\"><img decoding=\"async\" class=\"swiper-slide-image\" src=\"https:\/\/asiatikavienna.com\/wp-content\/uploads\/2026\/02\/image-2-1.jpg\" alt=\"image (2)\" \/><\/figure><\/div><div class=\"swiper-slide\" role=\"group\" aria-roledescription=\"slide\" aria-label=\"3 von 7\"><figure class=\"swiper-slide-inner\"><img decoding=\"async\" class=\"swiper-slide-image\" src=\"https:\/\/asiatikavienna.com\/wp-content\/uploads\/2026\/02\/image-4-1.jpg\" alt=\"image (4)\" \/><\/figure><\/div><div class=\"swiper-slide\" role=\"group\" aria-roledescription=\"slide\" aria-label=\"4 von 7\"><figure class=\"swiper-slide-inner\"><img decoding=\"async\" class=\"swiper-slide-image\" src=\"https:\/\/asiatikavienna.com\/wp-content\/uploads\/2026\/02\/image-3.jpg\" alt=\"image (3)\" \/><\/figure><\/div><div class=\"swiper-slide\" role=\"group\" aria-roledescription=\"slide\" aria-label=\"5 von 7\"><figure class=\"swiper-slide-inner\"><img decoding=\"async\" class=\"swiper-slide-image\" src=\"https:\/\/asiatikavienna.com\/wp-content\/uploads\/2026\/02\/image-7-1.jpg\" alt=\"image (7)\" \/><\/figure><\/div><div class=\"swiper-slide\" role=\"group\" aria-roledescription=\"slide\" aria-label=\"6 von 7\"><figure class=\"swiper-slide-inner\"><img decoding=\"async\" class=\"swiper-slide-image\" src=\"https:\/\/asiatikavienna.com\/wp-content\/uploads\/2026\/02\/image-6-1.jpg\" alt=\"image (6)\" \/><\/figure><\/div><div class=\"swiper-slide\" role=\"group\" aria-roledescription=\"slide\" aria-label=\"7 von 7\"><figure class=\"swiper-slide-inner\"><img decoding=\"async\" class=\"swiper-slide-image\" src=\"https:\/\/asiatikavienna.com\/wp-content\/uploads\/2026\/02\/image-5-1.jpg\" alt=\"image (5)\" \/><\/figure><\/div>\t\t\t<\/div>\n\t\t\t\t\t\t\t\t\t\t\t\t<div class=\"elementor-swiper-button elementor-swiper-button-prev\" role=\"button\" tabindex=\"0\">\n\t\t\t\t\t\t<svg aria-hidden=\"true\" class=\"e-font-icon-svg e-eicon-chevron-left\" viewbox=\"0 0 1000 1000\" xmlns=\"http:\/\/www.w3.org\/2000\/svg\"><path d=\"M646 125C629 125 613 133 604 142L308 442C296 454 292 471 292 487 292 504 296 521 308 533L604 854C617 867 629 875 646 875 663 875 679 871 692 858 704 846 713 829 713 812 713 796 708 779 692 767L438 487 692 225C700 217 708 204 708 187 708 171 704 154 692 142 675 129 663 125 646 125Z\"><\/path><\/svg>\t\t\t\t\t<\/div>\n\t\t\t\t\t<div class=\"elementor-swiper-button elementor-swiper-button-next\" role=\"button\" tabindex=\"0\">\n\t\t\t\t\t\t<svg aria-hidden=\"true\" class=\"e-font-icon-svg e-eicon-chevron-right\" viewbox=\"0 0 1000 1000\" xmlns=\"http:\/\/www.w3.org\/2000\/svg\"><path d=\"M696 533C708 521 713 504 713 487 713 471 708 454 696 446L400 146C388 133 375 125 354 125 338 125 325 129 313 142 300 154 292 171 292 187 292 204 296 221 308 233L563 492 304 771C292 783 288 800 288 817 288 833 296 850 308 863 321 871 338 875 354 875 371 875 388 867 400 854L696 533Z\"><\/path><\/svg>\t\t\t\t\t<\/div>\n\t\t\t\t\n\t\t\t\t\t\t\t\t\t<div class=\"swiper-pagination\"><\/div>\n\t\t\t\t\t\t\t\t\t<\/div>\n\t\t\t\t\t\t<\/div>\n\t\t\t\t<\/div>\n\t\t\t\t<div class=\"elementor-element elementor-element-5c1353c elementor-widget elementor-widget-heading\" data-id=\"5c1353c\" data-element_type=\"widget\" data-e-type=\"widget\" data-widget_type=\"heading.default\">\n\t\t\t\t<div class=\"elementor-widget-container\">\n\t\t\t\t\t<h2 class=\"elementor-heading-title elementor-size-default\">Showrooms<\/h2>\t\t\t\t<\/div>\n\t\t\t\t<\/div>\n\t\t\t\t<div class=\"elementor-element elementor-element-2fec933 elementor-widget elementor-widget-spacer\" data-id=\"2fec933\" data-element_type=\"widget\" data-e-type=\"widget\" data-widget_type=\"spacer.default\">\n\t\t\t\t<div class=\"elementor-widget-container\">\n\t\t\t\t\t\t\t<div class=\"elementor-spacer\">\n\t\t\t<div class=\"elementor-spacer-inner\"><\/div>\n\t\t<\/div>\n\t\t\t\t\t\t<\/div>\n\t\t\t\t<\/div>\n\t\t\t\t\t<\/div>\n\t\t\t\t<\/div>\n\t\t<div class=\"elementor-element elementor-element-5e9c4fd e-flex e-con-boxed e-con e-parent\" data-id=\"5e9c4fd\" data-element_type=\"container\" data-e-type=\"container\">\n\t\t\t\t\t<div class=\"e-con-inner\">\n\t\t\t\t<div class=\"elementor-element elementor-element-59d2057 elementor-widget elementor-widget-image\" data-id=\"59d2057\" data-element_type=\"widget\" data-e-type=\"widget\" data-widget_type=\"image.default\">\n\t\t\t\t<div class=\"elementor-widget-container\">\n\t\t\t\t\t\t\t\t\t\t\t\t\t\t\t<img decoding=\"async\" width=\"1024\" height=\"575\" src=\"https:\/\/asiatikavienna.com\/wp-content\/uploads\/2026\/02\/Horse-year-1024x575.jpg\" class=\"attachment-large size-large wp-image-6193\" alt=\"\" srcset=\"https:\/\/asiatikavienna.com\/wp-content\/uploads\/2026\/02\/Horse-year-1024x575.jpg 1024w, https:\/\/asiatikavienna.com\/wp-content\/uploads\/2026\/02\/Horse-year-300x169.jpg 300w, https:\/\/asiatikavienna.com\/wp-content\/uploads\/2026\/02\/Horse-year-768x431.jpg 768w, https:\/\/asiatikavienna.com\/wp-content\/uploads\/2026\/02\/Horse-year-18x10.jpg 18w, https:\/\/asiatikavienna.com\/wp-content\/uploads\/2026\/02\/Horse-year.jpg 1070w\" sizes=\"(max-width: 1024px) 100vw, 1024px\" \/>\t\t\t\t\t\t\t\t\t\t\t\t\t\t\t<\/div>\n\t\t\t\t<\/div>\n\t\t\t\t\t<\/div>\n\t\t\t\t<\/div>\n\t\t\t\t<\/div>","protected":false},"excerpt":{"rendered":"<p>Willkommen bei ASIATIKA VIENNA Willkommen bei asiatika vienna Entdecken Sie exquisite asiatische Antiquit\u00e4ten und M\u00f6bel aus China, Japan, Tibet, Korea, Afrika, Indien und Thailand. Jedes St\u00fcck erz\u00e4hlt seine eigene Geschichte und bringt Kultur und Tradition in Ihr Zuhause. Finden Sie zeitlose Sch\u00e4tze von unvergleichlicher Qualit\u00e4t. \u00a0Wir freuen uns, Sie auf Ihrer Entdeckungsreise zu begleiten. zum [&hellip;]<\/p>\n","protected":false},"author":1,"featured_media":0,"parent":0,"menu_order":0,"comment_status":"closed","ping_status":"closed","template":"","meta":{"footnotes":""},"class_list":["post-79","page","type-page","status-publish","hentry"],"blocksy_meta":[],"aioseo_notices":[],"jetpack_sharing_enabled":true,"_links":{"self":[{"href":"https:\/\/asiatikavienna.com\/en\/wp-json\/wp\/v2\/pages\/79","targetHints":{"allow":["GET"]}}],"collection":[{"href":"https:\/\/asiatikavienna.com\/en\/wp-json\/wp\/v2\/pages"}],"about":[{"href":"https:\/\/asiatikavienna.com\/en\/wp-json\/wp\/v2\/types\/page"}],"author":[{"embeddable":true,"href":"https:\/\/asiatikavienna.com\/en\/wp-json\/wp\/v2\/users\/1"}],"replies":[{"embeddable":true,"href":"https:\/\/asiatikavienna.com\/en\/wp-json\/wp\/v2\/comments?post=79"}],"version-history":[{"count":209,"href":"https:\/\/asiatikavienna.com\/en\/wp-json\/wp\/v2\/pages\/79\/revisions"}],"predecessor-version":[{"id":6794,"href":"https:\/\/asiatikavienna.com\/en\/wp-json\/wp\/v2\/pages\/79\/revisions\/6794"}],"wp:attachment":[{"href":"https:\/\/asiatikavienna.com\/en\/wp-json\/wp\/v2\/media?parent=79"}],"curies":[{"name":"wp","href":"https:\/\/api.w.org\/{rel}","templated":true}]}}