{"id":846,"date":"2025-09-22T09:21:58","date_gmt":"2025-09-22T09:21:58","guid":{"rendered":"https:\/\/asiatikavienna.com\/?page_id=846"},"modified":"2026-03-03T16:07:18","modified_gmt":"2026-03-03T16:07:18","slug":"truhen","status":"publish","type":"page","link":"https:\/\/asiatikavienna.com\/en\/truhen\/","title":{"rendered":"Chests"},"content":{"rendered":"<div data-elementor-type=\"wp-page\" data-elementor-id=\"846\" class=\"elementor elementor-846\" data-elementor-post-type=\"page\">\n\t\t\t\t<div class=\"elementor-element elementor-element-52b4078 e-flex e-con-boxed e-con e-parent\" data-id=\"52b4078\" data-element_type=\"container\" data-e-type=\"container\">\n\t\t\t\t\t<div class=\"e-con-inner\">\n\t\t<div class=\"elementor-element elementor-element-96dde06 e-con-full e-flex e-con e-child\" data-id=\"96dde06\" data-element_type=\"container\" data-e-type=\"container\">\n\t\t<div class=\"elementor-element elementor-element-bc419d9 e-con-full e-flex e-con e-child\" data-id=\"bc419d9\" data-element_type=\"container\" data-e-type=\"container\">\n\t\t\t\t<div class=\"elementor-element elementor-element-1829ba6 elementor-widget elementor-widget-heading\" data-id=\"1829ba6\" data-element_type=\"widget\" data-e-type=\"widget\" data-widget_type=\"heading.default\">\n\t\t\t\t<div class=\"elementor-widget-container\">\n\t\t\t\t\t<h4 class=\"elementor-heading-title elementor-size-default\">TIBET<\/h4>\t\t\t\t<\/div>\n\t\t\t\t<\/div>\n\t\t\t\t<\/div>\n\t\t\t\t<\/div>\n\t\t\t\t\t<\/div>\n\t\t\t\t<\/div>\n\t\t<div class=\"elementor-element elementor-element-57e79ec e-flex e-con-boxed e-con e-parent\" data-id=\"57e79ec\" data-element_type=\"container\" data-e-type=\"container\">\n\t\t\t\t\t<div class=\"e-con-inner\">\n\t\t<div class=\"elementor-element elementor-element-9294b93 e-con-full e-flex e-con e-child\" data-id=\"9294b93\" data-element_type=\"container\" data-e-type=\"container\">\n\t\t\t\t<div class=\"elementor-element elementor-element-1668268 elementor-widget elementor-widget-image\" data-id=\"1668268\" data-element_type=\"widget\" data-e-type=\"widget\" data-widget_type=\"image.default\">\n\t\t\t\t<div class=\"elementor-widget-container\">\n\t\t\t\t\t\t\t\t\t\t\t\t<figure class=\"wp-caption\">\n\t\t\t\t\t\t\t\t\t\t<img fetchpriority=\"high\" decoding=\"async\" width=\"1024\" height=\"717\" src=\"https:\/\/asiatikavienna.com\/wp-content\/uploads\/2025\/09\/Tiger-Truhe.jpg\" class=\"attachment-large size-large wp-image-849\" alt=\"\" srcset=\"https:\/\/asiatikavienna.com\/wp-content\/uploads\/2025\/09\/Tiger-Truhe.jpg 1024w, https:\/\/asiatikavienna.com\/wp-content\/uploads\/2025\/09\/Tiger-Truhe-300x210.jpg 300w, https:\/\/asiatikavienna.com\/wp-content\/uploads\/2025\/09\/Tiger-Truhe-768x538.jpg 768w\" sizes=\"(max-width: 1024px) 100vw, 1024px\" \/>\t\t\t\t\t\t\t\t\t\t\t<figcaption class=\"widget-image-caption wp-caption-text\">Truhe-001<\/figcaption>\n\t\t\t\t\t\t\t\t\t\t<\/figure>\n\t\t\t\t\t\t\t\t\t<\/div>\n\t\t\t\t<\/div>\n\t\t\t\t<\/div>\n\t\t<div class=\"elementor-element elementor-element-793e4dc e-con-full e-flex e-con e-child\" data-id=\"793e4dc\" data-element_type=\"container\" data-e-type=\"container\">\n\t\t<div class=\"elementor-element elementor-element-c33ea13 e-con-full e-flex e-con e-child\" data-id=\"c33ea13\" data-element_type=\"container\" data-e-type=\"container\">\n\t\t\t\t<div class=\"elementor-element elementor-element-f370eac elementor-widget elementor-widget-heading\" data-id=\"f370eac\" data-element_type=\"widget\" data-e-type=\"widget\" data-widget_type=\"heading.default\">\n\t\t\t\t<div class=\"elementor-widget-container\">\n\t\t\t\t\t<h3 class=\"elementor-heading-title elementor-size-default\">Reisetruhe eines Lama-Priesters<\/h3>\t\t\t\t<\/div>\n\t\t\t\t<\/div>\n\t\t\t\t<\/div>\n\t\t<div class=\"elementor-element elementor-element-fbb0199 e-con-full e-flex e-con e-child\" data-id=\"fbb0199\" data-element_type=\"container\" data-e-type=\"container\">\n\t\t\t\t<div class=\"elementor-element elementor-element-272fddc elementor-widget elementor-widget-text-editor\" data-id=\"272fddc\" data-element_type=\"widget\" data-e-type=\"widget\" data-widget_type=\"text-editor.default\">\n\t\t\t\t<div class=\"elementor-widget-container\">\n\t\t\t\t\t\t\t\t\t<p>19.Jh.. TIBET<\/p>\n<p>Dark cypress wood covered with light brown yak leather,&nbsp;<span style=\"font-family: inherit; font-size: inherit; font-style: inherit; font-variant-ligatures: inherit; font-variant-caps: inherit; font-weight: inherit;\">Front with decorative mounts in a silver alloy; round appliqu\u00e9s showing a snow leopard in a landscape. Corner and edge mounts with dragons and a snow leopard in fine repouss\u00e9 work. Side carrying rings set on a double vajra.<\/span><\/p>\n<p>H:&nbsp;55,5&nbsp;cm,&nbsp;B:&nbsp;96&nbsp;cm,&nbsp;T:&nbsp;46&nbsp;cm<\/p>\n<p><strong>Preis&nbsp;<\/strong>2500 \u20ac<\/p>\t\t\t\t\t\t\t\t<\/div>\n\t\t\t\t<\/div>\n\t\t\t\t<div class=\"elementor-element elementor-element-b6c9012 elementor-widget elementor-widget-button\" data-id=\"b6c9012\" data-element_type=\"widget\" data-e-type=\"widget\" data-widget_type=\"button.default\">\n\t\t\t\t<div class=\"elementor-widget-container\">\n\t\t\t\t\t\t\t\t\t<div class=\"elementor-button-wrapper\">\n\t\t\t\t\t<a class=\"elementor-button elementor-button-link elementor-size-sm\" href=\"http:\/\/asiatikavienna.com\/en\/kontakt\/?produkt=Truhe-001\">\n\t\t\t\t\t\t<span class=\"elementor-button-content-wrapper\">\n\t\t\t\t\t\t\t\t\t<span class=\"elementor-button-text\">Contact<\/span>\n\t\t\t\t\t<\/span>\n\t\t\t\t\t<\/a>\n\t\t\t\t<\/div>\n\t\t\t\t\t\t\t\t<\/div>\n\t\t\t\t<\/div>\n\t\t\t\t<\/div>\n\t\t\t\t<\/div>\n\t\t\t\t\t<\/div>\n\t\t\t\t<\/div>\n\t\t<div class=\"elementor-element elementor-element-7db48ab e-flex e-con-boxed e-con e-parent\" data-id=\"7db48ab\" data-element_type=\"container\" data-e-type=\"container\">\n\t\t\t\t\t<div class=\"e-con-inner\">\n\t\t<div class=\"elementor-element elementor-element-5818381 e-con-full e-flex e-con e-child\" data-id=\"5818381\" data-element_type=\"container\" data-e-type=\"container\">\n\t\t\t\t<div class=\"elementor-element elementor-element-af355c6 elementor-widget elementor-widget-image\" data-id=\"af355c6\" data-element_type=\"widget\" data-e-type=\"widget\" data-widget_type=\"image.default\">\n\t\t\t\t<div class=\"elementor-widget-container\">\n\t\t\t\t\t\t\t\t\t\t\t\t<figure class=\"wp-caption\">\n\t\t\t\t\t\t\t\t\t\t<img decoding=\"async\" width=\"1024\" height=\"768\" src=\"https:\/\/asiatikavienna.com\/wp-content\/uploads\/2025\/09\/Drachen-turhe.jpg\" class=\"attachment-large size-large wp-image-848\" alt=\"\" srcset=\"https:\/\/asiatikavienna.com\/wp-content\/uploads\/2025\/09\/Drachen-turhe.jpg 1024w, https:\/\/asiatikavienna.com\/wp-content\/uploads\/2025\/09\/Drachen-turhe-300x225.jpg 300w, https:\/\/asiatikavienna.com\/wp-content\/uploads\/2025\/09\/Drachen-turhe-768x576.jpg 768w\" sizes=\"(max-width: 1024px) 100vw, 1024px\" \/>\t\t\t\t\t\t\t\t\t\t\t<figcaption class=\"widget-image-caption wp-caption-text\">Truhe-002<\/figcaption>\n\t\t\t\t\t\t\t\t\t\t<\/figure>\n\t\t\t\t\t\t\t\t\t<\/div>\n\t\t\t\t<\/div>\n\t\t\t\t<\/div>\n\t\t<div class=\"elementor-element elementor-element-4484c0c e-con-full e-flex e-con e-child\" data-id=\"4484c0c\" data-element_type=\"container\" data-e-type=\"container\">\n\t\t<div class=\"elementor-element elementor-element-3f60724 e-con-full e-flex e-con e-child\" data-id=\"3f60724\" data-element_type=\"container\" data-e-type=\"container\">\n\t\t\t\t<div class=\"elementor-element elementor-element-ac97dbc elementor-widget elementor-widget-heading\" data-id=\"ac97dbc\" data-element_type=\"widget\" data-e-type=\"widget\" data-widget_type=\"heading.default\">\n\t\t\t\t<div class=\"elementor-widget-container\">\n\t\t\t\t\t<h3 class=\"elementor-heading-title elementor-size-default\">Travel Chest of a Lama Priest <\/h3>\t\t\t\t<\/div>\n\t\t\t\t<\/div>\n\t\t\t\t<\/div>\n\t\t<div class=\"elementor-element elementor-element-d1537b5 e-con-full e-flex e-con e-child\" data-id=\"d1537b5\" data-element_type=\"container\" data-e-type=\"container\">\n\t\t\t\t<div class=\"elementor-element elementor-element-b3bbd4c elementor-widget elementor-widget-text-editor\" data-id=\"b3bbd4c\" data-element_type=\"widget\" data-e-type=\"widget\" data-widget_type=\"text-editor.default\">\n\t\t\t\t<div class=\"elementor-widget-container\">\n\t\t\t\t\t\t\t\t\t<p><span style=\"font-family: inherit; font-size: inherit; font-style: inherit; font-variant-ligatures: inherit; font-variant-caps: inherit; font-weight: inherit;\">Reisetruhe eines hohen, tibetischen Lama-Priesters 19.Jh<\/span><\/p><p>Dark cypress wood with elaborate mounts in a silver alloy, finely worked in repouss\u00e9 with coiled dragons, floral motifs, and borders. Front set with two round oracle mirrors designed as dragons. Each side fitted with a carrying handle in the form of a raised four-pronged vajra with a movable ring. Decorated, movable locking hasp.<\/p><p>H:51 cm, B:80cm, T:46 cm<\/p><p><strong>Preis:\u00a0<\/strong>2300 \u20ac<\/p>\t\t\t\t\t\t\t\t<\/div>\n\t\t\t\t<\/div>\n\t\t\t\t<div class=\"elementor-element elementor-element-ca46ae0 elementor-widget elementor-widget-button\" data-id=\"ca46ae0\" data-element_type=\"widget\" data-e-type=\"widget\" data-widget_type=\"button.default\">\n\t\t\t\t<div class=\"elementor-widget-container\">\n\t\t\t\t\t\t\t\t\t<div class=\"elementor-button-wrapper\">\n\t\t\t\t\t<a class=\"elementor-button elementor-button-link elementor-size-sm\" href=\"http:\/\/asiatikavienna.com\/en\/kontakt\/?produkt=Truhe-002\">\n\t\t\t\t\t\t<span class=\"elementor-button-content-wrapper\">\n\t\t\t\t\t\t\t\t\t<span class=\"elementor-button-text\">Contact<\/span>\n\t\t\t\t\t<\/span>\n\t\t\t\t\t<\/a>\n\t\t\t\t<\/div>\n\t\t\t\t\t\t\t\t<\/div>\n\t\t\t\t<\/div>\n\t\t\t\t<\/div>\n\t\t\t\t<\/div>\n\t\t\t\t\t<\/div>\n\t\t\t\t<\/div>\n\t\t<div class=\"elementor-element elementor-element-0c67536 e-flex e-con-boxed e-con e-parent\" data-id=\"0c67536\" data-element_type=\"container\" data-e-type=\"container\">\n\t\t\t\t\t<div class=\"e-con-inner\">\n\t\t<div class=\"elementor-element elementor-element-d6906c1 e-con-full e-flex e-con e-child\" data-id=\"d6906c1\" data-element_type=\"container\" data-e-type=\"container\">\n\t\t\t\t<div class=\"elementor-element elementor-element-a9dd38e elementor-widget elementor-widget-image\" data-id=\"a9dd38e\" data-element_type=\"widget\" data-e-type=\"widget\" data-widget_type=\"image.default\">\n\t\t\t\t<div class=\"elementor-widget-container\">\n\t\t\t\t\t\t\t\t\t\t\t\t<figure class=\"wp-caption\">\n\t\t\t\t\t\t\t\t\t\t<img decoding=\"async\" width=\"1024\" height=\"745\" src=\"https:\/\/asiatikavienna.com\/wp-content\/uploads\/2025\/09\/Vajra-truhe.jpg\" class=\"attachment-large size-large wp-image-851\" alt=\"\" srcset=\"https:\/\/asiatikavienna.com\/wp-content\/uploads\/2025\/09\/Vajra-truhe.jpg 1024w, https:\/\/asiatikavienna.com\/wp-content\/uploads\/2025\/09\/Vajra-truhe-300x218.jpg 300w, https:\/\/asiatikavienna.com\/wp-content\/uploads\/2025\/09\/Vajra-truhe-768x559.jpg 768w\" sizes=\"(max-width: 1024px) 100vw, 1024px\" \/>\t\t\t\t\t\t\t\t\t\t\t<figcaption class=\"widget-image-caption wp-caption-text\">Truhe-003<\/figcaption>\n\t\t\t\t\t\t\t\t\t\t<\/figure>\n\t\t\t\t\t\t\t\t\t<\/div>\n\t\t\t\t<\/div>\n\t\t\t\t<\/div>\n\t\t<div class=\"elementor-element elementor-element-07c7e0f e-con-full e-flex e-con e-child\" data-id=\"07c7e0f\" data-element_type=\"container\" data-e-type=\"container\">\n\t\t<div class=\"elementor-element elementor-element-f8e714a e-con-full e-flex e-con e-child\" data-id=\"f8e714a\" data-element_type=\"container\" data-e-type=\"container\">\n\t\t\t\t<div class=\"elementor-element elementor-element-00ab45f elementor-widget elementor-widget-heading\" data-id=\"00ab45f\" data-element_type=\"widget\" data-e-type=\"widget\" data-widget_type=\"heading.default\">\n\t\t\t\t<div class=\"elementor-widget-container\">\n\t\t\t\t\t<h3 class=\"elementor-heading-title elementor-size-default\">Reisetruhe eines Lama-Priesters<\/h3>\t\t\t\t<\/div>\n\t\t\t\t<\/div>\n\t\t\t\t<\/div>\n\t\t<div class=\"elementor-element elementor-element-5a098d4 e-con-full e-flex e-con e-child\" data-id=\"5a098d4\" data-element_type=\"container\" data-e-type=\"container\">\n\t\t\t\t<div class=\"elementor-element elementor-element-e3bb457 elementor-widget elementor-widget-text-editor\" data-id=\"e3bb457\" data-element_type=\"widget\" data-e-type=\"widget\" data-widget_type=\"text-editor.default\">\n\t\t\t\t<div class=\"elementor-widget-container\">\n\t\t\t\t\t\t\t\t\t<p>Tibet,\u00a019.Jh..<\/p><p>Cypress wood covered with light brown yak leather; front with decorative mounts in a silver alloy. Central stylized lotus petal with crossed vajra, the individual petals bearing the Eight Buddhist Auspicious Symbols. Movable locking hasp with a demon mask. Side carrying rings mounted on a double vajra.<\/p><p><strong>Preis\u00a0<\/strong>2000\u20ac\u00a0<\/p><p>minor wood damage to the chest<\/p>\t\t\t\t\t\t\t\t<\/div>\n\t\t\t\t<\/div>\n\t\t\t\t<div class=\"elementor-element elementor-element-398ac90 elementor-widget elementor-widget-button\" data-id=\"398ac90\" data-element_type=\"widget\" data-e-type=\"widget\" data-widget_type=\"button.default\">\n\t\t\t\t<div class=\"elementor-widget-container\">\n\t\t\t\t\t\t\t\t\t<div class=\"elementor-button-wrapper\">\n\t\t\t\t\t<a class=\"elementor-button elementor-button-link elementor-size-sm\" href=\"http:\/\/asiatikavienna.com\/en\/kontakt\/?produkt=Truhe-003\">\n\t\t\t\t\t\t<span class=\"elementor-button-content-wrapper\">\n\t\t\t\t\t\t\t\t\t<span class=\"elementor-button-text\">Contact<\/span>\n\t\t\t\t\t<\/span>\n\t\t\t\t\t<\/a>\n\t\t\t\t<\/div>\n\t\t\t\t\t\t\t\t<\/div>\n\t\t\t\t<\/div>\n\t\t\t\t<\/div>\n\t\t\t\t<\/div>\n\t\t\t\t\t<\/div>\n\t\t\t\t<\/div>\n\t\t<div class=\"elementor-element elementor-element-443dbd6 e-flex e-con-boxed e-con e-parent\" data-id=\"443dbd6\" data-element_type=\"container\" data-e-type=\"container\">\n\t\t\t\t\t<div class=\"e-con-inner\">\n\t\t<div class=\"elementor-element elementor-element-94aaf23 e-con-full e-flex e-con e-child\" data-id=\"94aaf23\" data-element_type=\"container\" data-e-type=\"container\">\n\t\t\t\t<div class=\"elementor-element elementor-element-14de718 elementor-widget elementor-widget-image\" data-id=\"14de718\" data-element_type=\"widget\" data-e-type=\"widget\" data-widget_type=\"image.default\">\n\t\t\t\t<div class=\"elementor-widget-container\">\n\t\t\t\t\t\t\t\t\t\t\t\t<figure class=\"wp-caption\">\n\t\t\t\t\t\t\t\t\t\t<img loading=\"lazy\" decoding=\"async\" width=\"400\" height=\"300\" src=\"https:\/\/asiatikavienna.com\/wp-content\/uploads\/2025\/09\/Tiebtische-klsoter-truhe-klein.jpg\" class=\"attachment-large size-large wp-image-875\" alt=\"\" srcset=\"https:\/\/asiatikavienna.com\/wp-content\/uploads\/2025\/09\/Tiebtische-klsoter-truhe-klein.jpg 400w, https:\/\/asiatikavienna.com\/wp-content\/uploads\/2025\/09\/Tiebtische-klsoter-truhe-klein-300x225.jpg 300w\" sizes=\"(max-width: 400px) 100vw, 400px\" \/>\t\t\t\t\t\t\t\t\t\t\t<figcaption class=\"widget-image-caption wp-caption-text\">Truhe-004<\/figcaption>\n\t\t\t\t\t\t\t\t\t\t<\/figure>\n\t\t\t\t\t\t\t\t\t<\/div>\n\t\t\t\t<\/div>\n\t\t\t\t<\/div>\n\t\t<div class=\"elementor-element elementor-element-60092fc e-con-full e-flex e-con e-child\" data-id=\"60092fc\" data-element_type=\"container\" data-e-type=\"container\">\n\t\t<div class=\"elementor-element elementor-element-95d5b5c e-con-full e-flex e-con e-child\" data-id=\"95d5b5c\" data-element_type=\"container\" data-e-type=\"container\">\n\t\t\t\t<div class=\"elementor-element elementor-element-2b7159b elementor-widget elementor-widget-heading\" data-id=\"2b7159b\" data-element_type=\"widget\" data-e-type=\"widget\" data-widget_type=\"heading.default\">\n\t\t\t\t<div class=\"elementor-widget-container\">\n\t\t\t\t\t<h3 class=\"elementor-heading-title elementor-size-default\">Small Monastery Chest\n\n<\/h3>\t\t\t\t<\/div>\n\t\t\t\t<\/div>\n\t\t\t\t<\/div>\n\t\t<div class=\"elementor-element elementor-element-0b40796 e-con-full e-flex e-con e-child\" data-id=\"0b40796\" data-element_type=\"container\" data-e-type=\"container\">\n\t\t\t\t<div class=\"elementor-element elementor-element-d7ea7fe elementor-widget elementor-widget-text-editor\" data-id=\"d7ea7fe\" data-element_type=\"widget\" data-e-type=\"widget\" data-widget_type=\"text-editor.default\">\n\t\t\t\t<div class=\"elementor-widget-container\">\n\t\t\t\t\t\t\t\t\t<p>Tibet, 19.Jh..<\/p><p>Stabiler Zypressenholzkorpus mit Stoff \u00fcberfangen und mit polychromer Bemalung, Front mit wei\u00dfem Elefant, der auf dem R\u00fccken eine Schale mit den Kostbaren Juwelen tr\u00e4gt, auf rotem Grund, Deckel und Seiten mit Ornamenten, Kantenschutz aus Schmiedeeisen, verzierter, beweglicher Verschlussb\u00fcgel.<\/p><p>H:\u00a052\u00a0cm,\u00a0B:\u00a071\u00a0cm,\u00a0T:\u00a045,5\u00a0cm<\/p><p><strong>Preis\u00a0<\/strong>800 \u20ac<\/p>\t\t\t\t\t\t\t\t<\/div>\n\t\t\t\t<\/div>\n\t\t\t\t<\/div>\n\t\t\t\t<div class=\"elementor-element elementor-element-d4522e4 elementor-widget elementor-widget-button\" data-id=\"d4522e4\" data-element_type=\"widget\" data-e-type=\"widget\" data-widget_type=\"button.default\">\n\t\t\t\t<div class=\"elementor-widget-container\">\n\t\t\t\t\t\t\t\t\t<div class=\"elementor-button-wrapper\">\n\t\t\t\t\t<a class=\"elementor-button elementor-button-link elementor-size-sm\" href=\"http:\/\/asiatikavienna.com\/en\/kontakt\/?produkt=Truhe-004\">\n\t\t\t\t\t\t<span class=\"elementor-button-content-wrapper\">\n\t\t\t\t\t\t\t\t\t<span class=\"elementor-button-text\">Contact<\/span>\n\t\t\t\t\t<\/span>\n\t\t\t\t\t<\/a>\n\t\t\t\t<\/div>\n\t\t\t\t\t\t\t\t<\/div>\n\t\t\t\t<\/div>\n\t\t\t\t<\/div>\n\t\t\t\t\t<\/div>\n\t\t\t\t<\/div>\n\t\t\t\t<\/div>","protected":false},"excerpt":{"rendered":"<p>TIBET Truhe-001 Reisetruhe eines Lama-Priesters 19.Jh.. TIBET Dunkles&nbsp;Zypressenholz&nbsp;\u00fcberzogen&nbsp;mit&nbsp;hellbraunem&nbsp;Yakleder,&nbsp;Front mit dekorativem Beschlag aus Silberlegierung, runde Appliken mit Schneeleopard in Landschaft, Ecken- und Kantenschutz mit Drachen und Schneeleopard in feiner Treibarbeit, seitlich Trageringe auf einem Doppel-Vajra. H:&nbsp;55,5&nbsp;cm,&nbsp;B:&nbsp;96&nbsp;cm,&nbsp;T:&nbsp;46&nbsp;cm Preis&nbsp;2500 \u20ac Contact Truhe-002 Drachen Truhe Reisetruhe eines hohen, tibetischen Lama-Priesters 19.Jh Dunkles Zypressenholz mit reichem Beschlag aus Silberlegierung,aufwendig gearbeitet, [&hellip;]<\/p>\n","protected":false},"author":1,"featured_media":0,"parent":0,"menu_order":0,"comment_status":"closed","ping_status":"closed","template":"","meta":{"footnotes":""},"class_list":["post-846","page","type-page","status-publish","hentry"],"blocksy_meta":[],"aioseo_notices":[],"jetpack_sharing_enabled":true,"_links":{"self":[{"href":"https:\/\/asiatikavienna.com\/en\/wp-json\/wp\/v2\/pages\/846","targetHints":{"allow":["GET"]}}],"collection":[{"href":"https:\/\/asiatikavienna.com\/en\/wp-json\/wp\/v2\/pages"}],"about":[{"href":"https:\/\/asiatikavienna.com\/en\/wp-json\/wp\/v2\/types\/page"}],"author":[{"embeddable":true,"href":"https:\/\/asiatikavienna.com\/en\/wp-json\/wp\/v2\/users\/1"}],"replies":[{"embeddable":true,"href":"https:\/\/asiatikavienna.com\/en\/wp-json\/wp\/v2\/comments?post=846"}],"version-history":[{"count":88,"href":"https:\/\/asiatikavienna.com\/en\/wp-json\/wp\/v2\/pages\/846\/revisions"}],"predecessor-version":[{"id":6459,"href":"https:\/\/asiatikavienna.com\/en\/wp-json\/wp\/v2\/pages\/846\/revisions\/6459"}],"wp:attachment":[{"href":"https:\/\/asiatikavienna.com\/en\/wp-json\/wp\/v2\/media?parent=846"}],"curies":[{"name":"wp","href":"https:\/\/api.w.org\/{rel}","templated":true}]}}