{"id":987,"date":"2025-09-25T11:01:07","date_gmt":"2025-09-25T11:01:07","guid":{"rendered":"https:\/\/asiatikavienna.com\/?page_id=987"},"modified":"2026-03-03T16:12:24","modified_gmt":"2026-03-03T16:12:24","slug":"stuehle","status":"publish","type":"page","link":"https:\/\/asiatikavienna.com\/en\/stuehle\/","title":{"rendered":"St\u00fchle"},"content":{"rendered":"<div data-elementor-type=\"wp-page\" data-elementor-id=\"987\" class=\"elementor elementor-987\" data-elementor-post-type=\"page\">\n\t\t\t\t<div class=\"elementor-element elementor-element-44f73c9c e-flex e-con-boxed e-con e-parent\" data-id=\"44f73c9c\" data-element_type=\"container\" data-e-type=\"container\">\n\t\t\t\t\t<div class=\"e-con-inner\">\n\t\t<div class=\"elementor-element elementor-element-39eb9473 e-con-full e-flex e-con e-child\" data-id=\"39eb9473\" data-element_type=\"container\" data-e-type=\"container\">\n\t\t<div class=\"elementor-element elementor-element-41343134 e-con-full e-flex e-con e-child\" data-id=\"41343134\" data-element_type=\"container\" data-e-type=\"container\">\n\t\t\t\t<div class=\"elementor-element elementor-element-2dfaf1d6 elementor-widget elementor-widget-heading\" data-id=\"2dfaf1d6\" data-element_type=\"widget\" data-e-type=\"widget\" data-widget_type=\"heading.default\">\n\t\t\t\t<div class=\"elementor-widget-container\">\n\t\t\t\t\t<h4 class=\"elementor-heading-title elementor-size-default\">CHINA<\/h4>\t\t\t\t<\/div>\n\t\t\t\t<\/div>\n\t\t\t\t<\/div>\n\t\t\t\t<\/div>\n\t\t\t\t\t<\/div>\n\t\t\t\t<\/div>\n\t\t<div class=\"elementor-element elementor-element-435284e e-flex e-con-boxed e-con e-parent\" data-id=\"435284e\" data-element_type=\"container\" data-e-type=\"container\">\n\t\t\t\t\t<div class=\"e-con-inner\">\n\t\t<div class=\"elementor-element elementor-element-1b44d86 e-con-full e-flex e-con e-child\" data-id=\"1b44d86\" data-element_type=\"container\" data-e-type=\"container\">\n\t\t\t\t<div class=\"elementor-element elementor-element-ed8b136 elementor-widget elementor-widget-image\" data-id=\"ed8b136\" data-element_type=\"widget\" data-e-type=\"widget\" data-widget_type=\"image.default\">\n\t\t\t\t<div class=\"elementor-widget-container\">\n\t\t\t\t\t\t\t\t\t\t\t\t<figure class=\"wp-caption\">\n\t\t\t\t\t\t\t\t\t\t<img fetchpriority=\"high\" decoding=\"async\" width=\"640\" height=\"480\" src=\"https:\/\/asiatikavienna.com\/wp-content\/uploads\/2025\/09\/Hoefische-Bnak.jpg\" class=\"attachment-large size-large wp-image-976\" alt=\"\" srcset=\"https:\/\/asiatikavienna.com\/wp-content\/uploads\/2025\/09\/Hoefische-Bnak.jpg 640w, https:\/\/asiatikavienna.com\/wp-content\/uploads\/2025\/09\/Hoefische-Bnak-300x225.jpg 300w\" sizes=\"(max-width: 640px) 100vw, 640px\" \/>\t\t\t\t\t\t\t\t\t\t\t<figcaption class=\"widget-image-caption wp-caption-text\">Chair-001<\/figcaption>\n\t\t\t\t\t\t\t\t\t\t<\/figure>\n\t\t\t\t\t\t\t\t\t<\/div>\n\t\t\t\t<\/div>\n\t\t\t\t<\/div>\n\t\t<div class=\"elementor-element elementor-element-fc05f5d e-con-full e-flex e-con e-child\" data-id=\"fc05f5d\" data-element_type=\"container\" data-e-type=\"container\">\n\t\t<div class=\"elementor-element elementor-element-74e5b31 e-con-full e-flex e-con e-child\" data-id=\"74e5b31\" data-element_type=\"container\" data-e-type=\"container\">\n\t\t\t\t<div class=\"elementor-element elementor-element-4eb29c5 elementor-widget elementor-widget-heading\" data-id=\"4eb29c5\" data-element_type=\"widget\" data-e-type=\"widget\" data-widget_type=\"heading.default\">\n\t\t\t\t<div class=\"elementor-widget-container\">\n\t\t\t\t\t<h3 class=\"elementor-heading-title elementor-size-default\">Kleine, h\u00f6fische Zeremonialbank<\/h3>\t\t\t\t<\/div>\n\t\t\t\t<\/div>\n\t\t\t\t<\/div>\n\t\t<div class=\"elementor-element elementor-element-886f636 e-con-full e-flex e-con e-child\" data-id=\"886f636\" data-element_type=\"container\" data-e-type=\"container\">\n\t\t\t\t<div class=\"elementor-element elementor-element-9e72551 elementor-widget elementor-widget-text-editor\" data-id=\"9e72551\" data-element_type=\"widget\" data-e-type=\"widget\" data-widget_type=\"text-editor.default\">\n\t\t\t\t<div class=\"elementor-widget-container\">\n\t\t\t\t\t\t\t\t\t<p>China, sp\u00e4te Qing-Dynastie,<\/p><p>Sturdy brown hardwood frame.<br \/>H: 91 cm, SH: 54,5 cm, B: 126,5 cm, T: 38 cm<\/p><p><strong>Preis: <\/strong>980\u00a0\u20ac<\/p>\t\t\t\t\t\t\t\t<\/div>\n\t\t\t\t<\/div>\n\t\t\t\t<div class=\"elementor-element elementor-element-c2cf2a2 elementor-widget elementor-widget-button\" data-id=\"c2cf2a2\" data-element_type=\"widget\" data-e-type=\"widget\" data-widget_type=\"button.default\">\n\t\t\t\t<div class=\"elementor-widget-container\">\n\t\t\t\t\t\t\t\t\t<div class=\"elementor-button-wrapper\">\n\t\t\t\t\t<a class=\"elementor-button elementor-button-link elementor-size-sm\" href=\"http:\/\/asiatikavienna.com\/en\/kontakt\/?produkt=Stuhl-001\">\n\t\t\t\t\t\t<span class=\"elementor-button-content-wrapper\">\n\t\t\t\t\t\t\t\t\t<span class=\"elementor-button-text\">Contact<\/span>\n\t\t\t\t\t<\/span>\n\t\t\t\t\t<\/a>\n\t\t\t\t<\/div>\n\t\t\t\t\t\t\t\t<\/div>\n\t\t\t\t<\/div>\n\t\t\t\t<\/div>\n\t\t\t\t<\/div>\n\t\t\t\t\t<\/div>\n\t\t\t\t<\/div>\n\t\t<div class=\"elementor-element elementor-element-e1a5841 e-flex e-con-boxed e-con e-parent\" data-id=\"e1a5841\" data-element_type=\"container\" data-e-type=\"container\">\n\t\t\t\t\t<div class=\"e-con-inner\">\n\t\t<div class=\"elementor-element elementor-element-c372083 e-con-full e-flex e-con e-child\" data-id=\"c372083\" data-element_type=\"container\" data-e-type=\"container\">\n\t\t\t\t<div class=\"elementor-element elementor-element-707408e elementor-widget elementor-widget-image\" data-id=\"707408e\" data-element_type=\"widget\" data-e-type=\"widget\" data-widget_type=\"image.default\">\n\t\t\t\t<div class=\"elementor-widget-container\">\n\t\t\t\t\t\t\t\t\t\t\t\t<figure class=\"wp-caption\">\n\t\t\t\t\t\t\t\t\t\t<img decoding=\"async\" width=\"1024\" height=\"768\" src=\"https:\/\/asiatikavienna.com\/wp-content\/uploads\/2026\/01\/39-18-1024x768.jpg\" class=\"attachment-large size-large wp-image-3658\" alt=\"\" srcset=\"https:\/\/asiatikavienna.com\/wp-content\/uploads\/2026\/01\/39-18-1024x768.jpg 1024w, https:\/\/asiatikavienna.com\/wp-content\/uploads\/2026\/01\/39-18-300x225.jpg 300w, https:\/\/asiatikavienna.com\/wp-content\/uploads\/2026\/01\/39-18-768x576.jpg 768w, https:\/\/asiatikavienna.com\/wp-content\/uploads\/2026\/01\/39-18-1536x1152.jpg 1536w, https:\/\/asiatikavienna.com\/wp-content\/uploads\/2026\/01\/39-18-2048x1536.jpg 2048w, https:\/\/asiatikavienna.com\/wp-content\/uploads\/2026\/01\/39-18-1320x990.jpg 1320w\" sizes=\"(max-width: 1024px) 100vw, 1024px\" \/>\t\t\t\t\t\t\t\t\t\t\t<figcaption class=\"widget-image-caption wp-caption-text\">Chair-002<\/figcaption>\n\t\t\t\t\t\t\t\t\t\t<\/figure>\n\t\t\t\t\t\t\t\t\t<\/div>\n\t\t\t\t<\/div>\n\t\t\t\t<\/div>\n\t\t<div class=\"elementor-element elementor-element-2b16350 e-con-full e-flex e-con e-child\" data-id=\"2b16350\" data-element_type=\"container\" data-e-type=\"container\">\n\t\t<div class=\"elementor-element elementor-element-4dce43a e-con-full e-flex e-con e-child\" data-id=\"4dce43a\" data-element_type=\"container\" data-e-type=\"container\">\n\t\t\t\t<div class=\"elementor-element elementor-element-57575b5 elementor-widget elementor-widget-heading\" data-id=\"57575b5\" data-element_type=\"widget\" data-e-type=\"widget\" data-widget_type=\"heading.default\">\n\t\t\t\t<div class=\"elementor-widget-container\">\n\t\t\t\t\t<h3 class=\"elementor-heading-title elementor-size-default\">Eleganter Schaukelstuhl<\/h3>\t\t\t\t<\/div>\n\t\t\t\t<\/div>\n\t\t\t\t<\/div>\n\t\t<div class=\"elementor-element elementor-element-f20043d e-con-full e-flex e-con e-child\" data-id=\"f20043d\" data-element_type=\"container\" data-e-type=\"container\">\n\t\t\t\t<div class=\"elementor-element elementor-element-aa665fa elementor-widget elementor-widget-text-editor\" data-id=\"aa665fa\" data-element_type=\"widget\" data-e-type=\"widget\" data-widget_type=\"text-editor.default\">\n\t\t\t\t<div class=\"elementor-widget-container\">\n\t\t\t\t\t\t\t\t\t<p data-start=\"133\" data-end=\"345\">Republik China, um 1920\u20131930.<\/p><p data-start=\"133\" data-end=\"345\">Sturdy frame in dark tropical hardwood; decorated backrest with a central rail carved in fine relief with a dragon cartouche; shaped seat and a pull-out footrest.<\/p><p data-start=\"347\" data-end=\"401\">H: ca. 91 cm, SH: ca. 44 cm, B: 52 cm, T: ca. 107 cm<\/p><p><strong>Preis: <\/strong>650 \u20ac<\/p>\t\t\t\t\t\t\t\t<\/div>\n\t\t\t\t<\/div>\n\t\t\t\t<div class=\"elementor-element elementor-element-4bc5679 elementor-widget elementor-widget-button\" data-id=\"4bc5679\" data-element_type=\"widget\" data-e-type=\"widget\" data-widget_type=\"button.default\">\n\t\t\t\t<div class=\"elementor-widget-container\">\n\t\t\t\t\t\t\t\t\t<div class=\"elementor-button-wrapper\">\n\t\t\t\t\t<a class=\"elementor-button elementor-button-link elementor-size-sm\" href=\"http:\/\/asiatikavienna.com\/en\/kontakt\/?produkt=Stuhl-002\">\n\t\t\t\t\t\t<span class=\"elementor-button-content-wrapper\">\n\t\t\t\t\t\t\t\t\t<span class=\"elementor-button-text\">Contact<\/span>\n\t\t\t\t\t<\/span>\n\t\t\t\t\t<\/a>\n\t\t\t\t<\/div>\n\t\t\t\t\t\t\t\t<\/div>\n\t\t\t\t<\/div>\n\t\t\t\t<\/div>\n\t\t\t\t<\/div>\n\t\t\t\t\t<\/div>\n\t\t\t\t<\/div>\n\t\t<div class=\"elementor-element elementor-element-fb076fd e-flex e-con-boxed e-con e-parent\" data-id=\"fb076fd\" data-element_type=\"container\" data-e-type=\"container\">\n\t\t\t\t\t<div class=\"e-con-inner\">\n\t\t<div class=\"elementor-element elementor-element-159af21b e-con-full e-flex e-con e-child\" data-id=\"159af21b\" data-element_type=\"container\" data-e-type=\"container\">\n\t\t\t\t<div class=\"elementor-element elementor-element-4a999705 elementor-widget elementor-widget-image\" data-id=\"4a999705\" data-element_type=\"widget\" data-e-type=\"widget\" data-widget_type=\"image.default\">\n\t\t\t\t<div class=\"elementor-widget-container\">\n\t\t\t\t\t\t\t\t\t\t\t\t<figure class=\"wp-caption\">\n\t\t\t\t\t\t\t\t\t\t<img decoding=\"async\" width=\"640\" height=\"892\" src=\"https:\/\/asiatikavienna.com\/wp-content\/uploads\/2025\/09\/Hoefischer-hufeisensessel.jpg\" class=\"attachment-large size-large wp-image-977\" alt=\"\" srcset=\"https:\/\/asiatikavienna.com\/wp-content\/uploads\/2025\/09\/Hoefischer-hufeisensessel.jpg 640w, https:\/\/asiatikavienna.com\/wp-content\/uploads\/2025\/09\/Hoefischer-hufeisensessel-215x300.jpg 215w\" sizes=\"(max-width: 640px) 100vw, 640px\" \/>\t\t\t\t\t\t\t\t\t\t\t<figcaption class=\"widget-image-caption wp-caption-text\">Chair-003<\/figcaption>\n\t\t\t\t\t\t\t\t\t\t<\/figure>\n\t\t\t\t\t\t\t\t\t<\/div>\n\t\t\t\t<\/div>\n\t\t\t\t<\/div>\n\t\t<div class=\"elementor-element elementor-element-307e77d9 e-con-full e-flex e-con e-child\" data-id=\"307e77d9\" data-element_type=\"container\" data-e-type=\"container\">\n\t\t<div class=\"elementor-element elementor-element-21a7432 e-con-full e-flex e-con e-child\" data-id=\"21a7432\" data-element_type=\"container\" data-e-type=\"container\">\n\t\t\t\t<div class=\"elementor-element elementor-element-30d7b757 elementor-widget elementor-widget-heading\" data-id=\"30d7b757\" data-element_type=\"widget\" data-e-type=\"widget\" data-widget_type=\"heading.default\">\n\t\t\t\t<div class=\"elementor-widget-container\">\n\t\t\t\t\t<h3 class=\"elementor-heading-title elementor-size-default\">H\u00f6fischer\u00a0Sessel<\/h3>\t\t\t\t<\/div>\n\t\t\t\t<\/div>\n\t\t\t\t<\/div>\n\t\t<div class=\"elementor-element elementor-element-48ea3ba1 e-con-full e-flex e-con e-child\" data-id=\"48ea3ba1\" data-element_type=\"container\" data-e-type=\"container\">\n\t\t\t\t<div class=\"elementor-element elementor-element-1ead5124 elementor-widget elementor-widget-text-editor\" data-id=\"1ead5124\" data-element_type=\"widget\" data-e-type=\"widget\" data-widget_type=\"text-editor.default\">\n\t\t\t\t<div class=\"elementor-widget-container\">\n\t\t\t\t\t\t\t\t\t<p>in the style of the Ming Dynasty, late Qing Dynasty<\/p><p>Hardwood with black lacquer finish and polychrome decoration<\/p><p>GH:\u00a0101\u00a0cm,\u00a0SH:\u00a0ca.\u00a052,5\u00a0cm,\u00a0B:\u00a063,3\u00a0cm,\u00a0T:\u00a045,5\u00a0cm<\/p><p><strong>Preis: <\/strong>550 \u20ac<\/p>\t\t\t\t\t\t\t\t<\/div>\n\t\t\t\t<\/div>\n\t\t\t\t<div class=\"elementor-element elementor-element-1f99ec60 elementor-widget elementor-widget-button\" data-id=\"1f99ec60\" data-element_type=\"widget\" data-e-type=\"widget\" data-widget_type=\"button.default\">\n\t\t\t\t<div class=\"elementor-widget-container\">\n\t\t\t\t\t\t\t\t\t<div class=\"elementor-button-wrapper\">\n\t\t\t\t\t<a class=\"elementor-button elementor-button-link elementor-size-sm\" href=\"http:\/\/asiatikavienna.com\/en\/kontakt\/?produkt=Stuhl-003\">\n\t\t\t\t\t\t<span class=\"elementor-button-content-wrapper\">\n\t\t\t\t\t\t\t\t\t<span class=\"elementor-button-text\">Contact<\/span>\n\t\t\t\t\t<\/span>\n\t\t\t\t\t<\/a>\n\t\t\t\t<\/div>\n\t\t\t\t\t\t\t\t<\/div>\n\t\t\t\t<\/div>\n\t\t\t\t<\/div>\n\t\t\t\t<\/div>\n\t\t\t\t\t<\/div>\n\t\t\t\t<\/div>\n\t\t<div class=\"elementor-element elementor-element-27fdd3e e-flex e-con-boxed e-con e-parent\" data-id=\"27fdd3e\" data-element_type=\"container\" data-e-type=\"container\">\n\t\t\t\t\t<div class=\"e-con-inner\">\n\t\t<div class=\"elementor-element elementor-element-d804a2f e-con-full e-flex e-con e-child\" data-id=\"d804a2f\" data-element_type=\"container\" data-e-type=\"container\">\n\t\t\t\t<div class=\"elementor-element elementor-element-e2b2c03 elementor-widget elementor-widget-image\" data-id=\"e2b2c03\" data-element_type=\"widget\" data-e-type=\"widget\" data-widget_type=\"image.default\">\n\t\t\t\t<div class=\"elementor-widget-container\">\n\t\t\t\t\t\t\t\t\t\t\t\t<figure class=\"wp-caption\">\n\t\t\t\t\t\t\t\t\t\t<img loading=\"lazy\" decoding=\"async\" width=\"535\" height=\"375\" src=\"https:\/\/asiatikavienna.com\/wp-content\/uploads\/2026\/01\/image-50.jpeg\" class=\"attachment-large size-large wp-image-1398\" alt=\"\" srcset=\"https:\/\/asiatikavienna.com\/wp-content\/uploads\/2026\/01\/image-50.jpeg 535w, https:\/\/asiatikavienna.com\/wp-content\/uploads\/2026\/01\/image-50-300x210.jpeg 300w\" sizes=\"(max-width: 535px) 100vw, 535px\" \/>\t\t\t\t\t\t\t\t\t\t\t<figcaption class=\"widget-image-caption wp-caption-text\">Chair-004<\/figcaption>\n\t\t\t\t\t\t\t\t\t\t<\/figure>\n\t\t\t\t\t\t\t\t\t<\/div>\n\t\t\t\t<\/div>\n\t\t\t\t<\/div>\n\t\t<div class=\"elementor-element elementor-element-6f3cd0f e-con-full e-flex e-con e-child\" data-id=\"6f3cd0f\" data-element_type=\"container\" data-e-type=\"container\">\n\t\t<div class=\"elementor-element elementor-element-3478f73 e-con-full e-flex e-con e-child\" data-id=\"3478f73\" data-element_type=\"container\" data-e-type=\"container\">\n\t\t\t\t<div class=\"elementor-element elementor-element-38d6f4d elementor-widget elementor-widget-heading\" data-id=\"38d6f4d\" data-element_type=\"widget\" data-e-type=\"widget\" data-widget_type=\"heading.default\">\n\t\t\t\t<div class=\"elementor-widget-container\">\n\t\t\t\t\t<h3 class=\"elementor-heading-title elementor-size-default\">Provincial Bench\n<\/h3>\t\t\t\t<\/div>\n\t\t\t\t<\/div>\n\t\t\t\t<\/div>\n\t\t<div class=\"elementor-element elementor-element-13d9db7 e-con-full e-flex e-con e-child\" data-id=\"13d9db7\" data-element_type=\"container\" data-e-type=\"container\">\n\t\t\t\t<div class=\"elementor-element elementor-element-1f0d8f6 elementor-widget elementor-widget-text-editor\" data-id=\"1f0d8f6\" data-element_type=\"widget\" data-e-type=\"widget\" data-widget_type=\"text-editor.default\">\n\t\t\t\t<div class=\"elementor-widget-container\">\n\t\t\t\t\t\t\t\t\t<p>China, 19.Jh..<\/p><p>Light brown hardwood, plain top transitioning into sturdy square legs, which are double-stretched on the sides.<\/p><p>H: 50 cm, B: 100 cm, T: 24,8 cm<\/p><p><strong>Preis: <\/strong>240 \u20ac<\/p>\t\t\t\t\t\t\t\t<\/div>\n\t\t\t\t<\/div>\n\t\t\t\t<div class=\"elementor-element elementor-element-48e3065 elementor-widget elementor-widget-button\" data-id=\"48e3065\" data-element_type=\"widget\" data-e-type=\"widget\" data-widget_type=\"button.default\">\n\t\t\t\t<div class=\"elementor-widget-container\">\n\t\t\t\t\t\t\t\t\t<div class=\"elementor-button-wrapper\">\n\t\t\t\t\t<a class=\"elementor-button elementor-button-link elementor-size-sm\" href=\"http:\/\/asiatikavienna.com\/en\/kontakt\/?produkt=Stuhl-004\">\n\t\t\t\t\t\t<span class=\"elementor-button-content-wrapper\">\n\t\t\t\t\t\t\t\t\t<span class=\"elementor-button-text\">Contact<\/span>\n\t\t\t\t\t<\/span>\n\t\t\t\t\t<\/a>\n\t\t\t\t<\/div>\n\t\t\t\t\t\t\t\t<\/div>\n\t\t\t\t<\/div>\n\t\t\t\t<\/div>\n\t\t\t\t<\/div>\n\t\t\t\t\t<\/div>\n\t\t\t\t<\/div>\n\t\t\t\t<\/div>","protected":false},"excerpt":{"rendered":"<p>CHINA Stuhl-001 Kleine, h\u00f6fische Zeremonialbank China, sp\u00e4te Qing-Dynastie, Stabiles, braunes Hartholzgestell.H: 91 cm, SH: 54,5 cm, B: 126,5 cm, T: 38 cm Preis: 980\u00a0\u20ac Contact Stuhl-002 Eleganter Schaukelstuhl Republik China, um 1920\u20131930. Stabiles Gestell aus dunklem, trop. Hartholz, verzierte R\u00fcckenlehne, mittlere Strebe mit Drachenkartusche in feiner Reliefschnitzerei, geschwungene Sitzfl\u00e4che, ausziehbare Fu\u00dfrast. H: ca. 91 cm, [&hellip;]<\/p>\n","protected":false},"author":1,"featured_media":0,"parent":0,"menu_order":0,"comment_status":"closed","ping_status":"closed","template":"","meta":{"footnotes":""},"class_list":["post-987","page","type-page","status-publish","hentry"],"blocksy_meta":[],"aioseo_notices":[],"jetpack_sharing_enabled":true,"_links":{"self":[{"href":"https:\/\/asiatikavienna.com\/en\/wp-json\/wp\/v2\/pages\/987","targetHints":{"allow":["GET"]}}],"collection":[{"href":"https:\/\/asiatikavienna.com\/en\/wp-json\/wp\/v2\/pages"}],"about":[{"href":"https:\/\/asiatikavienna.com\/en\/wp-json\/wp\/v2\/types\/page"}],"author":[{"embeddable":true,"href":"https:\/\/asiatikavienna.com\/en\/wp-json\/wp\/v2\/users\/1"}],"replies":[{"embeddable":true,"href":"https:\/\/asiatikavienna.com\/en\/wp-json\/wp\/v2\/comments?post=987"}],"version-history":[{"count":64,"href":"https:\/\/asiatikavienna.com\/en\/wp-json\/wp\/v2\/pages\/987\/revisions"}],"predecessor-version":[{"id":6483,"href":"https:\/\/asiatikavienna.com\/en\/wp-json\/wp\/v2\/pages\/987\/revisions\/6483"}],"wp:attachment":[{"href":"https:\/\/asiatikavienna.com\/en\/wp-json\/wp\/v2\/media?parent=987"}],"curies":[{"name":"wp","href":"https:\/\/api.w.org\/{rel}","templated":true}]}}